{"id":2577,"date":"2026-04-28T14:38:52","date_gmt":"2026-04-28T18:38:52","guid":{"rendered":"https:\/\/ecomusee.qc.ca\/?page_id=2577"},"modified":"2026-04-30T11:23:12","modified_gmt":"2026-04-30T15:23:12","slug":"fundraising-campaign","status":"publish","type":"page","link":"https:\/\/ecomusee.qc.ca\/en\/fundraising-campaign\/","title":{"rendered":"Fundraising campaign"},"content":{"rendered":"<div class=\"htb htb-hero   default-margin-top  default-margin-bottom  htb-uid-1  \" >\n\t<div class=\"spacer-menu\"><\/div>\n\t<div class=\"container-fluid\">\n\t\t<div class=\"row\">\n\t\t\t<div class=\"col-12 \">\n\t\t\t\t<div class=\"content-box\">\n\t\t\t\t\t<div class=\"ico-cat-box\">\n\t\t\t\t\t\t<div class=\"ico-box\" data-aos=\"fade\" data-aos-delay=\"200\">\n\t\t\t\t\t\t\t<img decoding=\"async\" src=\"https:\/\/ecomusee.qc.ca\/wp-content\/uploads\/2026\/04\/EMFM_Formes_Forme-6_greige.svg\" alt=\"\" class=\"img-fluid\">\n\t\t\t\t\t\t<\/div>\n                                                \t\t\t\t\t<\/div>\n\n\t\t\t\t\t<div class=\"title-box-hero\" data-aos=\"fade\" data-aos-delay=\"300\">\n\t\t\t\t\t\t\t\t<h1 >Major fundraising campaign: Your living museum in the heart of Centre-Sud<\/h1>\n\t\t\t\t\t\t<\/div>\n\t\t\t\t\t\t\t\t\t\t\t<div class=\"text-content\"  data-aos=\"fade\" data-aos-delay=\"400\"><p>Target: $350,000<\/p>\n<\/div>\n\t\t\t\t\t\t\t\t\t\t<div class=\"content-top\"  data-aos=\"fade\" data-aos-delay=\"500\">\n\t\t\t\t\t\t\t<div class=\"btn-box\">\t<a class=\"btn btn-primary\" href=\"https:\/\/www.zeffy.com\/fr-CA\/donation-form\/soutenez-un-musee-dhistoire-et-un-musee-citoyen-2\" target=\"\" title=\"Contribute\"  ><span><span>Contribute<\/span><\/span><\/a>\n\t<\/div>\t\t\t\t\t\t\t\t\t\t\t\t\t<div class=\"heures-box\">2026-2028<\/div>\n\t\t\t\t\t\t\t\t\t\t\t<\/div>\n\t\t\t\t\t\t\t\t\t\t\t<div class=\"img-box\" data-aos=\"fade\" data-aos-delay=\"550\">\n\t\t\t\t\t\t\t<img decoding=\"async\" src=\"https:\/\/ecomusee.qc.ca\/wp-content\/uploads\/2026\/04\/01-detail-de-lexposition-permanente-photo-daphnee-bouchard.jpg\" alt=\"\" class=\"img-fluid\" data-credit=\"Daphn\u00e9e Bouchard\">\n<!--\t\t\t\t\t\t\t<div class=\"credits-box\"><span>--><!--<\/span><\/div>-->\n\t\t\t\t\t\t<\/div>\n\t\t\t\t\t\t\t\t\t<\/div>\n\t\t\t<\/div>\n\t\t<\/div>\n\t<\/div>\n<\/div>\n<div class='htb htb-bootstrap-container '><div class=\"wp-bootstrap-blocks-container container-xxl mb-0\">\n\t\n<div class=\"wp-bootstrap-blocks-row row\">\n\t\n\n<div class=\"col-12 col-xxl-1\">\n\t\t\t\t<\/div>\n\n\n\n<div class=\"col-12 col-lg-6 col-xl-5\">\n\t\t\t\n\n<h2 class=\"wp-block-heading\">Donate to the \u00c9comus\u00e9e du fier monde<\/h2>\n\n\t<\/div>\n\n\n\n<div class=\"col-12 col-xl-5\">\n\t\t\t\n\n<p>Given the precariousness of public funding, the development of self-financing sources has become essential. Your generosity enables the \u00c9comus\u00e9e to offer an inclusive program of exhibitions and cultural activities. As a not-for-profit organization, your donations are essential to the pursuit of our mission.  <\/p>\n\n\n\n<p>Thank you for your invaluable support!<\/p>\n\n\t<\/div>\n\n<\/div>\n\n<\/div>\n<\/div><div class='htb htb-bootstrap-container '><div class=\"wp-bootstrap-blocks-container container-xxl mb-0\">\n\t\n<div class=\"wp-bootstrap-blocks-row row\">\n\t\n\n<div class=\"col-12 col-xxl-1\">\n\t\t\t\t<\/div>\n\n\n\n<div class=\"col-12 col-lg-6 col-xl-5\">\n\t\t\t\n\n<h2 class=\"wp-block-heading\">Accessibility at the heart of the \u00c9comus\u00e9e&#8217;s mission<\/h2>\n\n\t<\/div>\n\n\n\n<div class=\"col-12 col-xl-5\">\n\t\t\t\n\n<p>For many years now, we have welcomed, free of charge or at low cost, a large number of groups made up of marginalized people or people with special challenges. We offer them a warm and respectful welcome, guided tours and other activities, without compensation. The fundraising campaign <strong><em>Your living museum in the heart of Centre-Sud<\/em><\/strong> campaign aims to raise $350,000 to<br\/>perpetuate these cultural mediation activities.  <\/p>\n\n\n\n<p>We&#8217;re counting on your support.<\/p>\n\n\t<\/div>\n\n<\/div>\n\n<\/div>\n<\/div><div class='htb htb-bootstrap-container '><div class=\"wp-bootstrap-blocks-container container-xxl mb-0\">\n\t\n<div class=\"wp-bootstrap-blocks-row row\">\n\t\n\n<div class=\"col-12 col-xxl-1\">\n\t\t\t\t<\/div>\n\n\n\n<div class=\"col-12 col-lg-6 col-xl-5\">\n\t\t\t\n\n<h2 class=\"wp-block-heading\">Preserving a heritage building<\/h2>\n\n\t<\/div>\n\n\n\n<div class=\"col-12 col-xl-5\">\n\t\t\t\n\n<p>Your donations help maintain the old<strong><a href=\"https:\/\/ecomusee.qc.ca\/en\/collection-museale\/genereux-bath\/\" type=\"museale\" id=\"259\"> G\u00e9n\u00e9reux bath, <\/a><\/strong>an almost century-old building. The preservation of this jewel of Art Deco architecture benefits the Montreal community. The bath has been converted into a museum space for the public, and Centre-Sud organizations use it for their events.  <\/p>\n\n\t<\/div>\n\n<\/div>\n\n<\/div>\n<\/div><div class=\"htb htb-texte-image    default-margin-top  default-margin-bottom  bg-color color-or  htb-uid-2  pic_left\" >\n\t<div class=\"container-xxl\">\n\t\t<div class=\"row justify-content-center\">\n\t\t\t<div class=\"col-x4l-10\">\n\t\t\t\t<div class=\"row align-items-center\">\n\t\t\t\t\t<div class=\"col-md-5 col-image \">\n\t\t\t\t\t\t\t\t\t\t\t\t\t<div class=\"img-box\" data-aos=\"fade-zoom-in\" data-aos-easing=\"ease-in-back\"\t data-aos-delay=\"300\" data-aos-offset=\"0\">\n\t\t\t\t\t\t\t\t<img decoding=\"async\" src=\"https:\/\/ecomusee.qc.ca\/wp-content\/uploads\/2026\/04\/photodaphneebouchard-15.jpg\" alt=\"\" class=\"img-fluid\" data-credit=\"\">\n<!--\t\t\t\t\t\t\t\t<div class=\"credits-box\"><span>--><!--<\/span><\/div>-->\n\t\t\t\t\t\t\t<\/div>\n\t\t\t\t\t\t\t\t\t\t\t<\/div>\n\t\t\t\t\t<div class=\"col-md-6 col-text offset-md-1 \">\n\t\t\t\t\t\t<div class=\"content-box\" data-aos=\"fade\" data-aos-delay=\"450\">\n\t\t\t\t\t\t\t\t\t\t\t\t\t\t\t<div class=\"surtitre\"><span>Major financing campaign 2026-2028<\/span><\/div>\n\t\t\t\t\t\t\t\t\t\t\t\t\t\t\t\t<h3 >Donate Now!<\/h3>\n\t\t\t\t\t\t\t\t\t\t\t\t\t\t\t<div class=\"bts-box\">\t\t<a class=\"btn btn-primary\" href=\"https:\/\/www.zeffy.com\/fr-CA\/donation-form\/soutenez-un-musee-dhistoire-et-un-musee-citoyen-2\" target=\"\" title=\"Contribute\"  ><span><span>Contribute<\/span><\/span><\/a>\n\t<\/div>\n\t\t\t\t\t\t<\/div>\n\t\t\t\t\t<\/div>\n\t\t\t\t<\/div>\n\t\t\t<\/div>\n\t\t<\/div>\n\t<\/div>\n<\/div>","protected":false},"excerpt":{"rendered":"<p>Your generosity enables the \u00c9comus\u00e9e to offer an inclusive program of exhibitions and cultural activities. As a non-profit organization, your donations are essential to the pursuit of our mission. <\/p>\n","protected":false},"author":4,"featured_media":2584,"parent":0,"menu_order":0,"comment_status":"closed","ping_status":"closed","template":"","meta":{"_acf_changed":false,"footnotes":""},"class_list":["post-2577","page","type-page","status-publish","has-post-thumbnail","hentry"],"acf":[],"yoast_head":"<!-- This site is optimized with the Yoast SEO plugin v27.4 - https:\/\/yoast.com\/product\/yoast-seo-wordpress\/ -->\n<title>Fundraising campaign &#8211; \u00c9comus\u00e9e du fier monde<\/title>\n<meta name=\"description\" content=\"Your generosity enables the \u00c9comus\u00e9e to offer an inclusive program of exhibitions and cultural activities. As a non-profit organization, your donations are essential to the pursuit of our mission.\" \/>\n<meta name=\"robots\" content=\"index, follow, max-snippet:-1, max-image-preview:large, max-video-preview:-1\" \/>\n<link rel=\"canonical\" href=\"https:\/\/ecomusee.qc.ca\/en\/fundraising-campaign\/\" \/>\n<meta property=\"og:locale\" content=\"en_US\" \/>\n<meta property=\"og:type\" content=\"article\" \/>\n<meta property=\"og:title\" content=\"Fundraising campaign &#8211; \u00c9comus\u00e9e du fier monde\" \/>\n<meta property=\"og:description\" content=\"Your generosity enables the \u00c9comus\u00e9e to offer an inclusive program of exhibitions and cultural activities. As a non-profit organization, your donations are essential to the pursuit of our mission.\" \/>\n<meta property=\"og:url\" content=\"https:\/\/ecomusee.qc.ca\/en\/fundraising-campaign\/\" \/>\n<meta property=\"og:site_name\" content=\"\u00c9comus\u00e9e du fier monde\" \/>\n<meta property=\"article:publisher\" content=\"https:\/\/www.facebook.com\/Ecomuseedufiermonde\" \/>\n<meta property=\"article:modified_time\" content=\"2026-04-30T15:23:12+00:00\" \/>\n<meta property=\"og:image\" content=\"https:\/\/ecomusee.qc.ca\/wp-content\/uploads\/2026\/04\/01-detail-de-lexposition-permanente-photo-daphnee-bouchard.jpg\" \/>\n\t<meta property=\"og:image:width\" content=\"1000\" \/>\n\t<meta property=\"og:image:height\" content=\"662\" \/>\n\t<meta property=\"og:image:type\" content=\"image\/jpeg\" \/>\n<meta name=\"twitter:card\" content=\"summary_large_image\" \/>\n<meta name=\"twitter:label1\" content=\"Est. reading time\" \/>\n\t<meta name=\"twitter:data1\" content=\"2 minutes\" \/>\n<script type=\"application\/ld+json\" class=\"yoast-schema-graph\">{\"@context\":\"https:\\\/\\\/schema.org\",\"@graph\":[{\"@type\":\"WebPage\",\"@id\":\"https:\\\/\\\/ecomusee.qc.ca\\\/en\\\/fundraising-campaign\\\/\",\"url\":\"https:\\\/\\\/ecomusee.qc.ca\\\/en\\\/fundraising-campaign\\\/\",\"name\":\"Fundraising campaign &#8211; \u00c9comus\u00e9e du fier monde\",\"isPartOf\":{\"@id\":\"https:\\\/\\\/ecomusee.qc.ca\\\/en\\\/#website\"},\"primaryImageOfPage\":{\"@id\":\"https:\\\/\\\/ecomusee.qc.ca\\\/en\\\/fundraising-campaign\\\/#primaryimage\"},\"image\":{\"@id\":\"https:\\\/\\\/ecomusee.qc.ca\\\/en\\\/fundraising-campaign\\\/#primaryimage\"},\"thumbnailUrl\":\"https:\\\/\\\/ecomusee.qc.ca\\\/wp-content\\\/uploads\\\/2026\\\/04\\\/01-detail-de-lexposition-permanente-photo-daphnee-bouchard.jpg\",\"datePublished\":\"2026-04-28T18:38:52+00:00\",\"dateModified\":\"2026-04-30T15:23:12+00:00\",\"description\":\"Your generosity enables the \u00c9comus\u00e9e to offer an inclusive program of exhibitions and cultural activities. As a non-profit organization, your donations are essential to the pursuit of our mission.\",\"breadcrumb\":{\"@id\":\"https:\\\/\\\/ecomusee.qc.ca\\\/en\\\/fundraising-campaign\\\/#breadcrumb\"},\"inLanguage\":\"en-US\",\"potentialAction\":[{\"@type\":\"ReadAction\",\"target\":[\"https:\\\/\\\/ecomusee.qc.ca\\\/en\\\/fundraising-campaign\\\/\"]}]},{\"@type\":\"ImageObject\",\"inLanguage\":\"en-US\",\"@id\":\"https:\\\/\\\/ecomusee.qc.ca\\\/en\\\/fundraising-campaign\\\/#primaryimage\",\"url\":\"https:\\\/\\\/ecomusee.qc.ca\\\/wp-content\\\/uploads\\\/2026\\\/04\\\/01-detail-de-lexposition-permanente-photo-daphnee-bouchard.jpg\",\"contentUrl\":\"https:\\\/\\\/ecomusee.qc.ca\\\/wp-content\\\/uploads\\\/2026\\\/04\\\/01-detail-de-lexposition-permanente-photo-daphnee-bouchard.jpg\",\"width\":1000,\"height\":662},{\"@type\":\"BreadcrumbList\",\"@id\":\"https:\\\/\\\/ecomusee.qc.ca\\\/en\\\/fundraising-campaign\\\/#breadcrumb\",\"itemListElement\":[{\"@type\":\"ListItem\",\"position\":1,\"name\":\"Home\",\"item\":\"https:\\\/\\\/ecomusee.qc.ca\\\/en\\\/\"},{\"@type\":\"ListItem\",\"position\":2,\"name\":\"Fundraising campaign\"}]},{\"@type\":\"WebSite\",\"@id\":\"https:\\\/\\\/ecomusee.qc.ca\\\/en\\\/#website\",\"url\":\"https:\\\/\\\/ecomusee.qc.ca\\\/en\\\/\",\"name\":\"\u00c9comus\u00e9e du fier monde\",\"description\":\"History &amp; community museum\",\"publisher\":{\"@id\":\"https:\\\/\\\/ecomusee.qc.ca\\\/en\\\/#organization\"},\"potentialAction\":[{\"@type\":\"SearchAction\",\"target\":{\"@type\":\"EntryPoint\",\"urlTemplate\":\"https:\\\/\\\/ecomusee.qc.ca\\\/en\\\/?s={search_term_string}\"},\"query-input\":{\"@type\":\"PropertyValueSpecification\",\"valueRequired\":true,\"valueName\":\"search_term_string\"}}],\"inLanguage\":\"en-US\"},{\"@type\":\"Organization\",\"@id\":\"https:\\\/\\\/ecomusee.qc.ca\\\/en\\\/#organization\",\"name\":\"\u00c9comus\u00e9e du fier monde\",\"url\":\"https:\\\/\\\/ecomusee.qc.ca\\\/en\\\/\",\"logo\":{\"@type\":\"ImageObject\",\"inLanguage\":\"en-US\",\"@id\":\"https:\\\/\\\/ecomusee.qc.ca\\\/en\\\/#\\\/schema\\\/logo\\\/image\\\/\",\"url\":\"https:\\\/\\\/ecomusee.qc.ca\\\/wp-content\\\/uploads\\\/2026\\\/04\\\/emfm-logo-rvb-horizontal-noir.png\",\"contentUrl\":\"https:\\\/\\\/ecomusee.qc.ca\\\/wp-content\\\/uploads\\\/2026\\\/04\\\/emfm-logo-rvb-horizontal-noir.png\",\"width\":2205,\"height\":444,\"caption\":\"\u00c9comus\u00e9e du fier monde\"},\"image\":{\"@id\":\"https:\\\/\\\/ecomusee.qc.ca\\\/en\\\/#\\\/schema\\\/logo\\\/image\\\/\"},\"sameAs\":[\"https:\\\/\\\/www.facebook.com\\\/Ecomuseedufiermonde\",\"https:\\\/\\\/www.instagram.com\\\/ecomusee.dufiermonde\\\/\",\"https:\\\/\\\/bsky.app\\\/profile\\\/ecomuseefiermonde.bsky.social\",\"https:\\\/\\\/www.youtube.com\\\/Ecomuseedufiermonde\",\"https:\\\/\\\/www.linkedin.com\\\/company\\\/comuse-du-fier-monde?originalSubdomain=ca\"]}]}<\/script>\n<!-- \/ Yoast SEO plugin. -->","yoast_head_json":{"title":"Fundraising campaign &#8211; \u00c9comus\u00e9e du fier monde","description":"Your generosity enables the \u00c9comus\u00e9e to offer an inclusive program of exhibitions and cultural activities. As a non-profit organization, your donations are essential to the pursuit of our mission.","robots":{"index":"index","follow":"follow","max-snippet":"max-snippet:-1","max-image-preview":"max-image-preview:large","max-video-preview":"max-video-preview:-1"},"canonical":"https:\/\/ecomusee.qc.ca\/en\/fundraising-campaign\/","og_locale":"en_US","og_type":"article","og_title":"Fundraising campaign &#8211; \u00c9comus\u00e9e du fier monde","og_description":"Your generosity enables the \u00c9comus\u00e9e to offer an inclusive program of exhibitions and cultural activities. As a non-profit organization, your donations are essential to the pursuit of our mission.","og_url":"https:\/\/ecomusee.qc.ca\/en\/fundraising-campaign\/","og_site_name":"\u00c9comus\u00e9e du fier monde","article_publisher":"https:\/\/www.facebook.com\/Ecomuseedufiermonde","article_modified_time":"2026-04-30T15:23:12+00:00","og_image":[{"width":1000,"height":662,"url":"https:\/\/ecomusee.qc.ca\/wp-content\/uploads\/2026\/04\/01-detail-de-lexposition-permanente-photo-daphnee-bouchard.jpg","type":"image\/jpeg"}],"twitter_card":"summary_large_image","twitter_misc":{"Est. reading time":"2 minutes"},"schema":{"@context":"https:\/\/schema.org","@graph":[{"@type":"WebPage","@id":"https:\/\/ecomusee.qc.ca\/en\/fundraising-campaign\/","url":"https:\/\/ecomusee.qc.ca\/en\/fundraising-campaign\/","name":"Fundraising campaign &#8211; \u00c9comus\u00e9e du fier monde","isPartOf":{"@id":"https:\/\/ecomusee.qc.ca\/en\/#website"},"primaryImageOfPage":{"@id":"https:\/\/ecomusee.qc.ca\/en\/fundraising-campaign\/#primaryimage"},"image":{"@id":"https:\/\/ecomusee.qc.ca\/en\/fundraising-campaign\/#primaryimage"},"thumbnailUrl":"https:\/\/ecomusee.qc.ca\/wp-content\/uploads\/2026\/04\/01-detail-de-lexposition-permanente-photo-daphnee-bouchard.jpg","datePublished":"2026-04-28T18:38:52+00:00","dateModified":"2026-04-30T15:23:12+00:00","description":"Your generosity enables the \u00c9comus\u00e9e to offer an inclusive program of exhibitions and cultural activities. As a non-profit organization, your donations are essential to the pursuit of our mission.","breadcrumb":{"@id":"https:\/\/ecomusee.qc.ca\/en\/fundraising-campaign\/#breadcrumb"},"inLanguage":"en-US","potentialAction":[{"@type":"ReadAction","target":["https:\/\/ecomusee.qc.ca\/en\/fundraising-campaign\/"]}]},{"@type":"ImageObject","inLanguage":"en-US","@id":"https:\/\/ecomusee.qc.ca\/en\/fundraising-campaign\/#primaryimage","url":"https:\/\/ecomusee.qc.ca\/wp-content\/uploads\/2026\/04\/01-detail-de-lexposition-permanente-photo-daphnee-bouchard.jpg","contentUrl":"https:\/\/ecomusee.qc.ca\/wp-content\/uploads\/2026\/04\/01-detail-de-lexposition-permanente-photo-daphnee-bouchard.jpg","width":1000,"height":662},{"@type":"BreadcrumbList","@id":"https:\/\/ecomusee.qc.ca\/en\/fundraising-campaign\/#breadcrumb","itemListElement":[{"@type":"ListItem","position":1,"name":"Home","item":"https:\/\/ecomusee.qc.ca\/en\/"},{"@type":"ListItem","position":2,"name":"Fundraising campaign"}]},{"@type":"WebSite","@id":"https:\/\/ecomusee.qc.ca\/en\/#website","url":"https:\/\/ecomusee.qc.ca\/en\/","name":"\u00c9comus\u00e9e du fier monde","description":"History &amp; community museum","publisher":{"@id":"https:\/\/ecomusee.qc.ca\/en\/#organization"},"potentialAction":[{"@type":"SearchAction","target":{"@type":"EntryPoint","urlTemplate":"https:\/\/ecomusee.qc.ca\/en\/?s={search_term_string}"},"query-input":{"@type":"PropertyValueSpecification","valueRequired":true,"valueName":"search_term_string"}}],"inLanguage":"en-US"},{"@type":"Organization","@id":"https:\/\/ecomusee.qc.ca\/en\/#organization","name":"\u00c9comus\u00e9e du fier monde","url":"https:\/\/ecomusee.qc.ca\/en\/","logo":{"@type":"ImageObject","inLanguage":"en-US","@id":"https:\/\/ecomusee.qc.ca\/en\/#\/schema\/logo\/image\/","url":"https:\/\/ecomusee.qc.ca\/wp-content\/uploads\/2026\/04\/emfm-logo-rvb-horizontal-noir.png","contentUrl":"https:\/\/ecomusee.qc.ca\/wp-content\/uploads\/2026\/04\/emfm-logo-rvb-horizontal-noir.png","width":2205,"height":444,"caption":"\u00c9comus\u00e9e du fier monde"},"image":{"@id":"https:\/\/ecomusee.qc.ca\/en\/#\/schema\/logo\/image\/"},"sameAs":["https:\/\/www.facebook.com\/Ecomuseedufiermonde","https:\/\/www.instagram.com\/ecomusee.dufiermonde\/","https:\/\/bsky.app\/profile\/ecomuseefiermonde.bsky.social","https:\/\/www.youtube.com\/Ecomuseedufiermonde","https:\/\/www.linkedin.com\/company\/comuse-du-fier-monde?originalSubdomain=ca"]}]}},"_links":{"self":[{"href":"https:\/\/ecomusee.qc.ca\/en\/wp-json\/wp\/v2\/pages\/2577","targetHints":{"allow":["GET"]}}],"collection":[{"href":"https:\/\/ecomusee.qc.ca\/en\/wp-json\/wp\/v2\/pages"}],"about":[{"href":"https:\/\/ecomusee.qc.ca\/en\/wp-json\/wp\/v2\/types\/page"}],"author":[{"embeddable":true,"href":"https:\/\/ecomusee.qc.ca\/en\/wp-json\/wp\/v2\/users\/4"}],"replies":[{"embeddable":true,"href":"https:\/\/ecomusee.qc.ca\/en\/wp-json\/wp\/v2\/comments?post=2577"}],"version-history":[{"count":5,"href":"https:\/\/ecomusee.qc.ca\/en\/wp-json\/wp\/v2\/pages\/2577\/revisions"}],"predecessor-version":[{"id":2608,"href":"https:\/\/ecomusee.qc.ca\/en\/wp-json\/wp\/v2\/pages\/2577\/revisions\/2608"}],"wp:featuredmedia":[{"embeddable":true,"href":"https:\/\/ecomusee.qc.ca\/en\/wp-json\/wp\/v2\/media\/2584"}],"wp:attachment":[{"href":"https:\/\/ecomusee.qc.ca\/en\/wp-json\/wp\/v2\/media?parent=2577"}],"curies":[{"name":"wp","href":"https:\/\/api.w.org\/{rel}","templated":true}]}}