{"id":1773,"date":"2026-03-11T15:54:06","date_gmt":"2026-03-11T19:54:06","guid":{"rendered":"https:\/\/ecomusee.qc.ca\/partnerships-and-sponsorships\/"},"modified":"2026-04-12T10:26:06","modified_gmt":"2026-04-12T14:26:06","slug":"partnerships-and-sponsorships","status":"publish","type":"page","link":"https:\/\/ecomusee.qc.ca\/en\/partnerships-and-sponsorships\/","title":{"rendered":"Partnerships and Sponsorships"},"content":{"rendered":"<div class=\"htb htb-hero   default-margin-top  default-margin-bottom  htb-uid-1  \" >\n\t<div class=\"spacer-menu\"><\/div>\n\t<div class=\"container-fluid\">\n\t\t<div class=\"row\">\n\t\t\t<div class=\"col-12 \">\n\t\t\t\t<div class=\"content-box\">\n\t\t\t\t\t<div class=\"ico-cat-box\">\n\t\t\t\t\t\t<div class=\"ico-box\" data-aos=\"fade\" data-aos-delay=\"200\">\n\t\t\t\t\t\t\t<img decoding=\"async\" src=\"https:\/\/ecomusee.qc.ca\/wp-content\/uploads\/2026\/03\/emfm-formes-forme-2-inverse.png\" alt=\"\" class=\"img-fluid\">\n\t\t\t\t\t\t<\/div>\n                                                \t\t\t\t\t<\/div>\n\n\t\t\t\t\t<div class=\"title-box-hero\" data-aos=\"fade\" data-aos-delay=\"300\">\n\t\t\t\t\t\t\t\t<h1 >Forging relationships<\/h1>\n\t\t\t\t\t\t<\/div>\n\t\t\t\t\t\t\t\t\t\t\t<div class=\"text-content\"  data-aos=\"fade\" data-aos-delay=\"400\"><p>Collaboration with partners is essential to the activities of the \u00c9comus\u00e9e du fier monde.<\/p>\n<\/div>\n\t\t\t\t\t\t\t\t\t\t<div class=\"content-top\"  data-aos=\"fade\" data-aos-delay=\"500\">\n\t\t\t\t\t\t\t\t\t\t\t\t\t\t\t\t\t<\/div>\n\t\t\t\t\t\t\t\t\t\t\t<div class=\"img-box\" data-aos=\"fade\" data-aos-delay=\"550\">\n\t\t\t\t\t\t\t<img decoding=\"async\" src=\"https:\/\/ecomusee.qc.ca\/wp-content\/uploads\/2026\/03\/photodaphneebouchard-53-fantastiques.jpg\" alt=\"\" class=\"img-fluid\" data-credit=\"Daphn\u00e9e Bouchard \">\n<!--\t\t\t\t\t\t\t<div class=\"credits-box\"><span>--><!--<\/span><\/div>-->\n\t\t\t\t\t\t<\/div>\n\t\t\t\t\t\t\t\t\t<\/div>\n\t\t\t<\/div>\n\t\t<\/div>\n\t<\/div>\n<\/div>\n<div class='htb htb-bootstrap-container '><div class=\"wp-bootstrap-blocks-container container-xxl mb-0\">\n\t\n<div class=\"wp-bootstrap-blocks-row row\">\n\t\n\n<div class=\"col-12 col-xxl-1\">\n\t\t\t\t<\/div>\n\n\n\n<div class=\"col-12 col-lg-6 col-xl-5\">\n\t\t\t\n\n<h2 class=\"wp-block-heading\">Active partnerships<\/h2>\n\n\t<\/div>\n\n\n\n<div class=\"col-12 col-xl-5\">\n\t\t\t\n\n<p>At the \u00c9comus\u00e9e, we are committed to fostering partnerships in our work and projects in order to contribute to the development of our ecomuseum territory. Collaborations with local stakeholders (cultural or community organizations, citizen groups, artists, academia) can take many forms: research projects, exhibitions, mediation activities, cultural events. <\/p>\n\n\t<\/div>\n\n<\/div>\n\n<\/div>\n<\/div><div class=\"htb htb-carrousel-logos   default-margin-top  default-margin-bottom  htb-uid-2 \" >\n\t\t<div class=\"container-xxl htb_intro_container\">\n\t\t<div class=\"row justify-content-center\">\n\t\t\t<div class=\"col-xl-8 col-xxxl-6 col-intro\">\n\t\t\t\t\t\t\t\t\t<div class=\"title-box\" data-aos=\"fade-zoom-in\" data-aos-easing=\"ease-in-back\" data-aos-delay=\"50\" data-aos-offset=\"0\">\n\t\t\t\t\t\t\t\t<h2 >Thank you for your support! <\/h2>\n\t\t\t\t\t\t<\/div>\n\t\t\t\t\t\t\t\t\t\t\t\t\t<div class=\"subtitle-box\"  data-aos=\"fade-zoom-in\" data-aos-easing=\"ease-in-back\" data-aos-delay=\"150\" data-aos-offset=\"0\">\n\t\t\t\t\t\t<p>The \u00c9comus\u00e9e would like to thank the Quebec Ministry of Culture and Communications and the Montreal Arts Council for their annual contribution to its operations.<\/p>\n\t\t\t\t\t<\/div>\n\t\t\t\t\t\t\t\t<div class=\"bts-box\"><\/div>\n\t\t\t<\/div>\n\t\t<\/div>\n\t<\/div>\n\t\t\t<div class=\"swiper-container \" data-skin=\"logos\"\n\n             data-logos-size=\"standard\"\n             data-logos-per-view-mobile=\"2\"\n             data-logos-per-view-tablet=\"2\"\n             data-logos-per-view-desktop=\"2\"\n             data-logos-per-view-large-desktop=\"2\"\n             data-aos=\"fade-zoom-in\" data-aos-easing=\"ease-in-back\" data-aos-delay=\"100\" data-aos-offset=\"0\" >\n\t\t\t<div class=\"swiper\">\n\t\t\t\t<div class=\"swiper-wrapper\">\n\t\t\t\t\t\t\t\t\t\t\t<div class=\"swiper-slide\">\n\t\t\t\t\t\t\t\t\t\t\t\t\t\t\t\t\t\t\t\t\t\t\t<div class=\"img-box\">\n\t\t\t\t\t\t\t\t\t<img decoding=\"async\" src=\"https:\/\/ecomusee.qc.ca\/wp-content\/uploads\/2026\/02\/quebec_noir-1.svg\" alt=\"\" class=\"\"\/>\n\t\t\t\t\t\t\t\t<\/div>\n\t\t\t\t\t\t\t\t\t\t\t\t\t\t\t\t\t\t\t\t\t<\/div>\n\t\t\t\t\t\t\t\t\t\t\t<div class=\"swiper-slide\">\n\t\t\t\t\t\t\t\t\t\t\t\t\t\t\t\t\t\t\t\t\t\t\t<div class=\"img-box\">\n\t\t\t\t\t\t\t\t\t<img decoding=\"async\" src=\"https:\/\/ecomusee.qc.ca\/wp-content\/uploads\/2026\/03\/noir-logo-cammontreal.jpg\" alt=\"\" class=\"\"\/>\n\t\t\t\t\t\t\t\t<\/div>\n\t\t\t\t\t\t\t\t\t\t\t\t\t\t\t\t\t\t\t\t\t<\/div>\n\t\t\t\t\t\t\t\t\t<\/div>\n\t\t\t<\/div>\n\t\t\t<!--\t\t\t<div class=\"swiper-pagination\"><\/div>-->\n\t\t\t<div class=\"swiper-nav\">\n\t\t\t\t<div class=\"swiper-button swiper-button-prev\"><\/div>\n\t\t\t\t<div class=\"swiper-button swiper-button-next\"><\/div>\n\t\t\t<\/div>\n\t\t<\/div>\n\t<\/div>\n<div class=\"htb htb-carrousel-logos   default-margin-top  default-margin-bottom  htb-uid-3 \" >\n\t\t<div class=\"container-xxl htb_intro_container\">\n\t\t<div class=\"row justify-content-center\">\n\t\t\t<div class=\"col-xl-8 col-xxxl-6 col-intro\">\n\t\t\t\t\t\t\t\t\t<div class=\"title-box\" data-aos=\"fade-zoom-in\" data-aos-easing=\"ease-in-back\" data-aos-delay=\"50\" data-aos-offset=\"0\">\n\t\t\t\t\t\t\t\t<h2 >Some key partners<\/h2>\n\t\t\t\t\t\t<\/div>\n\t\t\t\t\t\t\t\t\t\t\t\t\t<div class=\"subtitle-box\"  data-aos=\"fade-zoom-in\" data-aos-easing=\"ease-in-back\" data-aos-delay=\"150\" data-aos-offset=\"0\">\n\t\t\t\t\t\t<p>The \u00c9comus\u00e9e is fortunate to have several long-standing partners.<\/p>\n\t\t\t\t\t<\/div>\n\t\t\t\t\t\t\t\t<div class=\"bts-box\"><\/div>\n\t\t\t<\/div>\n\t\t<\/div>\n\t<\/div>\n\t\t\t<div class=\"swiper-container \" data-skin=\"logos\"\n\n             data-logos-size=\"standard\"\n             data-logos-per-view-mobile=\"2\"\n             data-logos-per-view-tablet=\"2\"\n             data-logos-per-view-desktop=\"3\"\n             data-logos-per-view-large-desktop=\"4\"\n             data-aos=\"fade-zoom-in\" data-aos-easing=\"ease-in-back\" data-aos-delay=\"100\" data-aos-offset=\"0\" >\n\t\t\t<div class=\"swiper\">\n\t\t\t\t<div class=\"swiper-wrapper\">\n\t\t\t\t\t\t\t\t\t\t\t<div class=\"swiper-slide\">\n\t\t\t\t\t\t\t\t\t\t\t\t\t\t\t\t\t\t\t\t\t\t\t<div class=\"img-box\">\n\t\t\t\t\t\t\t\t\t<img decoding=\"async\" src=\"https:\/\/ecomusee.qc.ca\/wp-content\/uploads\/2026\/03\/nouveau-logo.jpg\" alt=\"\" class=\"\"\/>\n\t\t\t\t\t\t\t\t<\/div>\n\t\t\t\t\t\t\t\t\t\t\t\t\t\t\t\t\t\t\t\t\t<\/div>\n\t\t\t\t\t\t\t\t\t\t\t<div class=\"swiper-slide\">\n\t\t\t\t\t\t\t\t\t\t\t\t\t\t\t\t\t\t\t\t\t\t\t<div class=\"img-box\">\n\t\t\t\t\t\t\t\t\t<img decoding=\"async\" src=\"https:\/\/ecomusee.qc.ca\/wp-content\/uploads\/2026\/03\/lesfaubourgs-logo-rgb-rouge.png\" alt=\"\" class=\"\"\/>\n\t\t\t\t\t\t\t\t<\/div>\n\t\t\t\t\t\t\t\t\t\t\t\t\t\t\t\t\t\t\t\t\t<\/div>\n\t\t\t\t\t\t\t\t\t\t\t<div class=\"swiper-slide\">\n\t\t\t\t\t\t\t\t\t\t\t\t\t\t\t\t\t\t\t\t\t\t\t<div class=\"img-box\">\n\t\t\t\t\t\t\t\t\t<img decoding=\"async\" src=\"https:\/\/ecomusee.qc.ca\/wp-content\/uploads\/2026\/03\/sac-uqam-pleinepage.png\" alt=\"\" class=\"\"\/>\n\t\t\t\t\t\t\t\t<\/div>\n\t\t\t\t\t\t\t\t\t\t\t\t\t\t\t\t\t\t\t\t\t<\/div>\n\t\t\t\t\t\t\t\t\t\t\t<div class=\"swiper-slide\">\n\t\t\t\t\t\t\t\t\t\t\t\t\t\t\t\t\t\t\t\t\t\t\t<div class=\"img-box\">\n\t\t\t\t\t\t\t\t\t<img decoding=\"async\" src=\"https:\/\/ecomusee.qc.ca\/wp-content\/uploads\/2026\/03\/logoatelier.png\" alt=\"\" class=\"\"\/>\n\t\t\t\t\t\t\t\t<\/div>\n\t\t\t\t\t\t\t\t\t\t\t\t\t\t\t\t\t\t\t\t\t<\/div>\n\t\t\t\t\t\t\t\t\t<\/div>\n\t\t\t<\/div>\n\t\t\t<!--\t\t\t<div class=\"swiper-pagination\"><\/div>-->\n\t\t\t<div class=\"swiper-nav\">\n\t\t\t\t<div class=\"swiper-button swiper-button-prev\"><\/div>\n\t\t\t\t<div class=\"swiper-button swiper-button-next\"><\/div>\n\t\t\t<\/div>\n\t\t<\/div>\n\t<\/div>\n<div class='htb htb-bootstrap-container '><div class=\"wp-bootstrap-blocks-container container-xxl mb-0\">\n\t\n<div class=\"wp-bootstrap-blocks-row row\">\n\t\n\n<div class=\"col-12 col-xxl-1\">\n\t\t\t\t<\/div>\n\n\n\n<div class=\"col-12 col-lg-6 col-xl-5\">\n\t\t\t\n\n<h2 class=\"wp-block-heading\">Sponsorships<\/h2>\n\n\t<\/div>\n\n\n\n<div class=\"col-12 col-xl-5\">\n\t\t\t\n\n<p>If you would like the \u00c9comus\u00e9e to contribute to an auction, community event, or fundraiser, please send your request to <a href=\"mailto:partenariat@ecomusee.qc.ca\">partenariat@ecomusee.qc.ca<\/a>.<\/p>\n\n\t<\/div>\n\n<\/div>\n\n<\/div>\n<\/div>","protected":false},"excerpt":{"rendered":"<p>At the \u00c9comus\u00e9e, we are committed to fostering partnerships in our work and projects in order to contribute to the development of our ecomuseum territory. Collaborations with local stakeholders (cultural or community organizations, citizen groups, artists, academia) can take many forms: research projects, exhibitions, mediation activities, cultural events. <\/p>\n","protected":false},"author":3,"featured_media":1772,"parent":0,"menu_order":0,"comment_status":"closed","ping_status":"closed","template":"","meta":{"_acf_changed":false,"footnotes":""},"class_list":["post-1773","page","type-page","status-publish","has-post-thumbnail","hentry"],"acf":[],"yoast_head":"<!-- This site is optimized with the Yoast SEO plugin v27.4 - https:\/\/yoast.com\/product\/yoast-seo-wordpress\/ -->\n<title>Partnerships and Sponsorships &#8211; \u00c9comus\u00e9e du fier monde<\/title>\n<meta name=\"description\" content=\"At the \u00c9comus\u00e9e, we are committed to fostering partnerships in our work and projects to contribute to the development of our ecomuseum territory.\" \/>\n<meta name=\"robots\" content=\"index, follow, max-snippet:-1, max-image-preview:large, max-video-preview:-1\" \/>\n<link rel=\"canonical\" href=\"https:\/\/ecomusee.qc.ca\/en\/partnerships-and-sponsorships\/\" \/>\n<meta property=\"og:locale\" content=\"en_US\" \/>\n<meta property=\"og:type\" content=\"article\" \/>\n<meta property=\"og:title\" content=\"Partnerships and Sponsorships &#8211; \u00c9comus\u00e9e du fier monde\" \/>\n<meta property=\"og:description\" content=\"At the \u00c9comus\u00e9e, we are committed to fostering partnerships in our work and projects to contribute to the development of our ecomuseum territory.\" \/>\n<meta property=\"og:url\" content=\"https:\/\/ecomusee.qc.ca\/en\/partnerships-and-sponsorships\/\" \/>\n<meta property=\"og:site_name\" content=\"\u00c9comus\u00e9e du fier monde\" \/>\n<meta property=\"article:publisher\" content=\"https:\/\/www.facebook.com\/Ecomuseedufiermonde\" \/>\n<meta property=\"article:modified_time\" content=\"2026-04-12T14:26:06+00:00\" \/>\n<meta property=\"og:image\" content=\"https:\/\/ecomusee.qc.ca\/wp-content\/uploads\/2026\/03\/photodaphneebouchard-53-fantastiques.jpg\" \/>\n\t<meta property=\"og:image:width\" content=\"2560\" \/>\n\t<meta property=\"og:image:height\" content=\"1703\" \/>\n\t<meta property=\"og:image:type\" content=\"image\/jpeg\" \/>\n<meta name=\"twitter:card\" content=\"summary_large_image\" \/>\n<meta name=\"twitter:label1\" content=\"Est. reading time\" \/>\n\t<meta name=\"twitter:data1\" content=\"1 minute\" \/>\n<script type=\"application\/ld+json\" class=\"yoast-schema-graph\">{\"@context\":\"https:\\\/\\\/schema.org\",\"@graph\":[{\"@type\":\"WebPage\",\"@id\":\"https:\\\/\\\/ecomusee.qc.ca\\\/en\\\/partnerships-and-sponsorships\\\/\",\"url\":\"https:\\\/\\\/ecomusee.qc.ca\\\/en\\\/partnerships-and-sponsorships\\\/\",\"name\":\"Partnerships and Sponsorships &#8211; \u00c9comus\u00e9e du fier monde\",\"isPartOf\":{\"@id\":\"https:\\\/\\\/ecomusee.qc.ca\\\/en\\\/#website\"},\"primaryImageOfPage\":{\"@id\":\"https:\\\/\\\/ecomusee.qc.ca\\\/en\\\/partnerships-and-sponsorships\\\/#primaryimage\"},\"image\":{\"@id\":\"https:\\\/\\\/ecomusee.qc.ca\\\/en\\\/partnerships-and-sponsorships\\\/#primaryimage\"},\"thumbnailUrl\":\"https:\\\/\\\/ecomusee.qc.ca\\\/wp-content\\\/uploads\\\/2026\\\/03\\\/photodaphneebouchard-53-fantastiques.jpg\",\"datePublished\":\"2026-03-11T19:54:06+00:00\",\"dateModified\":\"2026-04-12T14:26:06+00:00\",\"description\":\"At the \u00c9comus\u00e9e, we are committed to fostering partnerships in our work and projects to contribute to the development of our ecomuseum territory.\",\"breadcrumb\":{\"@id\":\"https:\\\/\\\/ecomusee.qc.ca\\\/en\\\/partnerships-and-sponsorships\\\/#breadcrumb\"},\"inLanguage\":\"en-US\",\"potentialAction\":[{\"@type\":\"ReadAction\",\"target\":[\"https:\\\/\\\/ecomusee.qc.ca\\\/en\\\/partnerships-and-sponsorships\\\/\"]}]},{\"@type\":\"ImageObject\",\"inLanguage\":\"en-US\",\"@id\":\"https:\\\/\\\/ecomusee.qc.ca\\\/en\\\/partnerships-and-sponsorships\\\/#primaryimage\",\"url\":\"https:\\\/\\\/ecomusee.qc.ca\\\/wp-content\\\/uploads\\\/2026\\\/03\\\/photodaphneebouchard-53-fantastiques.jpg\",\"contentUrl\":\"https:\\\/\\\/ecomusee.qc.ca\\\/wp-content\\\/uploads\\\/2026\\\/03\\\/photodaphneebouchard-53-fantastiques.jpg\",\"width\":2560,\"height\":1703},{\"@type\":\"BreadcrumbList\",\"@id\":\"https:\\\/\\\/ecomusee.qc.ca\\\/en\\\/partnerships-and-sponsorships\\\/#breadcrumb\",\"itemListElement\":[{\"@type\":\"ListItem\",\"position\":1,\"name\":\"Home\",\"item\":\"https:\\\/\\\/ecomusee.qc.ca\\\/en\\\/\"},{\"@type\":\"ListItem\",\"position\":2,\"name\":\"Partnerships and Sponsorships\"}]},{\"@type\":\"WebSite\",\"@id\":\"https:\\\/\\\/ecomusee.qc.ca\\\/en\\\/#website\",\"url\":\"https:\\\/\\\/ecomusee.qc.ca\\\/en\\\/\",\"name\":\"\u00c9comus\u00e9e du fier monde\",\"description\":\"History &amp; community museum\",\"publisher\":{\"@id\":\"https:\\\/\\\/ecomusee.qc.ca\\\/en\\\/#organization\"},\"potentialAction\":[{\"@type\":\"SearchAction\",\"target\":{\"@type\":\"EntryPoint\",\"urlTemplate\":\"https:\\\/\\\/ecomusee.qc.ca\\\/en\\\/?s={search_term_string}\"},\"query-input\":{\"@type\":\"PropertyValueSpecification\",\"valueRequired\":true,\"valueName\":\"search_term_string\"}}],\"inLanguage\":\"en-US\"},{\"@type\":\"Organization\",\"@id\":\"https:\\\/\\\/ecomusee.qc.ca\\\/en\\\/#organization\",\"name\":\"\u00c9comus\u00e9e du fier monde\",\"url\":\"https:\\\/\\\/ecomusee.qc.ca\\\/en\\\/\",\"logo\":{\"@type\":\"ImageObject\",\"inLanguage\":\"en-US\",\"@id\":\"https:\\\/\\\/ecomusee.qc.ca\\\/en\\\/#\\\/schema\\\/logo\\\/image\\\/\",\"url\":\"https:\\\/\\\/ecomusee.qc.ca\\\/wp-content\\\/uploads\\\/2026\\\/04\\\/emfm-logo-rvb-horizontal-noir.png\",\"contentUrl\":\"https:\\\/\\\/ecomusee.qc.ca\\\/wp-content\\\/uploads\\\/2026\\\/04\\\/emfm-logo-rvb-horizontal-noir.png\",\"width\":2205,\"height\":444,\"caption\":\"\u00c9comus\u00e9e du fier monde\"},\"image\":{\"@id\":\"https:\\\/\\\/ecomusee.qc.ca\\\/en\\\/#\\\/schema\\\/logo\\\/image\\\/\"},\"sameAs\":[\"https:\\\/\\\/www.facebook.com\\\/Ecomuseedufiermonde\",\"https:\\\/\\\/www.instagram.com\\\/ecomusee.dufiermonde\\\/\",\"https:\\\/\\\/bsky.app\\\/profile\\\/ecomuseefiermonde.bsky.social\",\"https:\\\/\\\/www.youtube.com\\\/Ecomuseedufiermonde\",\"https:\\\/\\\/www.linkedin.com\\\/company\\\/comuse-du-fier-monde?originalSubdomain=ca\"]}]}<\/script>\n<!-- \/ Yoast SEO plugin. -->","yoast_head_json":{"title":"Partnerships and Sponsorships &#8211; \u00c9comus\u00e9e du fier monde","description":"At the \u00c9comus\u00e9e, we are committed to fostering partnerships in our work and projects to contribute to the development of our ecomuseum territory.","robots":{"index":"index","follow":"follow","max-snippet":"max-snippet:-1","max-image-preview":"max-image-preview:large","max-video-preview":"max-video-preview:-1"},"canonical":"https:\/\/ecomusee.qc.ca\/en\/partnerships-and-sponsorships\/","og_locale":"en_US","og_type":"article","og_title":"Partnerships and Sponsorships &#8211; \u00c9comus\u00e9e du fier monde","og_description":"At the \u00c9comus\u00e9e, we are committed to fostering partnerships in our work and projects to contribute to the development of our ecomuseum territory.","og_url":"https:\/\/ecomusee.qc.ca\/en\/partnerships-and-sponsorships\/","og_site_name":"\u00c9comus\u00e9e du fier monde","article_publisher":"https:\/\/www.facebook.com\/Ecomuseedufiermonde","article_modified_time":"2026-04-12T14:26:06+00:00","og_image":[{"width":2560,"height":1703,"url":"https:\/\/ecomusee.qc.ca\/wp-content\/uploads\/2026\/03\/photodaphneebouchard-53-fantastiques.jpg","type":"image\/jpeg"}],"twitter_card":"summary_large_image","twitter_misc":{"Est. reading time":"1 minute"},"schema":{"@context":"https:\/\/schema.org","@graph":[{"@type":"WebPage","@id":"https:\/\/ecomusee.qc.ca\/en\/partnerships-and-sponsorships\/","url":"https:\/\/ecomusee.qc.ca\/en\/partnerships-and-sponsorships\/","name":"Partnerships and Sponsorships &#8211; \u00c9comus\u00e9e du fier monde","isPartOf":{"@id":"https:\/\/ecomusee.qc.ca\/en\/#website"},"primaryImageOfPage":{"@id":"https:\/\/ecomusee.qc.ca\/en\/partnerships-and-sponsorships\/#primaryimage"},"image":{"@id":"https:\/\/ecomusee.qc.ca\/en\/partnerships-and-sponsorships\/#primaryimage"},"thumbnailUrl":"https:\/\/ecomusee.qc.ca\/wp-content\/uploads\/2026\/03\/photodaphneebouchard-53-fantastiques.jpg","datePublished":"2026-03-11T19:54:06+00:00","dateModified":"2026-04-12T14:26:06+00:00","description":"At the \u00c9comus\u00e9e, we are committed to fostering partnerships in our work and projects to contribute to the development of our ecomuseum territory.","breadcrumb":{"@id":"https:\/\/ecomusee.qc.ca\/en\/partnerships-and-sponsorships\/#breadcrumb"},"inLanguage":"en-US","potentialAction":[{"@type":"ReadAction","target":["https:\/\/ecomusee.qc.ca\/en\/partnerships-and-sponsorships\/"]}]},{"@type":"ImageObject","inLanguage":"en-US","@id":"https:\/\/ecomusee.qc.ca\/en\/partnerships-and-sponsorships\/#primaryimage","url":"https:\/\/ecomusee.qc.ca\/wp-content\/uploads\/2026\/03\/photodaphneebouchard-53-fantastiques.jpg","contentUrl":"https:\/\/ecomusee.qc.ca\/wp-content\/uploads\/2026\/03\/photodaphneebouchard-53-fantastiques.jpg","width":2560,"height":1703},{"@type":"BreadcrumbList","@id":"https:\/\/ecomusee.qc.ca\/en\/partnerships-and-sponsorships\/#breadcrumb","itemListElement":[{"@type":"ListItem","position":1,"name":"Home","item":"https:\/\/ecomusee.qc.ca\/en\/"},{"@type":"ListItem","position":2,"name":"Partnerships and Sponsorships"}]},{"@type":"WebSite","@id":"https:\/\/ecomusee.qc.ca\/en\/#website","url":"https:\/\/ecomusee.qc.ca\/en\/","name":"\u00c9comus\u00e9e du fier monde","description":"History &amp; community museum","publisher":{"@id":"https:\/\/ecomusee.qc.ca\/en\/#organization"},"potentialAction":[{"@type":"SearchAction","target":{"@type":"EntryPoint","urlTemplate":"https:\/\/ecomusee.qc.ca\/en\/?s={search_term_string}"},"query-input":{"@type":"PropertyValueSpecification","valueRequired":true,"valueName":"search_term_string"}}],"inLanguage":"en-US"},{"@type":"Organization","@id":"https:\/\/ecomusee.qc.ca\/en\/#organization","name":"\u00c9comus\u00e9e du fier monde","url":"https:\/\/ecomusee.qc.ca\/en\/","logo":{"@type":"ImageObject","inLanguage":"en-US","@id":"https:\/\/ecomusee.qc.ca\/en\/#\/schema\/logo\/image\/","url":"https:\/\/ecomusee.qc.ca\/wp-content\/uploads\/2026\/04\/emfm-logo-rvb-horizontal-noir.png","contentUrl":"https:\/\/ecomusee.qc.ca\/wp-content\/uploads\/2026\/04\/emfm-logo-rvb-horizontal-noir.png","width":2205,"height":444,"caption":"\u00c9comus\u00e9e du fier monde"},"image":{"@id":"https:\/\/ecomusee.qc.ca\/en\/#\/schema\/logo\/image\/"},"sameAs":["https:\/\/www.facebook.com\/Ecomuseedufiermonde","https:\/\/www.instagram.com\/ecomusee.dufiermonde\/","https:\/\/bsky.app\/profile\/ecomuseefiermonde.bsky.social","https:\/\/www.youtube.com\/Ecomuseedufiermonde","https:\/\/www.linkedin.com\/company\/comuse-du-fier-monde?originalSubdomain=ca"]}]}},"_links":{"self":[{"href":"https:\/\/ecomusee.qc.ca\/en\/wp-json\/wp\/v2\/pages\/1773","targetHints":{"allow":["GET"]}}],"collection":[{"href":"https:\/\/ecomusee.qc.ca\/en\/wp-json\/wp\/v2\/pages"}],"about":[{"href":"https:\/\/ecomusee.qc.ca\/en\/wp-json\/wp\/v2\/types\/page"}],"author":[{"embeddable":true,"href":"https:\/\/ecomusee.qc.ca\/en\/wp-json\/wp\/v2\/users\/3"}],"replies":[{"embeddable":true,"href":"https:\/\/ecomusee.qc.ca\/en\/wp-json\/wp\/v2\/comments?post=1773"}],"version-history":[{"count":8,"href":"https:\/\/ecomusee.qc.ca\/en\/wp-json\/wp\/v2\/pages\/1773\/revisions"}],"predecessor-version":[{"id":2298,"href":"https:\/\/ecomusee.qc.ca\/en\/wp-json\/wp\/v2\/pages\/1773\/revisions\/2298"}],"wp:featuredmedia":[{"embeddable":true,"href":"https:\/\/ecomusee.qc.ca\/en\/wp-json\/wp\/v2\/media\/1772"}],"wp:attachment":[{"href":"https:\/\/ecomusee.qc.ca\/en\/wp-json\/wp\/v2\/media?parent=1773"}],"curies":[{"name":"wp","href":"https:\/\/api.w.org\/{rel}","templated":true}]}}