{"id":1756,"date":"2026-03-11T15:44:30","date_gmt":"2026-03-11T19:44:30","guid":{"rendered":"https:\/\/ecomusee.qc.ca\/our-team\/"},"modified":"2026-04-13T16:49:04","modified_gmt":"2026-04-13T20:49:04","slug":"our-team","status":"publish","type":"page","link":"https:\/\/ecomusee.qc.ca\/en\/our-team\/","title":{"rendered":"Our Team"},"content":{"rendered":"<div class=\"htb htb-hero   default-margin-top  default-margin-bottom  htb-uid-1  \" >\n\t<div class=\"spacer-menu\"><\/div>\n\t<div class=\"container-fluid\">\n\t\t<div class=\"row\">\n\t\t\t<div class=\"col-12 \">\n\t\t\t\t<div class=\"content-box\">\n\t\t\t\t\t<div class=\"ico-cat-box\">\n\t\t\t\t\t\t<div class=\"ico-box\" data-aos=\"fade\" data-aos-delay=\"200\">\n\t\t\t\t\t\t\t<img decoding=\"async\" src=\"https:\/\/ecomusee.qc.ca\/wp-content\/uploads\/2026\/04\/emfm-formes-forme-6-inverse.png\" alt=\"\" class=\"img-fluid\">\n\t\t\t\t\t\t<\/div>\n                                                \t\t\t\t\t<\/div>\n\n\t\t\t\t\t<div class=\"title-box-hero\" data-aos=\"fade\" data-aos-delay=\"300\">\n\t\t\t\t\t\t\t\t<h1 >Meet our team<\/h1>\n\t\t\t\t\t\t<\/div>\n\t\t\t\t\t\t\t\t\t\t\t<div class=\"text-content\"  data-aos=\"fade\" data-aos-delay=\"400\"><p>From left to right: Camille Choini\u00e8re, Camille Mahdavian, \u00c9ric Giroux, Manon Belleville, \u00c9milie Allain, and Sandrine H\u00e9roux<\/p>\n<\/div>\n\t\t\t\t\t\t\t\t\t\t<div class=\"content-top\"  data-aos=\"fade\" data-aos-delay=\"500\">\n\t\t\t\t\t\t\t\t\t\t\t\t\t\t\t\t\t<\/div>\n\t\t\t\t\t\t\t\t\t\t\t<div class=\"img-box\" data-aos=\"fade\" data-aos-delay=\"550\">\n\t\t\t\t\t\t\t<img decoding=\"async\" src=\"https:\/\/ecomusee.qc.ca\/wp-content\/uploads\/2026\/03\/photodaphneebouchard-01.jpg\" alt=\"\" class=\"img-fluid\" data-credit=\"Daphn\u00e9e Bouchard\">\n<!--\t\t\t\t\t\t\t<div class=\"credits-box\"><span>--><!--<\/span><\/div>-->\n\t\t\t\t\t\t<\/div>\n\t\t\t\t\t\t\t\t\t<\/div>\n\t\t\t<\/div>\n\t\t<\/div>\n\t<\/div>\n<\/div>\n\n\n<div class=\"htb htb-accordeon-henri   default-margin-top  default-margin-bottom  htb-uid-10 \" >\n\t<div class=\"container-xxl\">\n\t\t<div class=\"row justify-content-center\">\n\t\t\t<div class=\"col-x4l-10\">\n\t\t\t\t<div class=\"row\">\n\t\t\t\t\t<div class=\"col-xl-6\">\n\t\t\t\t\t\t\t<div class=\"container-xxl htb_intro_container\">\n\t\t<div class=\"row justify-content-center\">\n\t\t\t<div class=\"col-xl-8 col-xxxl-6 col-intro\">\n\t\t\t\t\t\t\t\t\t<div class=\"title-box\" data-aos=\"fade-zoom-in\" data-aos-easing=\"ease-in-back\" data-aos-delay=\"50\" data-aos-offset=\"0\">\n\t\t\t\t\t\t\t\t<h2 >The \u00c9comus\u00e9e team<\/h2>\n\t\t\t\t\t\t<\/div>\n\t\t\t\t\t\t\t\t\t\t\t\t\t<div class=\"subtitle-box\"  data-aos=\"fade-zoom-in\" data-aos-easing=\"ease-in-back\" data-aos-delay=\"150\" data-aos-offset=\"0\">\n\t\t\t\t\t\t<p>The \u00c9comus\u00e9e is run by a passionate team committed to promoting the culture and heritage of the neighbourhood.<br \/>\n<span style=\"font-weight: 400;\">Get to know us! <\/span> <\/p>\n\t\t\t\t\t<\/div>\n\t\t\t\t\t\t\t\t<div class=\"bts-box\"><\/div>\n\t\t\t<\/div>\n\t\t<\/div>\n\t<\/div>\n\t\t\t\t\t<\/div>\n\t\t\t\t\t<div class=\"col-xl-6\">\n\t\t\t\t\t\t<div class=\"accordion\" id=\"accordion_henri_2\">\n\t\t\t\t\t\t\t\n<div class=\"htb htb-accordeon-henri-item   default-margin-top  default-margin-bottom  htb-uid-2  accordion-item\" >\n\t<h2 class=\"accordion-header\" id=\"accordeon_heading_2\">\n\t\t<button class=\"accordion-button \" type=\"button\" data-bs-toggle=\"collapse\" data-bs-target=\"#henri_collapse_0\" aria-expanded=\"true\" aria-controls=\"henri_collapse_0\">\n\t\t\t\u00c9ric Giroux, Director\t\t<\/button>\n\t<\/h2>\n\t<div id=\"henri_collapse_0\" class=\"accordion-collapse collapse show\" aria-labelledby=\"accordeon_heading_2\" data-bs-parent=\"#accordion_henri_2\">\n\t\t<div class=\"accordion-body\">\n\t\t\t\n\n<p><a href=\"mailto:direction@ecomusee.qc.ca\">direction@ecomusee.qc.ca<\/a><\/p>\n\n\n\t\t<\/div>\n\t<\/div>\n<\/div>\n\n\n<div class=\"htb htb-accordeon-henri-item   default-margin-top  default-margin-bottom  htb-uid-3  accordion-item\" >\n\t<h2 class=\"accordion-header\" id=\"accordeon_heading_3\">\n\t\t<button class=\"accordion-button collapsed\" type=\"button\" data-bs-toggle=\"collapse\" data-bs-target=\"#henri_collapse_1\" aria-expanded=\"true\" aria-controls=\"henri_collapse_1\">\n\t\t\tCamille Mahdavian, Reception Manager and Museum Collections\t\t<\/button>\n\t<\/h2>\n\t<div id=\"henri_collapse_1\" class=\"accordion-collapse collapse \" aria-labelledby=\"accordeon_heading_3\" data-bs-parent=\"#accordion_henri_2\">\n\t\t<div class=\"accordion-body\">\n\t\t\t\n\n<p><em>Useful information, venue rental and museum collection management<\/em><br><a href=\"mailto:info@ecomusee.qc.ca\">info@ecomusee.qc.ca<\/a><\/p>\n\n\n\t\t<\/div>\n\t<\/div>\n<\/div>\n\n\n<div class=\"htb htb-accordeon-henri-item   default-margin-top  default-margin-bottom  htb-uid-4  accordion-item\" >\n\t<h2 class=\"accordion-header\" id=\"accordeon_heading_4\">\n\t\t<button class=\"accordion-button collapsed\" type=\"button\" data-bs-toggle=\"collapse\" data-bs-target=\"#henri_collapse_2\" aria-expanded=\"true\" aria-controls=\"henri_collapse_2\">\n\t\t\tCamille Choini\u00e8re, Head of Education, Cultural Mediation, and Accessibility \t\t<\/button>\n\t<\/h2>\n\t<div id=\"henri_collapse_2\" class=\"accordion-collapse collapse \" aria-labelledby=\"accordeon_heading_4\" data-bs-parent=\"#accordion_henri_2\">\n\t\t<div class=\"accordion-body\">\n\t\t\t\n\n<p><em><em>School and community group visits, cultural mediation, and museum accessibility<\/em><\/em><br><a href=\"mailto:info@ecomusee.qc.ca\">education@ecomusee.qc.ca<\/a><\/p>\n\n\n\t\t<\/div>\n\t<\/div>\n<\/div>\n\n\n<div class=\"htb htb-accordeon-henri-item   default-margin-top  default-margin-bottom  htb-uid-5  accordion-item\" >\n\t<h2 class=\"accordion-header\" id=\"accordeon_heading_5\">\n\t\t<button class=\"accordion-button collapsed\" type=\"button\" data-bs-toggle=\"collapse\" data-bs-target=\"#henri_collapse_3\" aria-expanded=\"true\" aria-controls=\"henri_collapse_3\">\n\t\t\tSandrine H\u00e9roux, Head of Communications and Exhibition Project Manager\t\t<\/button>\n\t<\/h2>\n\t<div id=\"henri_collapse_3\" class=\"accordion-collapse collapse \" aria-labelledby=\"accordeon_heading_5\" data-bs-parent=\"#accordion_henri_2\">\n\t\t<div class=\"accordion-body\">\n\t\t\t\n\n<p><em><em><em>Exhibition coordination, press relations, and promotion<\/em><\/em><\/em><br><a href=\"mailto:info@ecomusee.qc.ca\">developpement@ecomusee.qc.ca<\/a><\/p>\n\n\n\t\t<\/div>\n\t<\/div>\n<\/div>\n\n\n<div class=\"htb htb-accordeon-henri-item   default-margin-top  default-margin-bottom  htb-uid-6  accordion-item\" >\n\t<h2 class=\"accordion-header\" id=\"accordeon_heading_6\">\n\t\t<button class=\"accordion-button collapsed\" type=\"button\" data-bs-toggle=\"collapse\" data-bs-target=\"#henri_collapse_4\" aria-expanded=\"true\" aria-controls=\"henri_collapse_4\">\n\t\t\tManon Belleville, Administrative Assistant \t\t<\/button>\n\t<\/h2>\n\t<div id=\"henri_collapse_4\" class=\"accordion-collapse collapse \" aria-labelledby=\"accordeon_heading_6\" data-bs-parent=\"#accordion_henri_2\">\n\t\t<div class=\"accordion-body\">\n\t\t\t\n\n<p><em><em><em><em>Administration and \u00c9comus\u00e9e benefit auction<\/em><\/em><\/em><\/em><br><a href=\"mailto:administration@ecomusee.qc.ca\" type=\"mailto\" id=\"mailto:administration@ecomusee.qc.ca\">administration@ecomusee.qc.ca<\/a><\/p>\n\n\n\t\t<\/div>\n\t<\/div>\n<\/div>\n\n\n<div class=\"htb htb-accordeon-henri-item   default-margin-top  default-margin-bottom  htb-uid-7  accordion-item\" >\n\t<h2 class=\"accordion-header\" id=\"accordeon_heading_7\">\n\t\t<button class=\"accordion-button collapsed\" type=\"button\" data-bs-toggle=\"collapse\" data-bs-target=\"#henri_collapse_5\" aria-expanded=\"true\" aria-controls=\"henri_collapse_5\">\n\t\t\t\u00c9milie Allain, Fundraising Campaign Manager \t\t<\/button>\n\t<\/h2>\n\t<div id=\"henri_collapse_5\" class=\"accordion-collapse collapse \" aria-labelledby=\"accordeon_heading_7\" data-bs-parent=\"#accordion_henri_2\">\n\t\t<div class=\"accordion-body\">\n\t\t\t\n\n<p><em><em><em><em><em>Fundraising campaign, membership program, and D\u2019un \u0153il diff\u00e9rent<\/em><\/em><\/em><\/em><\/em><br><a href=\"mailto:partenariat@ecomusee.qc.ca\" type=\"mailto\" id=\"mailto:partenariat@ecomusee.qc.ca\">partenariat@ecomusee.qc.ca<\/a><\/p>\n\n\n\t\t<\/div>\n\t<\/div>\n<\/div>\n\n\n<div class=\"htb htb-accordeon-henri-item   default-margin-top  default-margin-bottom  htb-uid-8  accordion-item\" >\n\t<h2 class=\"accordion-header\" id=\"accordeon_heading_8\">\n\t\t<button class=\"accordion-button collapsed\" type=\"button\" data-bs-toggle=\"collapse\" data-bs-target=\"#henri_collapse_6\" aria-expanded=\"true\" aria-controls=\"henri_collapse_6\">\n\t\t\tRen\u00e9 Binette, Strategic Projects Advisor\t\t<\/button>\n\t<\/h2>\n\t<div id=\"henri_collapse_6\" class=\"accordion-collapse collapse \" aria-labelledby=\"accordeon_heading_8\" data-bs-parent=\"#accordion_henri_2\">\n\t\t<div class=\"accordion-body\">\n\t\t\t\n\n<p><strong><a href=\"mailto:projet@ecomusee.qc.ca\">projet@ecomusee.qc.ca<\/a><\/strong><\/p>\n\n\n\t\t<\/div>\n\t<\/div>\n<\/div>\n\n\n<div class=\"htb htb-accordeon-henri-item   default-margin-top  default-margin-bottom  htb-uid-9  accordion-item\" >\n\t<h2 class=\"accordion-header\" id=\"accordeon_heading_9\">\n\t\t<button class=\"accordion-button collapsed\" type=\"button\" data-bs-toggle=\"collapse\" data-bs-target=\"#henri_collapse_7\" aria-expanded=\"true\" aria-controls=\"henri_collapse_7\">\n\t\t\tJob opportunities and internships\t\t<\/button>\n\t<\/h2>\n\t<div id=\"henri_collapse_7\" class=\"accordion-collapse collapse \" aria-labelledby=\"accordeon_heading_9\" data-bs-parent=\"#accordion_henri_2\">\n\t\t<div class=\"accordion-body\">\n\t\t\t\n\n<p>To submit an application, please send your CV and a Letter of Interest to<strong> <a href=\"mailto:projet@ecomusee.qc.ca\">info@ecomusee.qc.ca<\/a><\/strong><\/p>\n\n\n\t\t<\/div>\n\t<\/div>\n<\/div>\n\n\n\t\t\t\t\t\t<\/div>\n\t\t\t\t\t<\/div>\n\t\t\t\t<\/div>\n\t\t\t<\/div>\n\t\t<\/div>\n\t<\/div>\n<\/div>\n\n\n<div class=\"htb htb-accordeon-henri   default-margin-top  default-margin-bottom  htb-uid-12 \" >\n\t<div class=\"container-xxl\">\n\t\t<div class=\"row justify-content-center\">\n\t\t\t<div class=\"col-x4l-10\">\n\t\t\t\t<div class=\"row\">\n\t\t\t\t\t<div class=\"col-xl-6\">\n\t\t\t\t\t\t\t<div class=\"container-xxl htb_intro_container\">\n\t\t<div class=\"row justify-content-center\">\n\t\t\t<div class=\"col-xl-8 col-xxxl-6 col-intro\">\n\t\t\t\t\t\t\t\t\t<div class=\"title-box\" data-aos=\"fade-zoom-in\" data-aos-easing=\"ease-in-back\" data-aos-delay=\"50\" data-aos-offset=\"0\">\n\t\t\t\t\t\t\t\t<h2 >Board of directors <\/h2>\n\t\t\t\t\t\t<\/div>\n\t\t\t\t\t\t\t\t\t\t\t\t<div class=\"bts-box\"><\/div>\n\t\t\t<\/div>\n\t\t<\/div>\n\t<\/div>\n\t\t\t\t\t<\/div>\n\t\t\t\t\t<div class=\"col-xl-6\">\n\t\t\t\t\t\t<div class=\"accordion\" id=\"accordion_henri_11\">\n\t\t\t\t\t\t\t\n<div class=\"htb htb-accordeon-henri-item   default-margin-top  default-margin-bottom  htb-uid-11  accordion-item\" >\n\t<h2 class=\"accordion-header\" id=\"accordeon_heading_11\">\n\t\t<button class=\"accordion-button \" type=\"button\" data-bs-toggle=\"collapse\" data-bs-target=\"#henri_collapse_0\" aria-expanded=\"true\" aria-controls=\"henri_collapse_0\">\n\t\t\t\t\t<\/button>\n\t<\/h2>\n\t<div id=\"henri_collapse_0\" class=\"accordion-collapse collapse show\" aria-labelledby=\"accordeon_heading_11\" data-bs-parent=\"#accordion_henri_11\">\n\t\t<div class=\"accordion-body\">\n\t\t\t\n\n<ul class=\"wp-block-list\">\n<li>Carmen Fontaine, President, <strong><a href=\"mailto:presidence@ecomusee.qc.ca\" type=\"mailto\" id=\"mailto:presidence@ecomusee.qc.ca\">presidence@ecomusee.qc.ca<\/a><\/strong><\/li>\n\n\n\n<li>Paule Renaud, Vice-President<\/li>\n\n\n\n<li>Robert Ascah, Secretary-Treasurer<\/li>\n\n\n\n<li>Daniel Bourcier, Administrator<\/li>\n\n\n\n<li>Sarah Gagn\u00e9, Administrator<\/li>\n\n\n\n<li>Jos\u00e9e-Anne Riverin, Administrator<\/li>\n\n\n\n<li>\u00c9ric Giroux, Director<\/li>\n<\/ul>\n\n\n\t\t<\/div>\n\t<\/div>\n<\/div>\n\n\n\t\t\t\t\t\t<\/div>\n\t\t\t\t\t<\/div>\n\t\t\t\t<\/div>\n\t\t\t<\/div>\n\t\t<\/div>\n\t<\/div>\n<\/div>","protected":false},"excerpt":{"rendered":"<p>The \u00c9comus\u00e9e is run by a passionate team committed to promoting the culture and heritage of the neighbourhood. Get to know us!  <\/p>\n","protected":false},"author":3,"featured_media":1755,"parent":0,"menu_order":0,"comment_status":"closed","ping_status":"closed","template":"","meta":{"_acf_changed":false,"footnotes":""},"class_list":["post-1756","page","type-page","status-publish","has-post-thumbnail","hentry"],"acf":[],"yoast_head":"<!-- This site is optimized with the Yoast SEO plugin v27.4 - https:\/\/yoast.com\/product\/yoast-seo-wordpress\/ -->\n<title>Our Team &#8211; \u00c9comus\u00e9e du fier monde<\/title>\n<meta name=\"description\" content=\"The \u00c9comus\u00e9e is run by a passionate team committed to promoting the culture and heritage of the neighbourhood.\" \/>\n<meta name=\"robots\" content=\"index, follow, max-snippet:-1, max-image-preview:large, max-video-preview:-1\" \/>\n<link rel=\"canonical\" href=\"https:\/\/ecomusee.qc.ca\/en\/our-team\/\" \/>\n<meta property=\"og:locale\" content=\"en_US\" \/>\n<meta property=\"og:type\" content=\"article\" \/>\n<meta property=\"og:title\" content=\"Our Team &#8211; \u00c9comus\u00e9e du fier monde\" \/>\n<meta property=\"og:description\" content=\"The \u00c9comus\u00e9e is run by a passionate team committed to promoting the culture and heritage of the neighbourhood.\" \/>\n<meta property=\"og:url\" content=\"https:\/\/ecomusee.qc.ca\/en\/our-team\/\" \/>\n<meta property=\"og:site_name\" content=\"\u00c9comus\u00e9e du fier monde\" \/>\n<meta property=\"article:publisher\" content=\"https:\/\/www.facebook.com\/Ecomuseedufiermonde\" \/>\n<meta property=\"article:modified_time\" content=\"2026-04-13T20:49:04+00:00\" \/>\n<meta property=\"og:image\" content=\"https:\/\/ecomusee.qc.ca\/wp-content\/uploads\/2026\/03\/photodaphneebouchard-01-1.jpg\" \/>\n\t<meta property=\"og:image:width\" content=\"2560\" \/>\n\t<meta property=\"og:image:height\" content=\"1887\" \/>\n\t<meta property=\"og:image:type\" content=\"image\/jpeg\" \/>\n<meta name=\"twitter:card\" content=\"summary_large_image\" \/>\n<meta name=\"twitter:label1\" content=\"Est. reading time\" \/>\n\t<meta name=\"twitter:data1\" content=\"1 minute\" \/>\n<script type=\"application\/ld+json\" class=\"yoast-schema-graph\">{\"@context\":\"https:\\\/\\\/schema.org\",\"@graph\":[{\"@type\":\"WebPage\",\"@id\":\"https:\\\/\\\/ecomusee.qc.ca\\\/en\\\/our-team\\\/\",\"url\":\"https:\\\/\\\/ecomusee.qc.ca\\\/en\\\/our-team\\\/\",\"name\":\"Our Team &#8211; \u00c9comus\u00e9e du fier monde\",\"isPartOf\":{\"@id\":\"https:\\\/\\\/ecomusee.qc.ca\\\/en\\\/#website\"},\"primaryImageOfPage\":{\"@id\":\"https:\\\/\\\/ecomusee.qc.ca\\\/en\\\/our-team\\\/#primaryimage\"},\"image\":{\"@id\":\"https:\\\/\\\/ecomusee.qc.ca\\\/en\\\/our-team\\\/#primaryimage\"},\"thumbnailUrl\":\"https:\\\/\\\/ecomusee.qc.ca\\\/wp-content\\\/uploads\\\/2026\\\/03\\\/photodaphneebouchard-01-1.jpg\",\"datePublished\":\"2026-03-11T19:44:30+00:00\",\"dateModified\":\"2026-04-13T20:49:04+00:00\",\"description\":\"The \u00c9comus\u00e9e is run by a passionate team committed to promoting the culture and heritage of the neighbourhood.\",\"breadcrumb\":{\"@id\":\"https:\\\/\\\/ecomusee.qc.ca\\\/en\\\/our-team\\\/#breadcrumb\"},\"inLanguage\":\"en-US\",\"potentialAction\":[{\"@type\":\"ReadAction\",\"target\":[\"https:\\\/\\\/ecomusee.qc.ca\\\/en\\\/our-team\\\/\"]}]},{\"@type\":\"ImageObject\",\"inLanguage\":\"en-US\",\"@id\":\"https:\\\/\\\/ecomusee.qc.ca\\\/en\\\/our-team\\\/#primaryimage\",\"url\":\"https:\\\/\\\/ecomusee.qc.ca\\\/wp-content\\\/uploads\\\/2026\\\/03\\\/photodaphneebouchard-01-1.jpg\",\"contentUrl\":\"https:\\\/\\\/ecomusee.qc.ca\\\/wp-content\\\/uploads\\\/2026\\\/03\\\/photodaphneebouchard-01-1.jpg\",\"width\":2560,\"height\":1887,\"caption\":\"The Ecomuseum Team. From left to right: Camille Choini\u00e8re, Camille Mahdavian, \u00c9ric Giroux, Manon Belleville, \u00c9milie Allain, and Sandrine H\u00e9roux.\"},{\"@type\":\"BreadcrumbList\",\"@id\":\"https:\\\/\\\/ecomusee.qc.ca\\\/en\\\/our-team\\\/#breadcrumb\",\"itemListElement\":[{\"@type\":\"ListItem\",\"position\":1,\"name\":\"Home\",\"item\":\"https:\\\/\\\/ecomusee.qc.ca\\\/en\\\/\"},{\"@type\":\"ListItem\",\"position\":2,\"name\":\"Our Team\"}]},{\"@type\":\"WebSite\",\"@id\":\"https:\\\/\\\/ecomusee.qc.ca\\\/en\\\/#website\",\"url\":\"https:\\\/\\\/ecomusee.qc.ca\\\/en\\\/\",\"name\":\"\u00c9comus\u00e9e du fier monde\",\"description\":\"History &amp; community museum\",\"publisher\":{\"@id\":\"https:\\\/\\\/ecomusee.qc.ca\\\/en\\\/#organization\"},\"potentialAction\":[{\"@type\":\"SearchAction\",\"target\":{\"@type\":\"EntryPoint\",\"urlTemplate\":\"https:\\\/\\\/ecomusee.qc.ca\\\/en\\\/?s={search_term_string}\"},\"query-input\":{\"@type\":\"PropertyValueSpecification\",\"valueRequired\":true,\"valueName\":\"search_term_string\"}}],\"inLanguage\":\"en-US\"},{\"@type\":\"Organization\",\"@id\":\"https:\\\/\\\/ecomusee.qc.ca\\\/en\\\/#organization\",\"name\":\"\u00c9comus\u00e9e du fier monde\",\"url\":\"https:\\\/\\\/ecomusee.qc.ca\\\/en\\\/\",\"logo\":{\"@type\":\"ImageObject\",\"inLanguage\":\"en-US\",\"@id\":\"https:\\\/\\\/ecomusee.qc.ca\\\/en\\\/#\\\/schema\\\/logo\\\/image\\\/\",\"url\":\"https:\\\/\\\/ecomusee.qc.ca\\\/wp-content\\\/uploads\\\/2026\\\/04\\\/emfm-logo-rvb-horizontal-noir.png\",\"contentUrl\":\"https:\\\/\\\/ecomusee.qc.ca\\\/wp-content\\\/uploads\\\/2026\\\/04\\\/emfm-logo-rvb-horizontal-noir.png\",\"width\":2205,\"height\":444,\"caption\":\"\u00c9comus\u00e9e du fier monde\"},\"image\":{\"@id\":\"https:\\\/\\\/ecomusee.qc.ca\\\/en\\\/#\\\/schema\\\/logo\\\/image\\\/\"},\"sameAs\":[\"https:\\\/\\\/www.facebook.com\\\/Ecomuseedufiermonde\",\"https:\\\/\\\/www.instagram.com\\\/ecomusee.dufiermonde\\\/\",\"https:\\\/\\\/bsky.app\\\/profile\\\/ecomuseefiermonde.bsky.social\",\"https:\\\/\\\/www.youtube.com\\\/Ecomuseedufiermonde\",\"https:\\\/\\\/www.linkedin.com\\\/company\\\/comuse-du-fier-monde?originalSubdomain=ca\"]}]}<\/script>\n<!-- \/ Yoast SEO plugin. -->","yoast_head_json":{"title":"Our Team &#8211; \u00c9comus\u00e9e du fier monde","description":"The \u00c9comus\u00e9e is run by a passionate team committed to promoting the culture and heritage of the neighbourhood.","robots":{"index":"index","follow":"follow","max-snippet":"max-snippet:-1","max-image-preview":"max-image-preview:large","max-video-preview":"max-video-preview:-1"},"canonical":"https:\/\/ecomusee.qc.ca\/en\/our-team\/","og_locale":"en_US","og_type":"article","og_title":"Our Team &#8211; \u00c9comus\u00e9e du fier monde","og_description":"The \u00c9comus\u00e9e is run by a passionate team committed to promoting the culture and heritage of the neighbourhood.","og_url":"https:\/\/ecomusee.qc.ca\/en\/our-team\/","og_site_name":"\u00c9comus\u00e9e du fier monde","article_publisher":"https:\/\/www.facebook.com\/Ecomuseedufiermonde","article_modified_time":"2026-04-13T20:49:04+00:00","og_image":[{"width":2560,"height":1887,"url":"https:\/\/ecomusee.qc.ca\/wp-content\/uploads\/2026\/03\/photodaphneebouchard-01-1.jpg","type":"image\/jpeg"}],"twitter_card":"summary_large_image","twitter_misc":{"Est. reading time":"1 minute"},"schema":{"@context":"https:\/\/schema.org","@graph":[{"@type":"WebPage","@id":"https:\/\/ecomusee.qc.ca\/en\/our-team\/","url":"https:\/\/ecomusee.qc.ca\/en\/our-team\/","name":"Our Team &#8211; \u00c9comus\u00e9e du fier monde","isPartOf":{"@id":"https:\/\/ecomusee.qc.ca\/en\/#website"},"primaryImageOfPage":{"@id":"https:\/\/ecomusee.qc.ca\/en\/our-team\/#primaryimage"},"image":{"@id":"https:\/\/ecomusee.qc.ca\/en\/our-team\/#primaryimage"},"thumbnailUrl":"https:\/\/ecomusee.qc.ca\/wp-content\/uploads\/2026\/03\/photodaphneebouchard-01-1.jpg","datePublished":"2026-03-11T19:44:30+00:00","dateModified":"2026-04-13T20:49:04+00:00","description":"The \u00c9comus\u00e9e is run by a passionate team committed to promoting the culture and heritage of the neighbourhood.","breadcrumb":{"@id":"https:\/\/ecomusee.qc.ca\/en\/our-team\/#breadcrumb"},"inLanguage":"en-US","potentialAction":[{"@type":"ReadAction","target":["https:\/\/ecomusee.qc.ca\/en\/our-team\/"]}]},{"@type":"ImageObject","inLanguage":"en-US","@id":"https:\/\/ecomusee.qc.ca\/en\/our-team\/#primaryimage","url":"https:\/\/ecomusee.qc.ca\/wp-content\/uploads\/2026\/03\/photodaphneebouchard-01-1.jpg","contentUrl":"https:\/\/ecomusee.qc.ca\/wp-content\/uploads\/2026\/03\/photodaphneebouchard-01-1.jpg","width":2560,"height":1887,"caption":"The Ecomuseum Team. From left to right: Camille Choini\u00e8re, Camille Mahdavian, \u00c9ric Giroux, Manon Belleville, \u00c9milie Allain, and Sandrine H\u00e9roux."},{"@type":"BreadcrumbList","@id":"https:\/\/ecomusee.qc.ca\/en\/our-team\/#breadcrumb","itemListElement":[{"@type":"ListItem","position":1,"name":"Home","item":"https:\/\/ecomusee.qc.ca\/en\/"},{"@type":"ListItem","position":2,"name":"Our Team"}]},{"@type":"WebSite","@id":"https:\/\/ecomusee.qc.ca\/en\/#website","url":"https:\/\/ecomusee.qc.ca\/en\/","name":"\u00c9comus\u00e9e du fier monde","description":"History &amp; community museum","publisher":{"@id":"https:\/\/ecomusee.qc.ca\/en\/#organization"},"potentialAction":[{"@type":"SearchAction","target":{"@type":"EntryPoint","urlTemplate":"https:\/\/ecomusee.qc.ca\/en\/?s={search_term_string}"},"query-input":{"@type":"PropertyValueSpecification","valueRequired":true,"valueName":"search_term_string"}}],"inLanguage":"en-US"},{"@type":"Organization","@id":"https:\/\/ecomusee.qc.ca\/en\/#organization","name":"\u00c9comus\u00e9e du fier monde","url":"https:\/\/ecomusee.qc.ca\/en\/","logo":{"@type":"ImageObject","inLanguage":"en-US","@id":"https:\/\/ecomusee.qc.ca\/en\/#\/schema\/logo\/image\/","url":"https:\/\/ecomusee.qc.ca\/wp-content\/uploads\/2026\/04\/emfm-logo-rvb-horizontal-noir.png","contentUrl":"https:\/\/ecomusee.qc.ca\/wp-content\/uploads\/2026\/04\/emfm-logo-rvb-horizontal-noir.png","width":2205,"height":444,"caption":"\u00c9comus\u00e9e du fier monde"},"image":{"@id":"https:\/\/ecomusee.qc.ca\/en\/#\/schema\/logo\/image\/"},"sameAs":["https:\/\/www.facebook.com\/Ecomuseedufiermonde","https:\/\/www.instagram.com\/ecomusee.dufiermonde\/","https:\/\/bsky.app\/profile\/ecomuseefiermonde.bsky.social","https:\/\/www.youtube.com\/Ecomuseedufiermonde","https:\/\/www.linkedin.com\/company\/comuse-du-fier-monde?originalSubdomain=ca"]}]}},"_links":{"self":[{"href":"https:\/\/ecomusee.qc.ca\/en\/wp-json\/wp\/v2\/pages\/1756","targetHints":{"allow":["GET"]}}],"collection":[{"href":"https:\/\/ecomusee.qc.ca\/en\/wp-json\/wp\/v2\/pages"}],"about":[{"href":"https:\/\/ecomusee.qc.ca\/en\/wp-json\/wp\/v2\/types\/page"}],"author":[{"embeddable":true,"href":"https:\/\/ecomusee.qc.ca\/en\/wp-json\/wp\/v2\/users\/3"}],"replies":[{"embeddable":true,"href":"https:\/\/ecomusee.qc.ca\/en\/wp-json\/wp\/v2\/comments?post=1756"}],"version-history":[{"count":6,"href":"https:\/\/ecomusee.qc.ca\/en\/wp-json\/wp\/v2\/pages\/1756\/revisions"}],"predecessor-version":[{"id":2389,"href":"https:\/\/ecomusee.qc.ca\/en\/wp-json\/wp\/v2\/pages\/1756\/revisions\/2389"}],"wp:featuredmedia":[{"embeddable":true,"href":"https:\/\/ecomusee.qc.ca\/en\/wp-json\/wp\/v2\/media\/1755"}],"wp:attachment":[{"href":"https:\/\/ecomusee.qc.ca\/en\/wp-json\/wp\/v2\/media?parent=1756"}],"curies":[{"name":"wp","href":"https:\/\/api.w.org\/{rel}","templated":true}]}}