{"id":1723,"date":"2026-03-11T16:09:34","date_gmt":"2026-03-11T20:09:34","guid":{"rendered":"https:\/\/ecomusee.qc.ca\/make-a-donation\/"},"modified":"2026-04-13T15:37:06","modified_gmt":"2026-04-13T19:37:06","slug":"make-a-donation","status":"publish","type":"page","link":"https:\/\/ecomusee.qc.ca\/en\/make-a-donation\/","title":{"rendered":"Make a donation"},"content":{"rendered":"<div class=\"htb htb-hero   default-margin-top  default-margin-bottom  htb-uid-1  \" >\n\t<div class=\"spacer-menu\"><\/div>\n\t<div class=\"container-fluid\">\n\t\t<div class=\"row\">\n\t\t\t<div class=\"col-12 \">\n\t\t\t\t<div class=\"content-box\">\n\t\t\t\t\t<div class=\"ico-cat-box\">\n\t\t\t\t\t\t<div class=\"ico-box\" data-aos=\"fade\" data-aos-delay=\"200\">\n\t\t\t\t\t\t\t<img decoding=\"async\" src=\"https:\/\/ecomusee.qc.ca\/wp-content\/uploads\/2026\/03\/emfm-formes-forme-4-inverse.png\" alt=\"\" class=\"img-fluid\">\n\t\t\t\t\t\t<\/div>\n                                                \t\t\t\t\t<\/div>\n\n\t\t\t\t\t<div class=\"title-box-hero\" data-aos=\"fade\" data-aos-delay=\"300\">\n\t\t\t\t\t\t\t\t<h1 >Support a history and community museum!<\/h1>\n\t\t\t\t\t\t<\/div>\n\t\t\t\t\t\t\t\t\t\t\t<div class=\"text-content\"  data-aos=\"fade\" data-aos-delay=\"400\"><p>The community can count on the \u00c9comus\u00e9e. We are counting on you! <\/p>\n<\/div>\n\t\t\t\t\t\t\t\t\t\t<div class=\"content-top\"  data-aos=\"fade\" data-aos-delay=\"500\">\n\t\t\t\t\t\t\t<div class=\"btn-box\">\t<a class=\"btn btn-primary\" href=\"#\" target=\"\" title=\"\"  ><span><span>Make a donation<\/span><\/span><\/a>\n\t<\/div>\t<div class=\"btn-box\">\t<a class=\"btn btn-outline-primary\" href=\"#\" target=\"\" title=\"\"  ><span><span>Become a member<\/span><\/span><\/a>\n\t<\/div>\t\t\t\t\t\t\t\t\t\t\t<\/div>\n\t\t\t\t\t\t\t\t\t<\/div>\n\t\t\t<\/div>\n\t\t<\/div>\n\t<\/div>\n<\/div>\n<div class='htb htb-bootstrap-container '><div class=\"wp-bootstrap-blocks-container container-xxl mb-0\">\n\t\n<div class=\"wp-bootstrap-blocks-row row\">\n\t\n\n<div class=\"col-12 col-xxl-1\">\n\t\t\t\t<\/div>\n\n\n\n<div class=\"col-12 col-lg-6 col-xl-5\">\n\t\t\t\n\n<h2 class=\"wp-block-heading\">Help spread the word about us<\/h2>\n\n\t<\/div>\n\n\n\n<div class=\"col-12 col-xl-5\">\n\t\t\t\n\n<p>As a non-profit organization, the \u00c9comus\u00e9e needs the support of individuals, businesses, and foundations in order to carry out its wide range of activities. <\/p>\n\n\n\n<p>Donating to the \u00c9comus\u00e9e allows us to continue our civic mission with different groups and ensure that everyone has equal access to culture. Help us continue our commitment to our community.  <\/p>\n\n\n\n<h3 class=\"wp-block-heading has-medium-font-size\">Donating to the \u00c9comus\u00e9e means helping us:<\/h3>\n\n\n\n<ul class=\"wp-block-list\">\n<li>maintain our commitment to the Centre-Sud territory and community<\/li>\n\n\n\n<li>highlight the history of labour and industry by preserving important stories<\/li>\n\n\n\n<li>ensure the preservation and maintenance of the heritage building that houses us: the G\u00e9n\u00e9reux Bath<\/li>\n\n\n\n<li>welcome literacy and French language learning groups, as well as marginalized communities<\/li>\n\n\n\n<li>develop original, high-quality exhibitions.<\/li>\n<\/ul>\n\n\t<\/div>\n\n<\/div>\n\n<\/div>\n<\/div><div class=\"htb htb-accordeon-henri   default-margin-top  default-margin-bottom  htb-uid-6 \" >\n\t<div class=\"container-xxl\">\n\t\t<div class=\"row justify-content-center\">\n\t\t\t<div class=\"col-x4l-10\">\n\t\t\t\t<div class=\"row\">\n\t\t\t\t\t<div class=\"col-xl-6\">\n\t\t\t\t\t\t\t<div class=\"container-xxl htb_intro_container\">\n\t\t<div class=\"row justify-content-center\">\n\t\t\t<div class=\"col-xl-8 col-xxxl-6 col-intro\">\n\t\t\t\t\t\t\t\t\t<div class=\"title-box\" data-aos=\"fade-zoom-in\" data-aos-easing=\"ease-in-back\" data-aos-delay=\"50\" data-aos-offset=\"0\">\n\t\t\t\t\t\t\t\t<h2 >Many ways to donate <\/h2>\n\t\t\t\t\t\t<\/div>\n\t\t\t\t\t\t\t\t\t\t\t\t\t<div class=\"subtitle-box\"  data-aos=\"fade-zoom-in\" data-aos-easing=\"ease-in-back\" data-aos-delay=\"150\" data-aos-offset=\"0\">\n\t\t\t\t\t\t<p>A tool for citizen engagement, the \u00c9comus\u00e9e promotes dialogue and contributes to the betterment of its community.<\/p>\n<p>A tax receipt will be issued for every donation of $25 or more.<\/p>\n\t\t\t\t\t<\/div>\n\t\t\t\t\t\t\t\t<div class=\"bts-box\"><\/div>\n\t\t\t<\/div>\n\t\t<\/div>\n\t<\/div>\n\t\t\t\t\t<\/div>\n\t\t\t\t\t<div class=\"col-xl-6\">\n\t\t\t\t\t\t<div class=\"accordion\" id=\"accordion_henri_2\">\n\t\t\t\t\t\t\t\n<div class=\"htb htb-accordeon-henri-item   default-margin-top  default-margin-bottom  htb-uid-2  accordion-item\" >\n\t<h2 class=\"accordion-header\" id=\"accordeon_heading_2\">\n\t\t<button class=\"accordion-button \" type=\"button\" data-bs-toggle=\"collapse\" data-bs-target=\"#henri_collapse_0\" aria-expanded=\"true\" aria-controls=\"henri_collapse_0\">\n\t\t\tJust one click\t\t<\/button>\n\t<\/h2>\n\t<div id=\"henri_collapse_0\" class=\"accordion-collapse collapse show\" aria-labelledby=\"accordeon_heading_2\" data-bs-parent=\"#accordion_henri_2\">\n\t\t<div class=\"accordion-body\">\n\t\t\t\n\n<p>Donnez facilement en ligne et de mani\u00e8re s\u00e9curis\u00e9e via la plateforme en ligne <strong>Zeffy<\/strong>. Choisissez de faire un don unique ou engagez vous \u00e0 faire un don mensuel. <\/p>\n\n\n\t\t<\/div>\n\t<\/div>\n<\/div>\n\n\n<div class=\"htb htb-accordeon-henri-item   default-margin-top  default-margin-bottom  htb-uid-3  accordion-item\" >\n\t<h2 class=\"accordion-header\" id=\"accordeon_heading_3\">\n\t\t<button class=\"accordion-button collapsed\" type=\"button\" data-bs-toggle=\"collapse\" data-bs-target=\"#henri_collapse_1\" aria-expanded=\"true\" aria-controls=\"henri_collapse_1\">\n\t\t\tBy mail \t\t<\/button>\n\t<\/h2>\n\t<div id=\"henri_collapse_1\" class=\"accordion-collapse collapse \" aria-labelledby=\"accordeon_heading_3\" data-bs-parent=\"#accordion_henri_2\">\n\t\t<div class=\"accordion-body\">\n\t\t\t\n\n<p>Send a check made payable to \u00c9comus\u00e9e du fier monde, along with your contact information, to the following address:<\/p>\n\n\n\n<p>\u00c9comus\u00e9e du fier monde<br\/>2050, rue Atateken<br\/>Montr\u00e9al (Qu\u00e9bec) H2L 3L8<\/p>\n\n\n\t\t<\/div>\n\t<\/div>\n<\/div>\n\n\n<div class=\"htb htb-accordeon-henri-item   default-margin-top  default-margin-bottom  htb-uid-4  accordion-item\" >\n\t<h2 class=\"accordion-header\" id=\"accordeon_heading_4\">\n\t\t<button class=\"accordion-button collapsed\" type=\"button\" data-bs-toggle=\"collapse\" data-bs-target=\"#henri_collapse_2\" aria-expanded=\"true\" aria-controls=\"henri_collapse_2\">\n\t\t\tBy phone \t\t<\/button>\n\t<\/h2>\n\t<div id=\"henri_collapse_2\" class=\"accordion-collapse collapse \" aria-labelledby=\"accordeon_heading_4\" data-bs-parent=\"#accordion_henri_2\">\n\t\t<div class=\"accordion-body\">\n\t\t\t\n\n<p>Call the \u00c9comus\u00e9e and make your donation by credit card.<br\/>514-528-8444 <\/p>\n\n\n\n<p>514 528-8444<\/p>\n\n\n\t\t<\/div>\n\t<\/div>\n<\/div>\n\n\n<div class=\"htb htb-accordeon-henri-item   default-margin-top  default-margin-bottom  htb-uid-5  accordion-item\" >\n\t<h2 class=\"accordion-header\" id=\"accordeon_heading_5\">\n\t\t<button class=\"accordion-button collapsed\" type=\"button\" data-bs-toggle=\"collapse\" data-bs-target=\"#henri_collapse_3\" aria-expanded=\"true\" aria-controls=\"henri_collapse_3\">\n\t\t\tMaximize your impact with a planned gift\t\t<\/button>\n\t<\/h2>\n\t<div id=\"henri_collapse_3\" class=\"accordion-collapse collapse \" aria-labelledby=\"accordeon_heading_5\" data-bs-parent=\"#accordion_henri_2\">\n\t\t<div class=\"accordion-body\">\n\t\t\t\n\n<p>Make a planned gift or bequest to the \u00c9comus\u00e9e. For more information, please contact:<br\/>Manon Belleville<br\/>Administrative Assistant<br\/>administration@ecomusee.qc.ca <br\/>514-528-8444<br\/> <\/p>\n\n\n\t\t<\/div>\n\t<\/div>\n<\/div>\n\n\n\t\t\t\t\t\t<\/div>\n\t\t\t\t\t<\/div>\n\t\t\t\t<\/div>\n\t\t\t<\/div>\n\t\t<\/div>\n\t<\/div>\n<\/div>\n<div class=\"htb htb-texte-image    default-margin-top  default-margin-bottom  bg-color color-bleu  htb-uid-7  pic_left\" >\n\t<div class=\"container-xxl\">\n\t\t<div class=\"row justify-content-center\">\n\t\t\t<div class=\"col-x4l-10\">\n\t\t\t\t<div class=\"row align-items-center\">\n\t\t\t\t\t<div class=\"col-md-5 col-image \">\n\t\t\t\t\t\t\t\t\t\t\t\t\t<div class=\"img-box\" data-aos=\"fade-zoom-in\" data-aos-easing=\"ease-in-back\"\t data-aos-delay=\"300\" data-aos-offset=\"0\">\n\t\t\t\t\t\t\t\t<img decoding=\"async\" src=\"https:\/\/ecomusee.qc.ca\/wp-content\/uploads\/2026\/03\/photodaphneebouchard2023-18-e1773952390844.jpg\" alt=\"\" class=\"img-fluid\" data-credit=\"Daphn\u00e9e Bouchard\">\n<!--\t\t\t\t\t\t\t\t<div class=\"credits-box\"><span>--><!--<\/span><\/div>-->\n\t\t\t\t\t\t\t<\/div>\n\t\t\t\t\t\t\t\t\t\t\t<\/div>\n\t\t\t\t\t<div class=\"col-md-6 col-text offset-md-1 \">\n\t\t\t\t\t\t<div class=\"content-box\" data-aos=\"fade\" data-aos-delay=\"450\">\n\t\t\t\t\t\t\t\t\t\t\t\t\t\t\t\t<h3 >Donate Now!<\/h3>\n\t\t\t\t\t\t\t\t\t\t\t\t\t\t\t<div class=\"bts-box\">\t\t<a class=\"btn btn-primary\" href=\"#\" target=\"\" title=\"\"  ><span><span>Donate<\/span><\/span><\/a>\n\t<\/div>\n\t\t\t\t\t\t<\/div>\n\t\t\t\t\t<\/div>\n\t\t\t\t<\/div>\n\t\t\t<\/div>\n\t\t<\/div>\n\t<\/div>\n<\/div>","protected":false},"excerpt":{"rendered":"<p>As a non-profit organization, the \u00c9comus\u00e9e needs the support of individuals, businesses, and foundations in order to carry out its wide range of activities. <\/p>\n<p>Donating to the \u00c9comus\u00e9e allows us to continue our civic mission with different groups and ensure that everyone has equal access to culture. Help us continue our commitment to our community. <\/p>\n","protected":false},"author":3,"featured_media":1722,"parent":0,"menu_order":0,"comment_status":"closed","ping_status":"closed","template":"","meta":{"_acf_changed":false,"footnotes":""},"class_list":["post-1723","page","type-page","status-publish","has-post-thumbnail","hentry"],"acf":[],"yoast_head":"<!-- This site is optimized with the Yoast SEO plugin v27.4 - https:\/\/yoast.com\/product\/yoast-seo-wordpress\/ -->\n<title>Make a donation &#8211; \u00c9comus\u00e9e du fier monde<\/title>\n<meta name=\"description\" content=\"Donating to the \u00c9comus\u00e9e allows us to continue our civic mission with different groups and ensure that everyone has equal access to culture. Help us continue our commitment to our community.\" \/>\n<meta name=\"robots\" content=\"index, follow, max-snippet:-1, max-image-preview:large, max-video-preview:-1\" \/>\n<link rel=\"canonical\" href=\"https:\/\/ecomusee.qc.ca\/en\/make-a-donation\/\" \/>\n<meta property=\"og:locale\" content=\"en_US\" \/>\n<meta property=\"og:type\" content=\"article\" \/>\n<meta property=\"og:title\" content=\"Make a donation &#8211; \u00c9comus\u00e9e du fier monde\" \/>\n<meta property=\"og:description\" content=\"Donating to the \u00c9comus\u00e9e allows us to continue our civic mission with different groups and ensure that everyone has equal access to culture. Help us continue our commitment to our community.\" \/>\n<meta property=\"og:url\" content=\"https:\/\/ecomusee.qc.ca\/en\/make-a-donation\/\" \/>\n<meta property=\"og:site_name\" content=\"\u00c9comus\u00e9e du fier monde\" \/>\n<meta property=\"article:publisher\" content=\"https:\/\/www.facebook.com\/Ecomuseedufiermonde\" \/>\n<meta property=\"article:modified_time\" content=\"2026-04-13T19:37:06+00:00\" \/>\n<meta property=\"og:image\" content=\"https:\/\/ecomusee.qc.ca\/wp-content\/uploads\/2026\/03\/photodaphneebouchard2023-18-e1773952390844.jpg\" \/>\n\t<meta property=\"og:image:width\" content=\"495\" \/>\n\t<meta property=\"og:image:height\" content=\"635\" \/>\n\t<meta property=\"og:image:type\" content=\"image\/jpeg\" \/>\n<meta name=\"twitter:card\" content=\"summary_large_image\" \/>\n<meta name=\"twitter:label1\" content=\"Est. reading time\" \/>\n\t<meta name=\"twitter:data1\" content=\"2 minutes\" \/>\n<script type=\"application\/ld+json\" class=\"yoast-schema-graph\">{\"@context\":\"https:\\\/\\\/schema.org\",\"@graph\":[{\"@type\":\"WebPage\",\"@id\":\"https:\\\/\\\/ecomusee.qc.ca\\\/en\\\/make-a-donation\\\/\",\"url\":\"https:\\\/\\\/ecomusee.qc.ca\\\/en\\\/make-a-donation\\\/\",\"name\":\"Make a donation &#8211; \u00c9comus\u00e9e du fier monde\",\"isPartOf\":{\"@id\":\"https:\\\/\\\/ecomusee.qc.ca\\\/en\\\/#website\"},\"primaryImageOfPage\":{\"@id\":\"https:\\\/\\\/ecomusee.qc.ca\\\/en\\\/make-a-donation\\\/#primaryimage\"},\"image\":{\"@id\":\"https:\\\/\\\/ecomusee.qc.ca\\\/en\\\/make-a-donation\\\/#primaryimage\"},\"thumbnailUrl\":\"https:\\\/\\\/ecomusee.qc.ca\\\/wp-content\\\/uploads\\\/2026\\\/03\\\/photodaphneebouchard2023-18-e1773952390844.jpg\",\"datePublished\":\"2026-03-11T20:09:34+00:00\",\"dateModified\":\"2026-04-13T19:37:06+00:00\",\"description\":\"Donating to the \u00c9comus\u00e9e allows us to continue our civic mission with different groups and ensure that everyone has equal access to culture. Help us continue our commitment to our community.\",\"breadcrumb\":{\"@id\":\"https:\\\/\\\/ecomusee.qc.ca\\\/en\\\/make-a-donation\\\/#breadcrumb\"},\"inLanguage\":\"en-US\",\"potentialAction\":[{\"@type\":\"ReadAction\",\"target\":[\"https:\\\/\\\/ecomusee.qc.ca\\\/en\\\/make-a-donation\\\/\"]}]},{\"@type\":\"ImageObject\",\"inLanguage\":\"en-US\",\"@id\":\"https:\\\/\\\/ecomusee.qc.ca\\\/en\\\/make-a-donation\\\/#primaryimage\",\"url\":\"https:\\\/\\\/ecomusee.qc.ca\\\/wp-content\\\/uploads\\\/2026\\\/03\\\/photodaphneebouchard2023-18-e1773952390844.jpg\",\"contentUrl\":\"https:\\\/\\\/ecomusee.qc.ca\\\/wp-content\\\/uploads\\\/2026\\\/03\\\/photodaphneebouchard2023-18-e1773952390844.jpg\",\"width\":495,\"height\":635},{\"@type\":\"BreadcrumbList\",\"@id\":\"https:\\\/\\\/ecomusee.qc.ca\\\/en\\\/make-a-donation\\\/#breadcrumb\",\"itemListElement\":[{\"@type\":\"ListItem\",\"position\":1,\"name\":\"Home\",\"item\":\"https:\\\/\\\/ecomusee.qc.ca\\\/en\\\/\"},{\"@type\":\"ListItem\",\"position\":2,\"name\":\"Make a donation\"}]},{\"@type\":\"WebSite\",\"@id\":\"https:\\\/\\\/ecomusee.qc.ca\\\/en\\\/#website\",\"url\":\"https:\\\/\\\/ecomusee.qc.ca\\\/en\\\/\",\"name\":\"\u00c9comus\u00e9e du fier monde\",\"description\":\"History &amp; community museum\",\"publisher\":{\"@id\":\"https:\\\/\\\/ecomusee.qc.ca\\\/en\\\/#organization\"},\"potentialAction\":[{\"@type\":\"SearchAction\",\"target\":{\"@type\":\"EntryPoint\",\"urlTemplate\":\"https:\\\/\\\/ecomusee.qc.ca\\\/en\\\/?s={search_term_string}\"},\"query-input\":{\"@type\":\"PropertyValueSpecification\",\"valueRequired\":true,\"valueName\":\"search_term_string\"}}],\"inLanguage\":\"en-US\"},{\"@type\":\"Organization\",\"@id\":\"https:\\\/\\\/ecomusee.qc.ca\\\/en\\\/#organization\",\"name\":\"\u00c9comus\u00e9e du fier monde\",\"url\":\"https:\\\/\\\/ecomusee.qc.ca\\\/en\\\/\",\"logo\":{\"@type\":\"ImageObject\",\"inLanguage\":\"en-US\",\"@id\":\"https:\\\/\\\/ecomusee.qc.ca\\\/en\\\/#\\\/schema\\\/logo\\\/image\\\/\",\"url\":\"https:\\\/\\\/ecomusee.qc.ca\\\/wp-content\\\/uploads\\\/2026\\\/04\\\/emfm-logo-rvb-horizontal-noir.png\",\"contentUrl\":\"https:\\\/\\\/ecomusee.qc.ca\\\/wp-content\\\/uploads\\\/2026\\\/04\\\/emfm-logo-rvb-horizontal-noir.png\",\"width\":2205,\"height\":444,\"caption\":\"\u00c9comus\u00e9e du fier monde\"},\"image\":{\"@id\":\"https:\\\/\\\/ecomusee.qc.ca\\\/en\\\/#\\\/schema\\\/logo\\\/image\\\/\"},\"sameAs\":[\"https:\\\/\\\/www.facebook.com\\\/Ecomuseedufiermonde\",\"https:\\\/\\\/www.instagram.com\\\/ecomusee.dufiermonde\\\/\",\"https:\\\/\\\/bsky.app\\\/profile\\\/ecomuseefiermonde.bsky.social\",\"https:\\\/\\\/www.youtube.com\\\/Ecomuseedufiermonde\",\"https:\\\/\\\/www.linkedin.com\\\/company\\\/comuse-du-fier-monde?originalSubdomain=ca\"]}]}<\/script>\n<!-- \/ Yoast SEO plugin. -->","yoast_head_json":{"title":"Make a donation &#8211; \u00c9comus\u00e9e du fier monde","description":"Donating to the \u00c9comus\u00e9e allows us to continue our civic mission with different groups and ensure that everyone has equal access to culture. Help us continue our commitment to our community.","robots":{"index":"index","follow":"follow","max-snippet":"max-snippet:-1","max-image-preview":"max-image-preview:large","max-video-preview":"max-video-preview:-1"},"canonical":"https:\/\/ecomusee.qc.ca\/en\/make-a-donation\/","og_locale":"en_US","og_type":"article","og_title":"Make a donation &#8211; \u00c9comus\u00e9e du fier monde","og_description":"Donating to the \u00c9comus\u00e9e allows us to continue our civic mission with different groups and ensure that everyone has equal access to culture. Help us continue our commitment to our community.","og_url":"https:\/\/ecomusee.qc.ca\/en\/make-a-donation\/","og_site_name":"\u00c9comus\u00e9e du fier monde","article_publisher":"https:\/\/www.facebook.com\/Ecomuseedufiermonde","article_modified_time":"2026-04-13T19:37:06+00:00","og_image":[{"width":495,"height":635,"url":"https:\/\/ecomusee.qc.ca\/wp-content\/uploads\/2026\/03\/photodaphneebouchard2023-18-e1773952390844.jpg","type":"image\/jpeg"}],"twitter_card":"summary_large_image","twitter_misc":{"Est. reading time":"2 minutes"},"schema":{"@context":"https:\/\/schema.org","@graph":[{"@type":"WebPage","@id":"https:\/\/ecomusee.qc.ca\/en\/make-a-donation\/","url":"https:\/\/ecomusee.qc.ca\/en\/make-a-donation\/","name":"Make a donation &#8211; \u00c9comus\u00e9e du fier monde","isPartOf":{"@id":"https:\/\/ecomusee.qc.ca\/en\/#website"},"primaryImageOfPage":{"@id":"https:\/\/ecomusee.qc.ca\/en\/make-a-donation\/#primaryimage"},"image":{"@id":"https:\/\/ecomusee.qc.ca\/en\/make-a-donation\/#primaryimage"},"thumbnailUrl":"https:\/\/ecomusee.qc.ca\/wp-content\/uploads\/2026\/03\/photodaphneebouchard2023-18-e1773952390844.jpg","datePublished":"2026-03-11T20:09:34+00:00","dateModified":"2026-04-13T19:37:06+00:00","description":"Donating to the \u00c9comus\u00e9e allows us to continue our civic mission with different groups and ensure that everyone has equal access to culture. Help us continue our commitment to our community.","breadcrumb":{"@id":"https:\/\/ecomusee.qc.ca\/en\/make-a-donation\/#breadcrumb"},"inLanguage":"en-US","potentialAction":[{"@type":"ReadAction","target":["https:\/\/ecomusee.qc.ca\/en\/make-a-donation\/"]}]},{"@type":"ImageObject","inLanguage":"en-US","@id":"https:\/\/ecomusee.qc.ca\/en\/make-a-donation\/#primaryimage","url":"https:\/\/ecomusee.qc.ca\/wp-content\/uploads\/2026\/03\/photodaphneebouchard2023-18-e1773952390844.jpg","contentUrl":"https:\/\/ecomusee.qc.ca\/wp-content\/uploads\/2026\/03\/photodaphneebouchard2023-18-e1773952390844.jpg","width":495,"height":635},{"@type":"BreadcrumbList","@id":"https:\/\/ecomusee.qc.ca\/en\/make-a-donation\/#breadcrumb","itemListElement":[{"@type":"ListItem","position":1,"name":"Home","item":"https:\/\/ecomusee.qc.ca\/en\/"},{"@type":"ListItem","position":2,"name":"Make a donation"}]},{"@type":"WebSite","@id":"https:\/\/ecomusee.qc.ca\/en\/#website","url":"https:\/\/ecomusee.qc.ca\/en\/","name":"\u00c9comus\u00e9e du fier monde","description":"History &amp; community museum","publisher":{"@id":"https:\/\/ecomusee.qc.ca\/en\/#organization"},"potentialAction":[{"@type":"SearchAction","target":{"@type":"EntryPoint","urlTemplate":"https:\/\/ecomusee.qc.ca\/en\/?s={search_term_string}"},"query-input":{"@type":"PropertyValueSpecification","valueRequired":true,"valueName":"search_term_string"}}],"inLanguage":"en-US"},{"@type":"Organization","@id":"https:\/\/ecomusee.qc.ca\/en\/#organization","name":"\u00c9comus\u00e9e du fier monde","url":"https:\/\/ecomusee.qc.ca\/en\/","logo":{"@type":"ImageObject","inLanguage":"en-US","@id":"https:\/\/ecomusee.qc.ca\/en\/#\/schema\/logo\/image\/","url":"https:\/\/ecomusee.qc.ca\/wp-content\/uploads\/2026\/04\/emfm-logo-rvb-horizontal-noir.png","contentUrl":"https:\/\/ecomusee.qc.ca\/wp-content\/uploads\/2026\/04\/emfm-logo-rvb-horizontal-noir.png","width":2205,"height":444,"caption":"\u00c9comus\u00e9e du fier monde"},"image":{"@id":"https:\/\/ecomusee.qc.ca\/en\/#\/schema\/logo\/image\/"},"sameAs":["https:\/\/www.facebook.com\/Ecomuseedufiermonde","https:\/\/www.instagram.com\/ecomusee.dufiermonde\/","https:\/\/bsky.app\/profile\/ecomuseefiermonde.bsky.social","https:\/\/www.youtube.com\/Ecomuseedufiermonde","https:\/\/www.linkedin.com\/company\/comuse-du-fier-monde?originalSubdomain=ca"]}]}},"_links":{"self":[{"href":"https:\/\/ecomusee.qc.ca\/en\/wp-json\/wp\/v2\/pages\/1723","targetHints":{"allow":["GET"]}}],"collection":[{"href":"https:\/\/ecomusee.qc.ca\/en\/wp-json\/wp\/v2\/pages"}],"about":[{"href":"https:\/\/ecomusee.qc.ca\/en\/wp-json\/wp\/v2\/types\/page"}],"author":[{"embeddable":true,"href":"https:\/\/ecomusee.qc.ca\/en\/wp-json\/wp\/v2\/users\/3"}],"replies":[{"embeddable":true,"href":"https:\/\/ecomusee.qc.ca\/en\/wp-json\/wp\/v2\/comments?post=1723"}],"version-history":[{"count":5,"href":"https:\/\/ecomusee.qc.ca\/en\/wp-json\/wp\/v2\/pages\/1723\/revisions"}],"predecessor-version":[{"id":2367,"href":"https:\/\/ecomusee.qc.ca\/en\/wp-json\/wp\/v2\/pages\/1723\/revisions\/2367"}],"wp:featuredmedia":[{"embeddable":true,"href":"https:\/\/ecomusee.qc.ca\/en\/wp-json\/wp\/v2\/media\/1722"}],"wp:attachment":[{"href":"https:\/\/ecomusee.qc.ca\/en\/wp-json\/wp\/v2\/media?parent=1723"}],"curies":[{"name":"wp","href":"https:\/\/api.w.org\/{rel}","templated":true}]}}