{"id":1710,"date":"2026-02-19T09:49:41","date_gmt":"2026-02-19T14:49:41","guid":{"rendered":"https:\/\/ecomusee.qc.ca\/auction\/"},"modified":"2026-04-16T15:45:02","modified_gmt":"2026-04-16T19:45:02","slug":"auction","status":"publish","type":"page","link":"https:\/\/ecomusee.qc.ca\/en\/auction\/","title":{"rendered":"Auction"},"content":{"rendered":"<div class=\"htb htb-hero   default-margin-top  default-margin-bottom  bg-color color-none  htb-uid-1  \" >\n\t<div class=\"spacer-menu\"><\/div>\n\t<div class=\"container-fluid\">\n\t\t<div class=\"row\">\n\t\t\t<div class=\"col-12 \">\n\t\t\t\t<div class=\"content-box\">\n\t\t\t\t\t<div class=\"ico-cat-box\">\n\t\t\t\t\t\t<div class=\"ico-box\" data-aos=\"fade\" data-aos-delay=\"200\">\n\t\t\t\t\t\t\t<img decoding=\"async\" src=\"https:\/\/ecomusee.qc.ca\/wp-content\/uploads\/2026\/03\/emfm-formes-forme-6.png\" alt=\"\" class=\"img-fluid\">\n\t\t\t\t\t\t<\/div>\n                                                \t\t\t\t\t<\/div>\n\n\t\t\t\t\t<div class=\"title-box-hero\" data-aos=\"fade\" data-aos-delay=\"300\">\n\t\t\t\t\t\t\t\t<h1 >The \u00c9comus\u00e9e Benefit Auction<\/h1>\n\t\t\t\t\t\t<\/div>\n\t\t\t\t\t\t\t\t\t\t\t<div class=\"text-content\"  data-aos=\"fade\" data-aos-delay=\"400\"><p>Support our civic and cultural mandate by taking part in our annual auction!<\/p>\n<\/div>\n\t\t\t\t\t\t\t\t\t\t<div class=\"content-top\"  data-aos=\"fade\" data-aos-delay=\"500\">\n\t\t\t\t\t\t\t<div class=\"btn-box\">\t<a class=\"btn btn-primary\" href=\"https:\/\/ecomusee.qc.ca\/programmation\/encan-benefice-2026\/\" target=\"\" title=\"2026 auction\"  ><span><span>2026 auction<\/span><\/span><\/a>\n\t<\/div>\t<div class=\"btn-box\">\t<a class=\"btn btn-primary\" href=\"https:\/\/ecomusee.qc.ca\/en\/auction\/auction-works-catalogue\/\" target=\"\" title=\"Auction \u2013 Catalogue of Works\"  ><span><span>View the Catalogue of Works<\/span><\/span><\/a>\n\t<\/div>\t\t\t\t\t\t\t\t\t\t\t<\/div>\n\t\t\t\t\t\t\t\t\t<\/div>\n\t\t\t<\/div>\n\t\t<\/div>\n\t<\/div>\n<\/div>\n\n\n<div class='htb htb-bootstrap-container bg-color color-none'><div class=\"wp-bootstrap-blocks-container container-xxl mb-0\">\n\t\n<div class=\"wp-bootstrap-blocks-row row\">\n\t\n\n<div class=\"col-12 col-xxl-1\">\n\t\t\t\t<\/div>\n\n\n\n<div class=\"col-12 col-lg-6 col-xl-5\">\n\t\t\t\n\n<h2 class=\"wp-block-heading\">Around sixty works of art auctioned off to benefit the \u00c9comus\u00e9e<\/h2>\n\n\t<\/div>\n\n\n\n<div class=\"col-12 col-xl-5\">\n\t\t\t\n\n<p>Since 2001, the \u00c9comus\u00e9e du fier monde annually organizes a benefit auction, profits from which allow it to continue its activities. Each year, around sixty works of art are put up for auction. <\/p>\n\n\n\n<p>Discover the pictorial works of Qu\u00e9b\u00e9cois and Canadian artists that have made a mark in the past decades. Among them, there are emerging artists as well as those who have achieved national and international renown. <\/p>\n\n\n\n<p>Profits from the auction are distributed among the \u00c9comus\u00e9e and the artists. Profits from the sale of a work are also shared with three neighbourhood organizations selected beforehand <\/p>\n\n\t<\/div>\n\n<\/div>\n\n<\/div>\n<\/div>\n\n<div class=\"htb htb-grille-photos-videos   default-margin-top  default-margin-bottom  bg-color color-none  htb-uid-2 \" >\n\t\t\t\t\t<div class=\"quatre-imgs-box\">\n\t\t\t\t<div class=\"row p-0 m-0\">\n\t\t\t\t\t<div class=\"col-6 p-0\">\n\t\t\t\t\t\t\n\t\t<div class=\"img-box img-1\" style=\"background-image: url('https:\/\/ecomusee.qc.ca\/wp-content\/uploads\/2026\/03\/photodaphneebouchard-2025-26-e1773949941718.jpg')\">\n\t\t\t\t\t\t<img decoding=\"async\" src=\"https:\/\/ecomusee.qc.ca\/wp-content\/uploads\/2026\/03\/photodaphneebouchard-2025-26-e1773949941718.jpg\" alt=\"\" class=\"img-fluid\" data-credit=\"Daphn\u00e9e Bouchard\r\n\">\n\t\t<\/div>\n\t\t\t\t\t\t\t<\/div>\n\t\t\t\t\t<div class=\"col-6 p-0\">\n\t\t\t\t\t\t<div class=\"row p-0 m-0\">\n\t\t\t\t\t\t\t<div class=\"col-6 p-0\">\n\t\t\t\t\t\t\t\t\n\t\t<div class=\"img-box img-2\" style=\"background-image: url('https:\/\/ecomusee.qc.ca\/wp-content\/uploads\/2026\/03\/photodaphneebouchard-2025-72-e1773949365187.jpg')\">\n\t\t\t\t\t\t<img decoding=\"async\" src=\"https:\/\/ecomusee.qc.ca\/wp-content\/uploads\/2026\/03\/photodaphneebouchard-2025-72-e1773949365187.jpg\" alt=\"\" class=\"img-fluid\" data-credit=\"Daphn\u00e9e Bouchard\r\n\">\n\t\t<\/div>\n\t\t\t\t\t\t\t\t\t<\/div>\n\t\t\t\t\t\t\t<div class=\"col-6 p-0\">\n\t\t\t\t\t\t\t\t\n\t\t<div class=\"img-box img-3\" style=\"background-image: url('https:\/\/ecomusee.qc.ca\/wp-content\/uploads\/2026\/03\/photodaphneebouchard2024-16-e1773949396151.jpg')\">\n\t\t\t\t\t\t<img decoding=\"async\" src=\"https:\/\/ecomusee.qc.ca\/wp-content\/uploads\/2026\/03\/photodaphneebouchard2024-16-e1773949396151.jpg\" alt=\"\" class=\"img-fluid\" data-credit=\"\">\n\t\t<\/div>\n\t\t\t\t\t\t\t\t\t<\/div>\n\t\t\t\t\t\t<\/div>\n\t\t\t\t\t\t<div class=\"row p-0 m-0\">\n\t\t\t\t\t\t\t<div class=\"col-12 p-0\">\n\t\t\t\t\t\t\t\t\n\t\t<div class=\"img-box img-4\" style=\"background-image: url('https:\/\/ecomusee.qc.ca\/wp-content\/uploads\/2026\/03\/photodaphneebouchard-2025-76-e1773949490355.jpg')\">\n\t\t\t\t\t\t<img decoding=\"async\" src=\"https:\/\/ecomusee.qc.ca\/wp-content\/uploads\/2026\/03\/photodaphneebouchard-2025-76-e1773949490355.jpg\" alt=\"\" class=\"img-fluid\" data-credit=\"Daphn\u00e9e Bouchard\">\n\t\t<\/div>\n\t\t\t\t\t\t\t\t\t<\/div>\n\t\t\t\t\t\t<\/div>\n\t\t\t\t\t<\/div>\n\t\t\t\t<\/div>\n\t\t\t<\/div>\n\t\t\t<\/div>\n\t\n\t\n\n\n<div class=\"htb htb-texte-image    default-margin-top  default-margin-bottom  bg-color color-beige  htb-uid-3  pic_left\" >\n\t<div class=\"container-xxl\">\n\t\t<div class=\"row justify-content-center\">\n\t\t\t<div class=\"col-x4l-10\">\n\t\t\t\t<div class=\"row align-items-center\">\n\t\t\t\t\t<div class=\"col-md-5 col-image \">\n\t\t\t\t\t\t\t\t\t\t\t\t\t<div class=\"img-box\" data-aos=\"fade-zoom-in\" data-aos-easing=\"ease-in-back\"\t data-aos-delay=\"300\" data-aos-offset=\"0\">\n\t\t\t\t\t\t\t\t<img decoding=\"async\" src=\"https:\/\/ecomusee.qc.ca\/wp-content\/uploads\/2026\/03\/photodaphneebouchard-2025-34-e1773949289542.jpg\" alt=\"\" class=\"img-fluid\" data-credit=\"Daphn\u00e9e Bouchard\">\n<!--\t\t\t\t\t\t\t\t<div class=\"credits-box\"><span>--><!--<\/span><\/div>-->\n\t\t\t\t\t\t\t<\/div>\n\t\t\t\t\t\t\t\t\t\t\t<\/div>\n\t\t\t\t\t<div class=\"col-md-6 col-text offset-md-1 \">\n\t\t\t\t\t\t<div class=\"content-box\" data-aos=\"fade\" data-aos-delay=\"450\">\n\t\t\t\t\t\t\t\t\t\t\t\t\t\t\t\t<h3 >Submit Works<\/h3>\n\t\t\t\t\t\t\t\t<p>The Ecomus\u00e9e invites artists to apply.<\/p>\n<p><span style=\"font-weight: 400;\">The selection committee will study the files and proceed with selecting the works. Each year, around 30 works are selected for the live auction, while another 30 are selected for the virtual auction. <\/span><\/p>\n<p><span style=\"font-weight: 400;\">By submitting a work for auction:<\/span><\/p>\n<ul>\n<li style=\"font-weight: 400;\" aria-level=\"1\"><span style=\"font-weight: 400;\">a photo of your work is published in the printed and online catalogue;<\/span><\/li>\n<li style=\"font-weight: 400;\" aria-level=\"1\">the work will be presented at the <span style=\"font-weight: 400;\"><i><span style=\"font-weight: 400;\">Variations sur l\u2019art d\u2019ici<\/span><\/i><\/span> exhibition;<\/li>\n<li style=\"font-weight: 400;\" aria-level=\"1\"><span style=\"font-weight: 400;\">the name of the donor will appear on the honor roll during the live auction evening.<\/span><\/li>\n<\/ul>\n<p><span style=\"font-weight: 400;\">Please note that submissions must include 2 to 3 works and be made no later than September 30 of the year preceding the auction. <\/span><\/p>\n\t\t\t\t\t\t\t<div class=\"bts-box\">\t\t<a class=\"btn btn-primary\" href=\"http:\/\/henri-5.marie.sm.jolifish.com\/demo\/\" target=\"\" title=\"Demo\"  ><span><span>Complete the Form<\/span><\/span><\/a>\n\t<\/div>\n\t\t\t\t\t\t<\/div>\n\t\t\t\t\t<\/div>\n\t\t\t\t<\/div>\n\t\t\t<\/div>\n\t\t<\/div>\n\t<\/div>\n<\/div>","protected":false},"excerpt":{"rendered":"<p>Since 2001, the \u00c9comus\u00e9e du fier monde annually organizes a benefit auction, profits from which allow it to continue its activities. Each year, around sixty works of art are put up for auction. <\/p>\n<p>Discover the pictorial works of Qu\u00e9b\u00e9cois and Canadian artists that have made a mark in the past decades. Among them, there are emerging artists as well as those who have achieved national and international renown. <\/p>\n","protected":false},"author":1,"featured_media":1709,"parent":0,"menu_order":0,"comment_status":"closed","ping_status":"closed","template":"","meta":{"_acf_changed":false,"footnotes":""},"class_list":["post-1710","page","type-page","status-publish","has-post-thumbnail","hentry"],"acf":[],"yoast_head":"<!-- This site is optimized with the Yoast SEO plugin v27.4 - https:\/\/yoast.com\/product\/yoast-seo-wordpress\/ -->\n<title>Auction &#8211; \u00c9comus\u00e9e du fier monde<\/title>\n<meta name=\"description\" content=\"Since 2001, the \u00c9comus\u00e9e du fier monde annually organizes a benefit auction, profits from which allow it to continue its activities. Each year, around sixty works of art are put up for auction.\" \/>\n<meta name=\"robots\" content=\"index, follow, max-snippet:-1, max-image-preview:large, max-video-preview:-1\" \/>\n<link rel=\"canonical\" href=\"https:\/\/ecomusee.qc.ca\/en\/auction\/\" \/>\n<meta property=\"og:locale\" content=\"en_US\" \/>\n<meta property=\"og:type\" content=\"article\" \/>\n<meta property=\"og:title\" content=\"Auction &#8211; \u00c9comus\u00e9e du fier monde\" \/>\n<meta property=\"og:description\" content=\"Since 2001, the \u00c9comus\u00e9e du fier monde annually organizes a benefit auction, profits from which allow it to continue its activities. Each year, around sixty works of art are put up for auction.\" \/>\n<meta property=\"og:url\" content=\"https:\/\/ecomusee.qc.ca\/en\/auction\/\" \/>\n<meta property=\"og:site_name\" content=\"\u00c9comus\u00e9e du fier monde\" \/>\n<meta property=\"article:publisher\" content=\"https:\/\/www.facebook.com\/Ecomuseedufiermonde\" \/>\n<meta property=\"article:modified_time\" content=\"2026-04-16T19:45:02+00:00\" \/>\n<meta property=\"og:image\" content=\"https:\/\/ecomusee.qc.ca\/wp-content\/uploads\/2026\/03\/photodaphneebouchard2024-16-e1773949396151.jpg\" \/>\n\t<meta property=\"og:image:width\" content=\"2560\" \/>\n\t<meta property=\"og:image:height\" content=\"1620\" \/>\n\t<meta property=\"og:image:type\" content=\"image\/jpeg\" \/>\n<meta name=\"twitter:card\" content=\"summary_large_image\" \/>\n<meta name=\"twitter:label1\" content=\"Est. reading time\" \/>\n\t<meta name=\"twitter:data1\" content=\"1 minute\" \/>\n<script type=\"application\/ld+json\" class=\"yoast-schema-graph\">{\"@context\":\"https:\\\/\\\/schema.org\",\"@graph\":[{\"@type\":\"WebPage\",\"@id\":\"https:\\\/\\\/ecomusee.qc.ca\\\/en\\\/auction\\\/\",\"url\":\"https:\\\/\\\/ecomusee.qc.ca\\\/en\\\/auction\\\/\",\"name\":\"Auction &#8211; \u00c9comus\u00e9e du fier monde\",\"isPartOf\":{\"@id\":\"https:\\\/\\\/ecomusee.qc.ca\\\/en\\\/#website\"},\"primaryImageOfPage\":{\"@id\":\"https:\\\/\\\/ecomusee.qc.ca\\\/en\\\/auction\\\/#primaryimage\"},\"image\":{\"@id\":\"https:\\\/\\\/ecomusee.qc.ca\\\/en\\\/auction\\\/#primaryimage\"},\"thumbnailUrl\":\"https:\\\/\\\/ecomusee.qc.ca\\\/wp-content\\\/uploads\\\/2026\\\/03\\\/photodaphneebouchard2024-16-e1773949396151.jpg\",\"datePublished\":\"2026-02-19T14:49:41+00:00\",\"dateModified\":\"2026-04-16T19:45:02+00:00\",\"description\":\"Since 2001, the \u00c9comus\u00e9e du fier monde annually organizes a benefit auction, profits from which allow it to continue its activities. Each year, around sixty works of art are put up for auction.\",\"breadcrumb\":{\"@id\":\"https:\\\/\\\/ecomusee.qc.ca\\\/en\\\/auction\\\/#breadcrumb\"},\"inLanguage\":\"en-US\",\"potentialAction\":[{\"@type\":\"ReadAction\",\"target\":[\"https:\\\/\\\/ecomusee.qc.ca\\\/en\\\/auction\\\/\"]}]},{\"@type\":\"ImageObject\",\"inLanguage\":\"en-US\",\"@id\":\"https:\\\/\\\/ecomusee.qc.ca\\\/en\\\/auction\\\/#primaryimage\",\"url\":\"https:\\\/\\\/ecomusee.qc.ca\\\/wp-content\\\/uploads\\\/2026\\\/03\\\/photodaphneebouchard2024-16-e1773949396151.jpg\",\"contentUrl\":\"https:\\\/\\\/ecomusee.qc.ca\\\/wp-content\\\/uploads\\\/2026\\\/03\\\/photodaphneebouchard2024-16-e1773949396151.jpg\",\"width\":2560,\"height\":1620},{\"@type\":\"BreadcrumbList\",\"@id\":\"https:\\\/\\\/ecomusee.qc.ca\\\/en\\\/auction\\\/#breadcrumb\",\"itemListElement\":[{\"@type\":\"ListItem\",\"position\":1,\"name\":\"Home\",\"item\":\"https:\\\/\\\/ecomusee.qc.ca\\\/en\\\/\"},{\"@type\":\"ListItem\",\"position\":2,\"name\":\"Auction\"}]},{\"@type\":\"WebSite\",\"@id\":\"https:\\\/\\\/ecomusee.qc.ca\\\/en\\\/#website\",\"url\":\"https:\\\/\\\/ecomusee.qc.ca\\\/en\\\/\",\"name\":\"\u00c9comus\u00e9e du fier monde\",\"description\":\"History &amp; community museum\",\"publisher\":{\"@id\":\"https:\\\/\\\/ecomusee.qc.ca\\\/en\\\/#organization\"},\"potentialAction\":[{\"@type\":\"SearchAction\",\"target\":{\"@type\":\"EntryPoint\",\"urlTemplate\":\"https:\\\/\\\/ecomusee.qc.ca\\\/en\\\/?s={search_term_string}\"},\"query-input\":{\"@type\":\"PropertyValueSpecification\",\"valueRequired\":true,\"valueName\":\"search_term_string\"}}],\"inLanguage\":\"en-US\"},{\"@type\":\"Organization\",\"@id\":\"https:\\\/\\\/ecomusee.qc.ca\\\/en\\\/#organization\",\"name\":\"\u00c9comus\u00e9e du fier monde\",\"url\":\"https:\\\/\\\/ecomusee.qc.ca\\\/en\\\/\",\"logo\":{\"@type\":\"ImageObject\",\"inLanguage\":\"en-US\",\"@id\":\"https:\\\/\\\/ecomusee.qc.ca\\\/en\\\/#\\\/schema\\\/logo\\\/image\\\/\",\"url\":\"https:\\\/\\\/ecomusee.qc.ca\\\/wp-content\\\/uploads\\\/2026\\\/04\\\/emfm-logo-rvb-horizontal-noir.png\",\"contentUrl\":\"https:\\\/\\\/ecomusee.qc.ca\\\/wp-content\\\/uploads\\\/2026\\\/04\\\/emfm-logo-rvb-horizontal-noir.png\",\"width\":2205,\"height\":444,\"caption\":\"\u00c9comus\u00e9e du fier monde\"},\"image\":{\"@id\":\"https:\\\/\\\/ecomusee.qc.ca\\\/en\\\/#\\\/schema\\\/logo\\\/image\\\/\"},\"sameAs\":[\"https:\\\/\\\/www.facebook.com\\\/Ecomuseedufiermonde\",\"https:\\\/\\\/www.instagram.com\\\/ecomusee.dufiermonde\\\/\",\"https:\\\/\\\/bsky.app\\\/profile\\\/ecomuseefiermonde.bsky.social\",\"https:\\\/\\\/www.youtube.com\\\/Ecomuseedufiermonde\",\"https:\\\/\\\/www.linkedin.com\\\/company\\\/comuse-du-fier-monde?originalSubdomain=ca\"]}]}<\/script>\n<!-- \/ Yoast SEO plugin. -->","yoast_head_json":{"title":"Auction &#8211; \u00c9comus\u00e9e du fier monde","description":"Since 2001, the \u00c9comus\u00e9e du fier monde annually organizes a benefit auction, profits from which allow it to continue its activities. Each year, around sixty works of art are put up for auction.","robots":{"index":"index","follow":"follow","max-snippet":"max-snippet:-1","max-image-preview":"max-image-preview:large","max-video-preview":"max-video-preview:-1"},"canonical":"https:\/\/ecomusee.qc.ca\/en\/auction\/","og_locale":"en_US","og_type":"article","og_title":"Auction &#8211; \u00c9comus\u00e9e du fier monde","og_description":"Since 2001, the \u00c9comus\u00e9e du fier monde annually organizes a benefit auction, profits from which allow it to continue its activities. Each year, around sixty works of art are put up for auction.","og_url":"https:\/\/ecomusee.qc.ca\/en\/auction\/","og_site_name":"\u00c9comus\u00e9e du fier monde","article_publisher":"https:\/\/www.facebook.com\/Ecomuseedufiermonde","article_modified_time":"2026-04-16T19:45:02+00:00","og_image":[{"width":2560,"height":1620,"url":"https:\/\/ecomusee.qc.ca\/wp-content\/uploads\/2026\/03\/photodaphneebouchard2024-16-e1773949396151.jpg","type":"image\/jpeg"}],"twitter_card":"summary_large_image","twitter_misc":{"Est. reading time":"1 minute"},"schema":{"@context":"https:\/\/schema.org","@graph":[{"@type":"WebPage","@id":"https:\/\/ecomusee.qc.ca\/en\/auction\/","url":"https:\/\/ecomusee.qc.ca\/en\/auction\/","name":"Auction &#8211; \u00c9comus\u00e9e du fier monde","isPartOf":{"@id":"https:\/\/ecomusee.qc.ca\/en\/#website"},"primaryImageOfPage":{"@id":"https:\/\/ecomusee.qc.ca\/en\/auction\/#primaryimage"},"image":{"@id":"https:\/\/ecomusee.qc.ca\/en\/auction\/#primaryimage"},"thumbnailUrl":"https:\/\/ecomusee.qc.ca\/wp-content\/uploads\/2026\/03\/photodaphneebouchard2024-16-e1773949396151.jpg","datePublished":"2026-02-19T14:49:41+00:00","dateModified":"2026-04-16T19:45:02+00:00","description":"Since 2001, the \u00c9comus\u00e9e du fier monde annually organizes a benefit auction, profits from which allow it to continue its activities. Each year, around sixty works of art are put up for auction.","breadcrumb":{"@id":"https:\/\/ecomusee.qc.ca\/en\/auction\/#breadcrumb"},"inLanguage":"en-US","potentialAction":[{"@type":"ReadAction","target":["https:\/\/ecomusee.qc.ca\/en\/auction\/"]}]},{"@type":"ImageObject","inLanguage":"en-US","@id":"https:\/\/ecomusee.qc.ca\/en\/auction\/#primaryimage","url":"https:\/\/ecomusee.qc.ca\/wp-content\/uploads\/2026\/03\/photodaphneebouchard2024-16-e1773949396151.jpg","contentUrl":"https:\/\/ecomusee.qc.ca\/wp-content\/uploads\/2026\/03\/photodaphneebouchard2024-16-e1773949396151.jpg","width":2560,"height":1620},{"@type":"BreadcrumbList","@id":"https:\/\/ecomusee.qc.ca\/en\/auction\/#breadcrumb","itemListElement":[{"@type":"ListItem","position":1,"name":"Home","item":"https:\/\/ecomusee.qc.ca\/en\/"},{"@type":"ListItem","position":2,"name":"Auction"}]},{"@type":"WebSite","@id":"https:\/\/ecomusee.qc.ca\/en\/#website","url":"https:\/\/ecomusee.qc.ca\/en\/","name":"\u00c9comus\u00e9e du fier monde","description":"History &amp; community museum","publisher":{"@id":"https:\/\/ecomusee.qc.ca\/en\/#organization"},"potentialAction":[{"@type":"SearchAction","target":{"@type":"EntryPoint","urlTemplate":"https:\/\/ecomusee.qc.ca\/en\/?s={search_term_string}"},"query-input":{"@type":"PropertyValueSpecification","valueRequired":true,"valueName":"search_term_string"}}],"inLanguage":"en-US"},{"@type":"Organization","@id":"https:\/\/ecomusee.qc.ca\/en\/#organization","name":"\u00c9comus\u00e9e du fier monde","url":"https:\/\/ecomusee.qc.ca\/en\/","logo":{"@type":"ImageObject","inLanguage":"en-US","@id":"https:\/\/ecomusee.qc.ca\/en\/#\/schema\/logo\/image\/","url":"https:\/\/ecomusee.qc.ca\/wp-content\/uploads\/2026\/04\/emfm-logo-rvb-horizontal-noir.png","contentUrl":"https:\/\/ecomusee.qc.ca\/wp-content\/uploads\/2026\/04\/emfm-logo-rvb-horizontal-noir.png","width":2205,"height":444,"caption":"\u00c9comus\u00e9e du fier monde"},"image":{"@id":"https:\/\/ecomusee.qc.ca\/en\/#\/schema\/logo\/image\/"},"sameAs":["https:\/\/www.facebook.com\/Ecomuseedufiermonde","https:\/\/www.instagram.com\/ecomusee.dufiermonde\/","https:\/\/bsky.app\/profile\/ecomuseefiermonde.bsky.social","https:\/\/www.youtube.com\/Ecomuseedufiermonde","https:\/\/www.linkedin.com\/company\/comuse-du-fier-monde?originalSubdomain=ca"]}]}},"_links":{"self":[{"href":"https:\/\/ecomusee.qc.ca\/en\/wp-json\/wp\/v2\/pages\/1710","targetHints":{"allow":["GET"]}}],"collection":[{"href":"https:\/\/ecomusee.qc.ca\/en\/wp-json\/wp\/v2\/pages"}],"about":[{"href":"https:\/\/ecomusee.qc.ca\/en\/wp-json\/wp\/v2\/types\/page"}],"author":[{"embeddable":true,"href":"https:\/\/ecomusee.qc.ca\/en\/wp-json\/wp\/v2\/users\/1"}],"replies":[{"embeddable":true,"href":"https:\/\/ecomusee.qc.ca\/en\/wp-json\/wp\/v2\/comments?post=1710"}],"version-history":[{"count":11,"href":"https:\/\/ecomusee.qc.ca\/en\/wp-json\/wp\/v2\/pages\/1710\/revisions"}],"predecessor-version":[{"id":2547,"href":"https:\/\/ecomusee.qc.ca\/en\/wp-json\/wp\/v2\/pages\/1710\/revisions\/2547"}],"wp:featuredmedia":[{"embeddable":true,"href":"https:\/\/ecomusee.qc.ca\/en\/wp-json\/wp\/v2\/media\/1709"}],"wp:attachment":[{"href":"https:\/\/ecomusee.qc.ca\/en\/wp-json\/wp\/v2\/media?parent=1710"}],"curies":[{"name":"wp","href":"https:\/\/api.w.org\/{rel}","templated":true}]}}