{"id":1690,"date":"2026-01-20T14:12:39","date_gmt":"2026-01-20T19:12:39","guid":{"rendered":"https:\/\/ecomusee.qc.ca\/accueil\/"},"modified":"2026-04-15T16:32:17","modified_gmt":"2026-04-15T20:32:17","slug":"accueil","status":"publish","type":"page","link":"https:\/\/ecomusee.qc.ca\/en\/","title":{"rendered":"Accueil"},"content":{"rendered":"<div class=\"htb htb-hero-accueil   default-margin-top  default-margin-bottom  htb-uid-1 \" >\n\t<div class=\"spacer-menu\"><\/div>\n\t<div class=\"container-fluid\">\n\t\t<div class=\"row\">\n\t\t\t<div class=\"col-12 \">\n\t\t\t\t<div class=\"ico-box\">\n\t\t\t\t\t<div class=\"ico-parallax ico-1\" data-aos=\"fade\" data-aos-delay=\"500\">\n\t\t\t\t\t\t<img decoding=\"async\" data-rellax-speed=\"2\" data-rellax-percentage=\"1\" src=\"https:\/\/ecomusee.qc.ca\/wp-content\/uploads\/2026\/02\/hero-icon-2.svg\" alt=\"\" class=\"img-fluid rellax\">\n\t\t\t\t\t<\/div>\n\t\t\t\t\t<div class=\"ico-parallax ico-2\" data-aos=\"fade\" data-aos-delay=\"600\">\n\t\t\t\t\t\t<img decoding=\"async\" data-rellax-speed=\"1\" data-rellax-percentage=\"1\" src=\"https:\/\/ecomusee.qc.ca\/wp-content\/uploads\/2026\/02\/hero-icon-1.svg\" alt=\"\" class=\"img-fluid rellax\">\n\t\t\t\t\t<\/div>\n\t\t\t\t\t<div class=\"ico-parallax ico-3\" data-aos=\"fade\" data-aos-delay=\"700\">\n\t\t\t\t\t\t<img decoding=\"async\" data-rellax-speed=\"1.2\" data-rellax-percentage=\"1.2\" src=\"https:\/\/ecomusee.qc.ca\/wp-content\/uploads\/2026\/02\/hero-icon.svg\" alt=\"\" class=\"img-fluid rellax\">\n\t\t\t\t\t<\/div>\n\t\t\t\t<\/div>\n\t\t\t\t<div class=\"content-box\">\n\t\t\t\t\t<div class=\"title-box-hero\" data-aos=\"fade\" data-aos-delay=\"200\">\n\t\t\t\t\t\t\t\t<h1 >Your living museum, in the heart of Centre-Sud<\/h1>\n\t\t\t\t\t\t<\/div>\n\t\t\t\t\t<div class=\"content-top\"  data-aos=\"fade\" data-aos-delay=\"300\">\n\t\t\t\t\t\t\t<div class=\"btn-box\">\t<a class=\"btn btn-primary\" href=\"https:\/\/ecomusee.qc.ca\/en\/hours-rates-and-location\/\" target=\"\" title=\"Hours, rates and location\"  ><span><span>Plan your visit<\/span><\/span><\/a>\n\t<\/div>\t\t\t\t\t\t\t\t\t\t\t\t\t<div class=\"heures-box\">Open Wednesday through Sunday from 10 a.m. to 5 p.m.<\/div>\n\t\t\t\t\t\t\t\t\t\t\t<\/div>\n\t\t\t\t\t<div class=\"img-box\" data-aos=\"fade\" data-aos-delay=\"400\">\n\t\t\t\t\t\t<img decoding=\"async\" src=\"https:\/\/ecomusee.qc.ca\/wp-content\/uploads\/2026\/03\/image.jpg\" alt=\"\" class=\"img-fluid\" data-credit=\"Eva Blue\">\n\t\t\t\t\t<\/div>\n\t\t\t\t\t\t\t\t\t\t\t<div class=\"text-content\"><p>The \u00c9comus\u00e9e du fier monde is a history museum that promotes grassroots involvement. You are invited to explore little known facets of Montr\u00e9al culture. Discover the daily life of the working class and follow the inspiring journeys of grassroots groups. <\/p>\n<p>Visit the \u00c9comus\u00e9e exhibitions and the former G\u00e9n\u00e9reux public bath, a magnificent example of 1920s architecture.<\/p>\n<\/div>\n\t\t\t\t\t\n\t\t\t\t<\/div>\n\t\t\t<\/div>\n\t\t<\/div>\n\t<\/div>\n<\/div>\n\n\n<div class=\"htb htb-liste-posts-simple   default-margin-top  default-margin-bottom  bg-color color-none  htb-uid-2 \" >\n\t\t<div class=\"container-xxl htb_intro_container\">\n\t\t<div class=\"row justify-content-center\">\n\t\t\t<div class=\"col-xl-8 col-xxxl-6 col-intro\">\n\t\t\t\t\t\t\t\t\t<div class=\"title-box\" data-aos=\"fade-zoom-in\" data-aos-easing=\"ease-in-back\" data-aos-delay=\"50\" data-aos-offset=\"0\">\n\t\t\t\t\t\t\t\t<h2 >What\u2019s on<\/h2>\n\t\t\t\t\t\t<\/div>\n\t\t\t\t\t\t\t\t\t\t\t\t<div class=\"bts-box\"><\/div>\n\t\t\t<\/div>\n\t\t<\/div>\n\t<\/div>\n\t<div class=\"container-fluid\">\n\t\t<div class=\"row posts-container\">\n\t\t\t\t\t\t\t<div class=\"btn-box\">\t<a class=\"btn btn-primary\" href=\"https:\/\/ecomusee.qc.ca\/en\/programmation\" target=\"\" title=\"Program\"  ><span><span>See the full program<\/span><\/span><\/a>\n\t<\/div>\t\t<\/div>\n\t<\/div>\n<\/div>\n\n\n<div class=\"htb htb-grille-cta_card   default-margin-top  default-margin-bottom  bg-color color-none  htb-uid-6 \" >\n\t<div class=\"container-xxl\">\n\t\t\t<div class=\"container-xxl htb_intro_container\">\n\t\t<div class=\"row justify-content-center\">\n\t\t\t<div class=\"col-xl-8 col-xxxl-6 col-intro\">\n\t\t\t\t\t\t\t\t\t<div class=\"title-box\" data-aos=\"fade-zoom-in\" data-aos-easing=\"ease-in-back\" data-aos-delay=\"50\" data-aos-offset=\"0\">\n\t\t\t\t\t\t\t\t<h2 >Your visit to the \u00c9comus\u00e9e<\/h2>\n\t\t\t\t\t\t<\/div>\n\t\t\t\t\t\t\t\t\t\t\t\t<div class=\"bts-box\"><\/div>\n\t\t\t<\/div>\n\t\t<\/div>\n\t<\/div>\n\t\t<div class=\"row\">\n\t\t\t\n\n<div class=\"htb htb-cta_card \" >\n\t<div class=\"card-color-bg   default-margin-top  default-margin-bottom  bg-color color-beige  htb-uid-3 \">\n\t\t\t\t\t<a href=\"https:\/\/ecomusee.qc.ca\/horaire-tarifs-et-localisation\/\" class=\"link-over\" aria-label=\"Learn more\"><\/a>\n\t\t\t\t<div class=\"content-box\">\n\t\t\t<div class=\"title-txt-box\">\n\t\t\t\t\t\t\t\t\t<div class=\"fa-box\">\n\t\t\t\t\t\t<i class='fa-solid fa-calendar-days'><\/i>\t\t\t\t\t<\/div>\n\t\t\t\t\t\t\t\t\t\t<h3 >Useful information<\/h3>\n\t\t\t\t\t<p><span style=\"font-weight: 400;\">Plan your visit to the \u00c9comus\u00e9e. We look forward to welcoming you!  <\/span><\/p>\n\t\t\t<\/div>\n\t\t\t\t\t\t\t<div class=\"bts-box\">\n\t\t\t\t\t<div class=\"bt-special\">\n\t\t\t\t\t\t\t\t\t\t\t\t<span class=\"btn-cta\" aria-hidden=\"true\">Learn more<\/span>\n\t\t\t\t\t<\/div>\n\t\t\t\t<\/div>\n\t\t\t\t\t<\/div>\n\t<\/div>\n<\/div>\n\n\n\n<div class=\"htb htb-cta_card \" >\n\t<div class=\"card-color-bg   default-margin-top  default-margin-bottom  bg-color color-vert  htb-uid-4 \">\n\t\t\t\t\t<a href=\"https:\/\/ecomusee.qc.ca\/programmes-educatifs-et-de-mediation\/\" class=\"link-over\" aria-label=\"Learn more\"><\/a>\n\t\t\t\t<div class=\"content-box\">\n\t\t\t<div class=\"title-txt-box\">\n\t\t\t\t\t\t\t\t\t<div class=\"fa-box\">\n\t\t\t\t\t\t<i class='fa-solid fa-star'><\/i>\t\t\t\t\t<\/div>\n\t\t\t\t\t\t\t\t\t\t<h3 >Educational programs and mediation activities<\/h3>\n\t\t\t\t\t<p><span style=\"font-weight: 400;\">Learning and exploring at the \u00c9comus\u00e9e! <\/span><\/p>\n\t\t\t<\/div>\n\t\t\t\t\t\t\t<div class=\"bts-box\">\n\t\t\t\t\t<div class=\"bt-special\">\n\t\t\t\t\t\t\t\t\t\t\t\t<span class=\"btn-cta\" aria-hidden=\"true\">Learn more<\/span>\n\t\t\t\t\t<\/div>\n\t\t\t\t<\/div>\n\t\t\t\t\t<\/div>\n\t<\/div>\n<\/div>\n\n\n\n<div class=\"htb htb-cta_card \" >\n\t<div class=\"card-color-bg   default-margin-top  default-margin-bottom  bg-color color-ocre  htb-uid-5 \">\n\t\t\t\t\t<a href=\"https:\/\/ecomusee.qc.ca\/accessibilite\/\" class=\"link-over\" aria-label=\"Learn more\"><\/a>\n\t\t\t\t<div class=\"content-box\">\n\t\t\t<div class=\"title-txt-box\">\n\t\t\t\t\t\t\t\t\t<div class=\"fa-box\">\n\t\t\t\t\t\t<i class='fa-solid fa-universal-access'><\/i>\t\t\t\t\t<\/div>\n\t\t\t\t\t\t\t\t\t\t<h3 >Our commitment to universal accessibility <\/h3>\n\t\t\t\t\t<p><span style=\"font-weight: 400;\">The \u00c9comus\u00e9e is committed to ensuring an inclusive visitor experience for all. <\/span><\/p>\n\t\t\t<\/div>\n\t\t\t\t\t\t\t<div class=\"bts-box\">\n\t\t\t\t\t<div class=\"bt-special\">\n\t\t\t\t\t\t\t\t\t\t\t\t<span class=\"btn-cta\" aria-hidden=\"true\">Learn more<\/span>\n\t\t\t\t\t<\/div>\n\t\t\t\t<\/div>\n\t\t\t\t\t<\/div>\n\t<\/div>\n<\/div>\n\n\n\t\t<\/div>\n\t<\/div>\n<\/div>\n\n\n<div class=\"htb htb-texte-image    default-margin-top  default-margin-bottom  bg-color color-ocre  htb-uid-7  pic_left\" >\n\t<div class=\"container-xxl\">\n\t\t<div class=\"row justify-content-center\">\n\t\t\t<div class=\"col-x4l-10\">\n\t\t\t\t<div class=\"row align-items-center\">\n\t\t\t\t\t<div class=\"col-md-5 col-image \">\n\t\t\t\t\t\t\t\t\t\t\t\t\t<div class=\"img-box\" data-aos=\"fade-zoom-in\" data-aos-easing=\"ease-in-back\"\t data-aos-delay=\"300\" data-aos-offset=\"0\">\n\t\t\t\t\t\t\t\t<img decoding=\"async\" src=\"https:\/\/ecomusee.qc.ca\/wp-content\/uploads\/2026\/03\/photodaphneebouchard2024-20-e1773859344289.jpg\" alt=\"\" class=\"img-fluid\" data-credit=\"Daphn\u00e9e Bouchard\">\n<!--\t\t\t\t\t\t\t\t<div class=\"credits-box\"><span>--><!--<\/span><\/div>-->\n\t\t\t\t\t\t\t<\/div>\n\t\t\t\t\t\t\t\t\t\t\t<\/div>\n\t\t\t\t\t<div class=\"col-md-6 col-text offset-md-1 \">\n\t\t\t\t\t\t<div class=\"content-box\" data-aos=\"fade\" data-aos-delay=\"450\">\n\t\t\t\t\t\t\t\t\t\t\t\t\t\t\t<div class=\"surtitre\"><span>Benefit auction<\/span><\/div>\n\t\t\t\t\t\t\t\t\t\t\t\t\t\t\t\t<h3 >Support our civic and cultural mandate by taking part in our annual auction!<\/h3>\n\t\t\t\t\t\t\t\t<p>Discover the pictorial works of Qu\u00e9b\u00e9cois and Canadian artists that have made a mark in the past decades.<\/p>\n\t\t\t\t\t\t\t<div class=\"bts-box\">\t\t<a class=\"btn btn-primary\" href=\"https:\/\/ecomusee.qc.ca\/programmation\/encan-benefice-2026\/\" target=\"\" title=\"Submission of works\"  ><span><span>Take part in the 2026 edition<\/span><\/span><\/a>\n\t<\/div>\n\t\t\t\t\t\t<\/div>\n\t\t\t\t\t<\/div>\n\t\t\t\t<\/div>\n\t\t\t<\/div>\n\t\t<\/div>\n\t<\/div>\n<\/div>\n\n\n<div class=\"htb htb-texte-image    default-margin-top  default-margin-bottom  bg-color color-none  htb-uid-8  pic_right\" >\n\t<div class=\"container-xxl\">\n\t\t<div class=\"row justify-content-center\">\n\t\t\t<div class=\"col-x4l-10\">\n\t\t\t\t<div class=\"row align-items-center\">\n\t\t\t\t\t<div class=\"col-md-5 col-image order-md-2 offset-md-1\">\n\t\t\t\t\t\t\t\t\t\t\t\t\t<div class=\"img-box\" data-aos=\"fade-zoom-in\" data-aos-easing=\"ease-in-back\"\t data-aos-delay=\"300\" data-aos-offset=\"0\">\n\t\t\t\t\t\t\t\t<img decoding=\"async\" src=\"https:\/\/ecomusee.qc.ca\/wp-content\/uploads\/2026\/03\/photodaphneebouchard2023-46-e1773781033467.jpg\" alt=\"Soir\u00e9e du vernissage de l'exposition B\u00e2tisseuses : 50 ans d'engagement des femmes du Centre-Sud\" class=\"img-fluid\" data-credit=\"Daphn\u00e9e Bouchard\">\n<!--\t\t\t\t\t\t\t\t<div class=\"credits-box\"><span>--><!--<\/span><\/div>-->\n\t\t\t\t\t\t\t<\/div>\n\t\t\t\t\t\t\t\t\t\t\t<\/div>\n\t\t\t\t\t<div class=\"col-md-6 col-text  order-1\">\n\t\t\t\t\t\t<div class=\"content-box\" data-aos=\"fade\" data-aos-delay=\"450\">\n\t\t\t\t\t\t\t\t\t\t\t\t\t\t\t\t<h3 >Your support is invaluable!<\/h3>\n\t\t\t\t\t\t\t\t<p>Supporting the \u00c9comus\u00e9e du fier monde means helping us carry out our vital mission.<\/p>\n\t\t\t\t\t\t\t<div class=\"bts-box\">\t\t<a class=\"btn btn-primary\" href=\"#\" target=\"\" title=\"\"  ><span><span>Support us<\/span><\/span><\/a>\n\t<\/div>\n\t\t\t\t\t\t<\/div>\n\t\t\t\t\t<\/div>\n\t\t\t\t<\/div>\n\t\t\t<\/div>\n\t\t<\/div>\n\t<\/div>\n<\/div>\n\n\n<div class=\"htb htb-liste-posts-simple   default-margin-top  default-margin-bottom  bg-color color-none  htb-uid-9 \" >\n\t\t<div class=\"container-xxl htb_intro_container\">\n\t\t<div class=\"row justify-content-center\">\n\t\t\t<div class=\"col-xl-8 col-xxxl-6 col-intro\">\n\t\t\t\t\t\t\t\t\t<div class=\"title-box\" data-aos=\"fade-zoom-in\" data-aos-easing=\"ease-in-back\" data-aos-delay=\"50\" data-aos-offset=\"0\">\n\t\t\t\t\t\t\t\t<h2 >Extra! Extra! Read all about it!<\/h2>\n\t\t\t\t\t\t<\/div>\n\t\t\t\t\t\t\t\t\t\t\t\t<div class=\"bts-box\"><\/div>\n\t\t\t<\/div>\n\t\t<\/div>\n\t<\/div>\n\t<div class=\"container-fluid\">\n\t\t<div class=\"row posts-container\">\n\t\t\t\t\t\t\t<article class=\"htb-post-list-item post-type-post \">\n\t<div class=\"contenu-box none\">\n\t\t<div class=\"content-img-box\">\n\t\t\t\t\t\t\t<div class=\"img-box\">\n\t\t\t\t\t<a href=\"https:\/\/ecomusee.qc.ca\/en\/2026\/04\/16\/all-the-livelong-day-the-joys-and-sorrows-of-life-in-a-working-class-neighbourhood-2\/\" class=\"imageMask\"><img decoding=\"async\" src=\"https:\/\/ecomusee.qc.ca\/wp-content\/uploads\/2026\/02\/photodaphneebouchard2024-41-e1774984174132.jpg\" alt=\"All the Livelong Day ! The Joys and Sorrows of life in a Working-Class Neighbourhood\" class=\"img-fluid\"><\/a>\n\t\t\t\t<\/div>\n\t\t\t\t\t\t<div class=\"content-in-box\">\n\t\t\t\t<div class=\"post-top-box\">\n\t\t\t\t\t<div class=\"categories-box\">\n\t\t\t\t\t\t<ul class='terms-list'><li class='term-item term-item-id-44 term-item-color-none'>Press release<\/li><\/ul>\t\t\t\t\t<\/div>\n\t\t\t\t\t<div class=\"title-box\">\n\t\t\t\t\t\t<span class=\"title-txt\">\n\t\t\t\t\t\t\t<a href=\"https:\/\/ecomusee.qc.ca\/en\/2026\/04\/16\/all-the-livelong-day-the-joys-and-sorrows-of-life-in-a-working-class-neighbourhood-2\/\">All the Livelong Day ! The Joys and Sorrows of life in a Working-Class Neighbourhood<\/a>\n\t\t\t\t\t\t<\/span>\n\t\t\t\t\t<\/div>\n\t\t\t\t\t<div class=\"date-box\">\n\t\t\t\t\t\t<span class=\"date-txt\">16\/04\/2026<\/span>\n\t\t\t\t\t<\/div>\n\t\t\t\t<\/div>\n<!--\t\t\t\t<div class=\"post-footer-box\">-->\n<!--\t\t\t\t\t<div class=\"bt-box\">-->\n<!--\t\t\t\t\t\t<a href=\"--><!--\" class=\"btn btn-primary\"><span>Lire<\/span><\/a>-->\n<!--\t\t\t\t\t<\/div>-->\n<!--\t\t\t\t<\/div>-->\n\t\t\t<\/div>\n\t\t<\/div>\n\t<\/div>\n<\/article>\n\n\t\t\t\t\t\t\t<article class=\"htb-post-list-item post-type-post \">\n\t<div class=\"contenu-box none\">\n\t\t<div class=\"content-img-box\">\n\t\t\t\t\t\t\t<div class=\"img-box\">\n\t\t\t\t\t<a href=\"https:\/\/ecomusee.qc.ca\/en\/2026\/02\/19\/all-the-livelong-day-the-joys-and-sorrows-of-life-in-a-working-class-neighbourhood\/\" class=\"imageMask\"><img decoding=\"async\" src=\"https:\/\/ecomusee.qc.ca\/wp-content\/uploads\/2026\/02\/i321.jpg\" alt=\"All the Livelong Day ! The Joys and Sorrows of life in a Working-Class Neighbourhood\" class=\"img-fluid\"><\/a>\n\t\t\t\t<\/div>\n\t\t\t\t\t\t<div class=\"content-in-box\">\n\t\t\t\t<div class=\"post-top-box\">\n\t\t\t\t\t<div class=\"categories-box\">\n\t\t\t\t\t\t<ul class='terms-list'><li class='term-item term-item-id-44 term-item-color-none'>Press release<\/li><\/ul>\t\t\t\t\t<\/div>\n\t\t\t\t\t<div class=\"title-box\">\n\t\t\t\t\t\t<span class=\"title-txt\">\n\t\t\t\t\t\t\t<a href=\"https:\/\/ecomusee.qc.ca\/en\/2026\/02\/19\/all-the-livelong-day-the-joys-and-sorrows-of-life-in-a-working-class-neighbourhood\/\">All the Livelong Day ! The Joys and Sorrows of life in a Working-Class Neighbourhood<\/a>\n\t\t\t\t\t\t<\/span>\n\t\t\t\t\t<\/div>\n\t\t\t\t\t<div class=\"date-box\">\n\t\t\t\t\t\t<span class=\"date-txt\">19\/02\/2026<\/span>\n\t\t\t\t\t<\/div>\n\t\t\t\t<\/div>\n<!--\t\t\t\t<div class=\"post-footer-box\">-->\n<!--\t\t\t\t\t<div class=\"bt-box\">-->\n<!--\t\t\t\t\t\t<a href=\"--><!--\" class=\"btn btn-primary\"><span>Lire<\/span><\/a>-->\n<!--\t\t\t\t\t<\/div>-->\n<!--\t\t\t\t<\/div>-->\n\t\t\t<\/div>\n\t\t<\/div>\n\t<\/div>\n<\/article>\n\n\t\t\t\t\t\t\t<div class=\"btn-box\">\t<a class=\"btn btn-primary\" href=\"#\" target=\"\" title=\"\"  ><span><span>See all news<\/span><\/span><\/a>\n\t<\/div>\t\t<\/div>\n\t<\/div>\n<\/div>","protected":false},"excerpt":{"rendered":"<p>The \u00c9comus\u00e9e du fier monde is a history museum that promotes grassroots involvement. You are invited to explore little known facets of Montr\u00e9al culture. Discover the daily life of the working class and follow the inspiring journeys of grassroots groups. <\/p>\n<p>Visit the \u00c9comus\u00e9e exhibitions and the former G\u00e9n\u00e9reux public bath, a magnificent example of 1920s architecture.<\/p>\n","protected":false},"author":1,"featured_media":2487,"parent":0,"menu_order":0,"comment_status":"closed","ping_status":"closed","template":"","meta":{"_acf_changed":false,"footnotes":""},"class_list":["post-1690","page","type-page","status-publish","has-post-thumbnail","hentry"],"acf":[],"yoast_head":"<!-- This site is optimized with the Yoast SEO plugin v27.4 - https:\/\/yoast.com\/product\/yoast-seo-wordpress\/ -->\n<title>\u00c9comus\u00e9e fier monde<\/title>\n<meta name=\"description\" content=\"The \u00c9comus\u00e9e du fier monde is a history museum that promotes grassroots involvement. You are invited to explore little known facets of Montr\u00e9al culture. Discover the daily life of the working class and follow the inspiring journeys of grassroots groups. Visit the \u00c9comus\u00e9e exhibitions and the former G\u00e9n\u00e9reux public bath, a magnificent example of 1920s architecture.\" \/>\n<meta name=\"robots\" content=\"index, follow, max-snippet:-1, max-image-preview:large, max-video-preview:-1\" \/>\n<link rel=\"canonical\" href=\"https:\/\/ecomusee.qc.ca\/en\/\" \/>\n<meta property=\"og:locale\" content=\"en_US\" \/>\n<meta property=\"og:type\" content=\"article\" \/>\n<meta property=\"og:title\" content=\"\u00c9comus\u00e9e fier monde\" \/>\n<meta property=\"og:description\" content=\"The \u00c9comus\u00e9e du fier monde is a history museum that promotes grassroots involvement. You are invited to explore little known facets of Montr\u00e9al culture. Discover the daily life of the working class and follow the inspiring journeys of grassroots groups. Visit the \u00c9comus\u00e9e exhibitions and the former G\u00e9n\u00e9reux public bath, a magnificent example of 1920s architecture.\" \/>\n<meta property=\"og:url\" content=\"https:\/\/ecomusee.qc.ca\/en\/\" \/>\n<meta property=\"og:site_name\" content=\"\u00c9comus\u00e9e du fier monde\" \/>\n<meta property=\"article:publisher\" content=\"https:\/\/www.facebook.com\/Ecomuseedufiermonde\" \/>\n<meta property=\"article:modified_time\" content=\"2026-04-15T20:32:17+00:00\" \/>\n<meta property=\"og:image\" content=\"https:\/\/ecomusee.qc.ca\/wp-content\/uploads\/2026\/04\/meta-fr-1.png\" \/>\n\t<meta property=\"og:image:width\" content=\"1200\" \/>\n\t<meta property=\"og:image:height\" content=\"630\" \/>\n\t<meta property=\"og:image:type\" content=\"image\/png\" \/>\n<meta name=\"twitter:card\" content=\"summary_large_image\" \/>\n<meta name=\"twitter:label1\" content=\"Est. reading time\" \/>\n\t<meta name=\"twitter:data1\" content=\"1 minute\" \/>\n<script type=\"application\/ld+json\" class=\"yoast-schema-graph\">{\"@context\":\"https:\\\/\\\/schema.org\",\"@graph\":[{\"@type\":\"WebPage\",\"@id\":\"https:\\\/\\\/ecomusee.qc.ca\\\/en\\\/\",\"url\":\"https:\\\/\\\/ecomusee.qc.ca\\\/en\\\/\",\"name\":\"\u00c9comus\u00e9e fier monde\",\"isPartOf\":{\"@id\":\"https:\\\/\\\/ecomusee.qc.ca\\\/en\\\/#website\"},\"primaryImageOfPage\":{\"@id\":\"https:\\\/\\\/ecomusee.qc.ca\\\/en\\\/#primaryimage\"},\"image\":{\"@id\":\"https:\\\/\\\/ecomusee.qc.ca\\\/en\\\/#primaryimage\"},\"thumbnailUrl\":\"https:\\\/\\\/ecomusee.qc.ca\\\/wp-content\\\/uploads\\\/2026\\\/04\\\/meta-fr-1.png\",\"datePublished\":\"2026-01-20T19:12:39+00:00\",\"dateModified\":\"2026-04-15T20:32:17+00:00\",\"description\":\"The \u00c9comus\u00e9e du fier monde is a history museum that promotes grassroots involvement. You are invited to explore little known facets of Montr\u00e9al culture. Discover the daily life of the working class and follow the inspiring journeys of grassroots groups. Visit the \u00c9comus\u00e9e exhibitions and the former G\u00e9n\u00e9reux public bath, a magnificent example of 1920s architecture.\",\"breadcrumb\":{\"@id\":\"https:\\\/\\\/ecomusee.qc.ca\\\/en\\\/#breadcrumb\"},\"inLanguage\":\"en-US\",\"potentialAction\":[{\"@type\":\"ReadAction\",\"target\":[\"https:\\\/\\\/ecomusee.qc.ca\\\/en\\\/\"]}]},{\"@type\":\"ImageObject\",\"inLanguage\":\"en-US\",\"@id\":\"https:\\\/\\\/ecomusee.qc.ca\\\/en\\\/#primaryimage\",\"url\":\"https:\\\/\\\/ecomusee.qc.ca\\\/wp-content\\\/uploads\\\/2026\\\/04\\\/meta-fr-1.png\",\"contentUrl\":\"https:\\\/\\\/ecomusee.qc.ca\\\/wp-content\\\/uploads\\\/2026\\\/04\\\/meta-fr-1.png\",\"width\":1200,\"height\":630},{\"@type\":\"BreadcrumbList\",\"@id\":\"https:\\\/\\\/ecomusee.qc.ca\\\/en\\\/#breadcrumb\",\"itemListElement\":[{\"@type\":\"ListItem\",\"position\":1,\"name\":\"Home\",\"item\":\"https:\\\/\\\/ecomusee.qc.ca\\\/en\\\/\"},{\"@type\":\"ListItem\",\"position\":2,\"name\":\"Accueil\"}]},{\"@type\":\"WebSite\",\"@id\":\"https:\\\/\\\/ecomusee.qc.ca\\\/en\\\/#website\",\"url\":\"https:\\\/\\\/ecomusee.qc.ca\\\/en\\\/\",\"name\":\"\u00c9comus\u00e9e du fier monde\",\"description\":\"History &amp; community museum\",\"publisher\":{\"@id\":\"https:\\\/\\\/ecomusee.qc.ca\\\/en\\\/#organization\"},\"potentialAction\":[{\"@type\":\"SearchAction\",\"target\":{\"@type\":\"EntryPoint\",\"urlTemplate\":\"https:\\\/\\\/ecomusee.qc.ca\\\/en\\\/?s={search_term_string}\"},\"query-input\":{\"@type\":\"PropertyValueSpecification\",\"valueRequired\":true,\"valueName\":\"search_term_string\"}}],\"inLanguage\":\"en-US\"},{\"@type\":\"Organization\",\"@id\":\"https:\\\/\\\/ecomusee.qc.ca\\\/en\\\/#organization\",\"name\":\"\u00c9comus\u00e9e du fier monde\",\"url\":\"https:\\\/\\\/ecomusee.qc.ca\\\/en\\\/\",\"logo\":{\"@type\":\"ImageObject\",\"inLanguage\":\"en-US\",\"@id\":\"https:\\\/\\\/ecomusee.qc.ca\\\/en\\\/#\\\/schema\\\/logo\\\/image\\\/\",\"url\":\"https:\\\/\\\/ecomusee.qc.ca\\\/wp-content\\\/uploads\\\/2026\\\/04\\\/emfm-logo-rvb-horizontal-noir.png\",\"contentUrl\":\"https:\\\/\\\/ecomusee.qc.ca\\\/wp-content\\\/uploads\\\/2026\\\/04\\\/emfm-logo-rvb-horizontal-noir.png\",\"width\":2205,\"height\":444,\"caption\":\"\u00c9comus\u00e9e du fier monde\"},\"image\":{\"@id\":\"https:\\\/\\\/ecomusee.qc.ca\\\/en\\\/#\\\/schema\\\/logo\\\/image\\\/\"},\"sameAs\":[\"https:\\\/\\\/www.facebook.com\\\/Ecomuseedufiermonde\",\"https:\\\/\\\/www.instagram.com\\\/ecomusee.dufiermonde\\\/\",\"https:\\\/\\\/bsky.app\\\/profile\\\/ecomuseefiermonde.bsky.social\",\"https:\\\/\\\/www.youtube.com\\\/Ecomuseedufiermonde\",\"https:\\\/\\\/www.linkedin.com\\\/company\\\/comuse-du-fier-monde?originalSubdomain=ca\"]}]}<\/script>\n<!-- \/ Yoast SEO plugin. -->","yoast_head_json":{"title":"\u00c9comus\u00e9e fier monde","description":"The \u00c9comus\u00e9e du fier monde is a history museum that promotes grassroots involvement. You are invited to explore little known facets of Montr\u00e9al culture. Discover the daily life of the working class and follow the inspiring journeys of grassroots groups. Visit the \u00c9comus\u00e9e exhibitions and the former G\u00e9n\u00e9reux public bath, a magnificent example of 1920s architecture.","robots":{"index":"index","follow":"follow","max-snippet":"max-snippet:-1","max-image-preview":"max-image-preview:large","max-video-preview":"max-video-preview:-1"},"canonical":"https:\/\/ecomusee.qc.ca\/en\/","og_locale":"en_US","og_type":"article","og_title":"\u00c9comus\u00e9e fier monde","og_description":"The \u00c9comus\u00e9e du fier monde is a history museum that promotes grassroots involvement. You are invited to explore little known facets of Montr\u00e9al culture. Discover the daily life of the working class and follow the inspiring journeys of grassroots groups. Visit the \u00c9comus\u00e9e exhibitions and the former G\u00e9n\u00e9reux public bath, a magnificent example of 1920s architecture.","og_url":"https:\/\/ecomusee.qc.ca\/en\/","og_site_name":"\u00c9comus\u00e9e du fier monde","article_publisher":"https:\/\/www.facebook.com\/Ecomuseedufiermonde","article_modified_time":"2026-04-15T20:32:17+00:00","og_image":[{"width":1200,"height":630,"url":"https:\/\/ecomusee.qc.ca\/wp-content\/uploads\/2026\/04\/meta-fr-1.png","type":"image\/png"}],"twitter_card":"summary_large_image","twitter_misc":{"Est. reading time":"1 minute"},"schema":{"@context":"https:\/\/schema.org","@graph":[{"@type":"WebPage","@id":"https:\/\/ecomusee.qc.ca\/en\/","url":"https:\/\/ecomusee.qc.ca\/en\/","name":"\u00c9comus\u00e9e fier monde","isPartOf":{"@id":"https:\/\/ecomusee.qc.ca\/en\/#website"},"primaryImageOfPage":{"@id":"https:\/\/ecomusee.qc.ca\/en\/#primaryimage"},"image":{"@id":"https:\/\/ecomusee.qc.ca\/en\/#primaryimage"},"thumbnailUrl":"https:\/\/ecomusee.qc.ca\/wp-content\/uploads\/2026\/04\/meta-fr-1.png","datePublished":"2026-01-20T19:12:39+00:00","dateModified":"2026-04-15T20:32:17+00:00","description":"The \u00c9comus\u00e9e du fier monde is a history museum that promotes grassroots involvement. You are invited to explore little known facets of Montr\u00e9al culture. Discover the daily life of the working class and follow the inspiring journeys of grassroots groups. Visit the \u00c9comus\u00e9e exhibitions and the former G\u00e9n\u00e9reux public bath, a magnificent example of 1920s architecture.","breadcrumb":{"@id":"https:\/\/ecomusee.qc.ca\/en\/#breadcrumb"},"inLanguage":"en-US","potentialAction":[{"@type":"ReadAction","target":["https:\/\/ecomusee.qc.ca\/en\/"]}]},{"@type":"ImageObject","inLanguage":"en-US","@id":"https:\/\/ecomusee.qc.ca\/en\/#primaryimage","url":"https:\/\/ecomusee.qc.ca\/wp-content\/uploads\/2026\/04\/meta-fr-1.png","contentUrl":"https:\/\/ecomusee.qc.ca\/wp-content\/uploads\/2026\/04\/meta-fr-1.png","width":1200,"height":630},{"@type":"BreadcrumbList","@id":"https:\/\/ecomusee.qc.ca\/en\/#breadcrumb","itemListElement":[{"@type":"ListItem","position":1,"name":"Home","item":"https:\/\/ecomusee.qc.ca\/en\/"},{"@type":"ListItem","position":2,"name":"Accueil"}]},{"@type":"WebSite","@id":"https:\/\/ecomusee.qc.ca\/en\/#website","url":"https:\/\/ecomusee.qc.ca\/en\/","name":"\u00c9comus\u00e9e du fier monde","description":"History &amp; community museum","publisher":{"@id":"https:\/\/ecomusee.qc.ca\/en\/#organization"},"potentialAction":[{"@type":"SearchAction","target":{"@type":"EntryPoint","urlTemplate":"https:\/\/ecomusee.qc.ca\/en\/?s={search_term_string}"},"query-input":{"@type":"PropertyValueSpecification","valueRequired":true,"valueName":"search_term_string"}}],"inLanguage":"en-US"},{"@type":"Organization","@id":"https:\/\/ecomusee.qc.ca\/en\/#organization","name":"\u00c9comus\u00e9e du fier monde","url":"https:\/\/ecomusee.qc.ca\/en\/","logo":{"@type":"ImageObject","inLanguage":"en-US","@id":"https:\/\/ecomusee.qc.ca\/en\/#\/schema\/logo\/image\/","url":"https:\/\/ecomusee.qc.ca\/wp-content\/uploads\/2026\/04\/emfm-logo-rvb-horizontal-noir.png","contentUrl":"https:\/\/ecomusee.qc.ca\/wp-content\/uploads\/2026\/04\/emfm-logo-rvb-horizontal-noir.png","width":2205,"height":444,"caption":"\u00c9comus\u00e9e du fier monde"},"image":{"@id":"https:\/\/ecomusee.qc.ca\/en\/#\/schema\/logo\/image\/"},"sameAs":["https:\/\/www.facebook.com\/Ecomuseedufiermonde","https:\/\/www.instagram.com\/ecomusee.dufiermonde\/","https:\/\/bsky.app\/profile\/ecomuseefiermonde.bsky.social","https:\/\/www.youtube.com\/Ecomuseedufiermonde","https:\/\/www.linkedin.com\/company\/comuse-du-fier-monde?originalSubdomain=ca"]}]}},"_links":{"self":[{"href":"https:\/\/ecomusee.qc.ca\/en\/wp-json\/wp\/v2\/pages\/1690","targetHints":{"allow":["GET"]}}],"collection":[{"href":"https:\/\/ecomusee.qc.ca\/en\/wp-json\/wp\/v2\/pages"}],"about":[{"href":"https:\/\/ecomusee.qc.ca\/en\/wp-json\/wp\/v2\/types\/page"}],"author":[{"embeddable":true,"href":"https:\/\/ecomusee.qc.ca\/en\/wp-json\/wp\/v2\/users\/1"}],"replies":[{"embeddable":true,"href":"https:\/\/ecomusee.qc.ca\/en\/wp-json\/wp\/v2\/comments?post=1690"}],"version-history":[{"count":13,"href":"https:\/\/ecomusee.qc.ca\/en\/wp-json\/wp\/v2\/pages\/1690\/revisions"}],"predecessor-version":[{"id":2489,"href":"https:\/\/ecomusee.qc.ca\/en\/wp-json\/wp\/v2\/pages\/1690\/revisions\/2489"}],"wp:featuredmedia":[{"embeddable":true,"href":"https:\/\/ecomusee.qc.ca\/en\/wp-json\/wp\/v2\/media\/2487"}],"wp:attachment":[{"href":"https:\/\/ecomusee.qc.ca\/en\/wp-json\/wp\/v2\/media?parent=1690"}],"curies":[{"name":"wp","href":"https:\/\/api.w.org\/{rel}","templated":true}]}}