{"id":1677,"date":"2026-02-10T10:10:05","date_gmt":"2026-02-10T15:10:05","guid":{"rendered":"https:\/\/ecomusee.qc.ca\/publications\/"},"modified":"2026-04-12T10:19:27","modified_gmt":"2026-04-12T14:19:27","slug":"publications","status":"publish","type":"page","link":"https:\/\/ecomusee.qc.ca\/en\/collections\/publications\/","title":{"rendered":"Publications"},"content":{"rendered":"<div class=\"htb htb-hero   default-margin-top  default-margin-bottom  bg-color color-none  htb-uid-1  nobotmarge\" >\n\t<div class=\"spacer-menu\"><\/div>\n\t<div class=\"container-fluid\">\n\t\t<div class=\"row\">\n\t\t\t<div class=\"col-12 \">\n\t\t\t\t<div class=\"content-box\">\n\t\t\t\t\t<div class=\"ico-cat-box\">\n\t\t\t\t\t\t<div class=\"ico-box\" data-aos=\"fade\" data-aos-delay=\"200\">\n\t\t\t\t\t\t\t<img decoding=\"async\" src=\"https:\/\/ecomusee.qc.ca\/wp-content\/uploads\/2026\/02\/ico-exemple2.svg\" alt=\"\" class=\"img-fluid\">\n\t\t\t\t\t\t<\/div>\n                                                \t\t\t\t\t<\/div>\n\n\t\t\t\t\t<div class=\"title-box-hero\" data-aos=\"fade\" data-aos-delay=\"300\">\n\t\t\t\t\t\t\t\t<h1 >Publications<\/h1>\n\t\t\t\t\t\t<\/div>\n\t\t\t\t\t\t\t\t\t\t\t<div class=\"text-content\"  data-aos=\"fade\" data-aos-delay=\"400\"><p>Since its inception, the \u00c9comus\u00e9e has produced publications on the history and heritage of the Centre-Sud region, in line with its programming and on its ecomuseum activities.<\/p>\n<\/div>\n\t\t\t\t\t\t\t\t\t\t<div class=\"content-top\"  data-aos=\"fade\" data-aos-delay=\"500\">\n\t\t\t\t\t\t\t\t\t\t\t\t\t\t\t\t\t<\/div>\n\t\t\t\t\t\t\t\t\t<\/div>\n\t\t\t<\/div>\n\t\t<\/div>\n\t<\/div>\n<\/div>\n<div class=\"htb htb-liste-nouvelles   default-margin-top  default-margin-bottom  bg-color color-none  htb-uid-2  \" >\n\t    <div class=\"container-fluid henri-posts-listing\"\n         data-pagesize=\"12\"\n         data-posttype=\"publications\"\n         data-itemfile=\"\/_blocks\/_partials\/publications_list_item.php\"\n         data-orderby=\"date\"\n         data-order=\"DESC\"\n         data-scroll=\"none\"\n         data-featuredtype=\"none\"\n         data-featuredbytaxonomy=\"none\"\n         data-featuredcount=\"0\"\n         data-groupbytaxonomy=\"none,name\"\n         data-addtaxonomytitles=\"none\"\n    >\n\t\t<div class=\"row row-filters\">\n\t\t\t<div class=\"col-12\">\n\t\t\t\t<div class=\"filters-all-box\">\n\t\t\t\t\t\t\t\t\t\t\t\t\t\t\t                    \t\t\t\t<\/div>\n                                \t\t\t\t<div class=\"cat-filters-box hpl-filter-menu\" data-filterby=\"publications-categories\" data-filtertype=\"taxonomy\" data-filtercumulative=\"false\" data-aos=\"fade\" data-aos-delay=\"0\">\n\t\t\t\t\t<div class=\"item\">\n\t\t\t\t\t\t<a href=\"#\" class=\"hpl-filter-menu-item selected\" data-value=\"all\">\n\t\t\t\t\t\t\t<span class=\"liste-txt\">Tout <span class=\"chiffre-txt\">(32)<\/span><\/span>\n\t\t\t\t\t\t<\/a>\n\t\t\t\t\t<\/div>\n\t\t\t\t\t\t\t\t\t\t\t\t\t\t\t\t\t<div class=\"item\">\n\t\t\t\t\t\t<a href=\"#\" class=\"hpl-filter-menu-item hpl-filter-menu-item-55 hpl-filter-menu-item-color-none\" data-value=\"available-in-bookstores\">\n\t\t\t\t\t\t\t<span class=\"liste-txt\">Available in bookstores <span class=\"chiffre-txt\">(3)<\/span><\/span>\n\t\t\t\t\t\t<\/a>\n\t\t\t\t\t\t<\/div>\t\t\t\t\t\t\t\t\t\t\t\t\t\t\t\t\t<div class=\"item\">\n\t\t\t\t\t\t<a href=\"#\" class=\"hpl-filter-menu-item hpl-filter-menu-item-53 hpl-filter-menu-item-color-none\" data-value=\"downloadable\">\n\t\t\t\t\t\t\t<span class=\"liste-txt\">Downloadable <span class=\"chiffre-txt\">(5)<\/span><\/span>\n\t\t\t\t\t\t<\/a>\n\t\t\t\t\t\t<\/div>\t\t\t\t\t\t\t\t\t\t\t\t\t\t\t\t\t<div class=\"item\">\n\t\t\t\t\t\t<a href=\"#\" class=\"hpl-filter-menu-item hpl-filter-menu-item-54 hpl-filter-menu-item-color-none\" data-value=\"on-sale-at-the-museum\">\n\t\t\t\t\t\t\t<span class=\"liste-txt\">On sale at the museum <span class=\"chiffre-txt\">(12)<\/span><\/span>\n\t\t\t\t\t\t<\/a>\n\t\t\t\t\t\t<\/div>\t\t\t\t\t\t\t\t\t<\/div>\n                \t\t\t<\/div>\n\n\t\t<\/div>\n\t\t<div class=\"row\">\n\t\t\t<div class=\"col-12\">\n\t\t\t\t<div class=\"grille-posts\">\n\t\t\t\t\t<div class=\"row\">\n\t\t\t\t\t\t<div class=\"col-12\">\n\t\t\t\t\t\t\t<div class=\"hpl-content row\">\n\t\t\t\t\t\t\t\t\t\t\t\t\t\t\t<\/div>\n\t\t\t\t\t\t\t                            <div class=\"hpl-loading hide\">\n                                <div class=\"hpl-loading-overlay\"><\/div>\n                                <div class=\"hpl-loading-content\">\n                                    <i class=\"fa-solid fa-spinner hpl-loading-icon\"><\/i>\n                                    <p class=\"hpl-loading-text\">Chargement&#8230;<\/p>\n                                <\/div>\n                            <\/div>\n\t\t\t\t\t\t\t\t\t\t\t\t\t\t<div class=\"hpl-noresults hide\">\n\t\t\t\t\t\t\t\t<p>Aucun r\u00e9sultat.<\/p>\n\t\t\t\t\t\t\t<\/div>\n\t\t\t\t\t\t\t<!--\t\t\t\t\t\t\t<div class=\"bt-page-actu\">-->\n<!--\t\t\t\t\t\t\t\t<a href=\"\/actualites\" class=\"btn btn-secondary\">Voir toutes les nouvelles<\/a>-->\n<!--\t\t\t\t\t\t\t<\/div>-->\n\t\t\t\t\t\t\t\t\t\t\t\t\t\t<div class=\"pagination-page-box hpl-hide-if-onepage\">\n\t\t\t\t\t\t\t\t<nav aria-label=\"Pagination\">\n\t\t\t\t\t\t\t\t\t<ul class=\"pagination\">\n\t\t\t\t\t\t\t\t\t\t<li class=\"page-item\">\n\t\t\t\t\t\t\t\t\t\t\t<a class=\"btn hpl-previous-page-btn\"><span class=\"fleche\"><\/span>\n\t\t\t\t\t\t\t\t\t\t\t\t<span class=\"sr-only\">Page pr\u00e9c\u00e9dente<\/span><\/a>\n\t\t\t\t\t\t\t\t\t\t<\/li>\n\t\t\t\t\t\t\t\t\t\t\t\t\t\t\t\t\t\t\t\t<li class=\"page-item page-numbers-item\">\n\t\t\t\t\t\t\t\t\t\t\t<div class=\"hpl-page-numbers-nav\"><\/div>\n\t\t\t\t\t\t\t\t\t\t<\/li>\n\t\t\t\t\t\t\t\t\t\t<li class=\"page-item\">\n\t\t\t\t\t\t\t\t\t\t\t<a class=\"btn hpl-next-page-btn\" href=\"#\"><span class=\"sr-only\">Page suivante <\/span><span class=\"fleche\"><\/span><\/a>\n\t\t\t\t\t\t\t\t\t\t<\/li>\n\t\t\t\t\t\t\t\t\t<\/ul>\n\t\t\t\t\t\t\t\t\t<ul class=\"pagination pagin-results\">\n\t\t\t\t\t\t\t\t\t\t<li class=\"page-item resultats-li \">R\u00e9sultats&nbsp;<span class=\"hpl-first-item-position\"><\/span>&nbsp;\u00e0&nbsp;<span class=\"hpl-last-item-position\"><\/span>&nbsp;de&nbsp;<span class=\"hpl-total-count\"><\/span>\n\t\t\t\t\t\t\t\t\t\t<\/li>\n\t\t\t\t\t\t\t\t\t<\/ul>\n\t\t\t\t\t\t\t\t<\/nav>\n\t\t\t\t\t\t\t<\/div>\n\t\t\t\t\t\t<\/div>\n\t\t\t\t\t<\/div>\n\t\t\t\t<\/div>\n\t\t\t<\/div>\n\t\t<\/div>\n\t<\/div>\n<\/div>\n<div class=\"htb htb-liste-posts-simple   default-margin-top  default-margin-bottom  bg-color color-none  htb-uid-3 \" >\n\t\t<div class=\"container-xxl htb_intro_container\">\n\t\t<div class=\"row justify-content-center\">\n\t\t\t<div class=\"col-xl-8 col-xxxl-6 col-intro\">\n\t\t\t\t\t\t\t\t\t<div class=\"title-box\" data-aos=\"fade-zoom-in\" data-aos-easing=\"ease-in-back\" data-aos-delay=\"50\" data-aos-offset=\"0\">\n\t\t\t\t\t\t\t\t<h2 >Extra! Extra! Read all about it!<\/h2>\n\t\t\t\t\t\t<\/div>\n\t\t\t\t\t\t\t\t\t\t\t\t<div class=\"bts-box\"><\/div>\n\t\t\t<\/div>\n\t\t<\/div>\n\t<\/div>\n\t<div class=\"container-fluid\">\n\t\t<div class=\"row posts-container\">\n\t\t\t\t\t\t\t<article class=\"htb-post-list-item post-type-post \">\n\t<div class=\"contenu-box none\">\n\t\t<div class=\"content-img-box\">\n\t\t\t\t\t\t\t<div class=\"img-box\">\n\t\t\t\t\t<a href=\"https:\/\/ecomusee.qc.ca\/en\/2026\/02\/19\/all-the-livelong-day-the-joys-and-sorrows-of-life-in-a-working-class-neighbourhood\/\" class=\"imageMask\"><img decoding=\"async\" src=\"https:\/\/ecomusee.qc.ca\/wp-content\/uploads\/2026\/02\/i321.jpg\" alt=\"All the Livelong Day ! The Joys and Sorrows of life in a Working-Class Neighbourhood\" class=\"img-fluid\"><\/a>\n\t\t\t\t<\/div>\n\t\t\t\t\t\t<div class=\"content-in-box\">\n\t\t\t\t<div class=\"post-top-box\">\n\t\t\t\t\t<div class=\"categories-box\">\n\t\t\t\t\t\t<ul class='terms-list'><li class='term-item term-item-id-44 term-item-color-none'>Press release<\/li><\/ul>\t\t\t\t\t<\/div>\n\t\t\t\t\t<div class=\"title-box\">\n\t\t\t\t\t\t<span class=\"title-txt\">\n\t\t\t\t\t\t\t<a href=\"https:\/\/ecomusee.qc.ca\/en\/2026\/02\/19\/all-the-livelong-day-the-joys-and-sorrows-of-life-in-a-working-class-neighbourhood\/\">All the Livelong Day ! The Joys and Sorrows of life in a Working-Class Neighbourhood<\/a>\n\t\t\t\t\t\t<\/span>\n\t\t\t\t\t<\/div>\n\t\t\t\t\t<div class=\"date-box\">\n\t\t\t\t\t\t<span class=\"date-txt\">19\/02\/2026<\/span>\n\t\t\t\t\t<\/div>\n\t\t\t\t<\/div>\n<!--\t\t\t\t<div class=\"post-footer-box\">-->\n<!--\t\t\t\t\t<div class=\"bt-box\">-->\n<!--\t\t\t\t\t\t<a href=\"--><!--\" class=\"btn btn-primary\"><span>Lire<\/span><\/a>-->\n<!--\t\t\t\t\t<\/div>-->\n<!--\t\t\t\t<\/div>-->\n\t\t\t<\/div>\n\t\t<\/div>\n\t<\/div>\n<\/article>\n\n\t\t\t\t\t\t\t<div class=\"btn-box\">\t<a class=\"btn btn-primary\" href=\"#\" target=\"\" title=\"\"  ><span><span>See all news<\/span><\/span><\/a>\n\t<\/div>\t\t<\/div>\n\t<\/div>\n<\/div>","protected":false},"excerpt":{"rendered":"","protected":false},"author":1,"featured_media":0,"parent":1744,"menu_order":0,"comment_status":"closed","ping_status":"closed","template":"","meta":{"_acf_changed":false,"footnotes":""},"class_list":["post-1677","page","type-page","status-publish","hentry"],"acf":[],"yoast_head":"<!-- This site is optimized with the Yoast SEO plugin v27.4 - https:\/\/yoast.com\/product\/yoast-seo-wordpress\/ -->\n<title>Publications &#8211; \u00c9comus\u00e9e du fier monde<\/title>\n<meta name=\"description\" content=\"Since its inception, the \u00c9comus\u00e9e has produced publications on the history and heritage of the Centre-Sud region, in line with its programming and on its ecomuseum activities.\" \/>\n<meta name=\"robots\" content=\"index, follow, max-snippet:-1, max-image-preview:large, max-video-preview:-1\" \/>\n<link rel=\"canonical\" href=\"https:\/\/ecomusee.qc.ca\/en\/collections\/publications\/\" \/>\n<meta property=\"og:locale\" content=\"en_US\" \/>\n<meta property=\"og:type\" content=\"article\" \/>\n<meta property=\"og:title\" content=\"Publications &#8211; \u00c9comus\u00e9e du fier monde\" \/>\n<meta property=\"og:description\" content=\"Since its inception, the \u00c9comus\u00e9e has produced publications on the history and heritage of the Centre-Sud region, in line with its programming and on its ecomuseum activities.\" \/>\n<meta property=\"og:url\" content=\"https:\/\/ecomusee.qc.ca\/en\/collections\/publications\/\" \/>\n<meta property=\"og:site_name\" content=\"\u00c9comus\u00e9e du fier monde\" \/>\n<meta property=\"article:publisher\" content=\"https:\/\/www.facebook.com\/Ecomuseedufiermonde\" \/>\n<meta property=\"article:modified_time\" content=\"2026-04-12T14:19:27+00:00\" \/>\n<meta property=\"og:image\" content=\"https:\/\/ecomusee.qc.ca\/wp-content\/uploads\/2026\/04\/meta-fr-1.png\" \/>\n\t<meta property=\"og:image:width\" content=\"1200\" \/>\n\t<meta property=\"og:image:height\" content=\"630\" \/>\n\t<meta property=\"og:image:type\" content=\"image\/png\" \/>\n<meta name=\"twitter:card\" content=\"summary_large_image\" \/>\n<script type=\"application\/ld+json\" class=\"yoast-schema-graph\">{\"@context\":\"https:\\\/\\\/schema.org\",\"@graph\":[{\"@type\":\"WebPage\",\"@id\":\"https:\\\/\\\/ecomusee.qc.ca\\\/en\\\/collections\\\/publications\\\/\",\"url\":\"https:\\\/\\\/ecomusee.qc.ca\\\/en\\\/collections\\\/publications\\\/\",\"name\":\"Publications &#8211; \u00c9comus\u00e9e du fier monde\",\"isPartOf\":{\"@id\":\"https:\\\/\\\/ecomusee.qc.ca\\\/en\\\/#website\"},\"datePublished\":\"2026-02-10T15:10:05+00:00\",\"dateModified\":\"2026-04-12T14:19:27+00:00\",\"description\":\"Since its inception, the \u00c9comus\u00e9e has produced publications on the history and heritage of the Centre-Sud region, in line with its programming and on its ecomuseum activities.\",\"breadcrumb\":{\"@id\":\"https:\\\/\\\/ecomusee.qc.ca\\\/en\\\/collections\\\/publications\\\/#breadcrumb\"},\"inLanguage\":\"en-US\",\"potentialAction\":[{\"@type\":\"ReadAction\",\"target\":[\"https:\\\/\\\/ecomusee.qc.ca\\\/en\\\/collections\\\/publications\\\/\"]}]},{\"@type\":\"BreadcrumbList\",\"@id\":\"https:\\\/\\\/ecomusee.qc.ca\\\/en\\\/collections\\\/publications\\\/#breadcrumb\",\"itemListElement\":[{\"@type\":\"ListItem\",\"position\":1,\"name\":\"Home\",\"item\":\"https:\\\/\\\/ecomusee.qc.ca\\\/en\\\/\"},{\"@type\":\"ListItem\",\"position\":2,\"name\":\"Our Collections\",\"item\":\"https:\\\/\\\/ecomusee.qc.ca\\\/en\\\/collections\\\/\"},{\"@type\":\"ListItem\",\"position\":3,\"name\":\"Publications\"}]},{\"@type\":\"WebSite\",\"@id\":\"https:\\\/\\\/ecomusee.qc.ca\\\/en\\\/#website\",\"url\":\"https:\\\/\\\/ecomusee.qc.ca\\\/en\\\/\",\"name\":\"\u00c9comus\u00e9e du fier monde\",\"description\":\"History &amp; community museum\",\"publisher\":{\"@id\":\"https:\\\/\\\/ecomusee.qc.ca\\\/en\\\/#organization\"},\"potentialAction\":[{\"@type\":\"SearchAction\",\"target\":{\"@type\":\"EntryPoint\",\"urlTemplate\":\"https:\\\/\\\/ecomusee.qc.ca\\\/en\\\/?s={search_term_string}\"},\"query-input\":{\"@type\":\"PropertyValueSpecification\",\"valueRequired\":true,\"valueName\":\"search_term_string\"}}],\"inLanguage\":\"en-US\"},{\"@type\":\"Organization\",\"@id\":\"https:\\\/\\\/ecomusee.qc.ca\\\/en\\\/#organization\",\"name\":\"\u00c9comus\u00e9e du fier monde\",\"url\":\"https:\\\/\\\/ecomusee.qc.ca\\\/en\\\/\",\"logo\":{\"@type\":\"ImageObject\",\"inLanguage\":\"en-US\",\"@id\":\"https:\\\/\\\/ecomusee.qc.ca\\\/en\\\/#\\\/schema\\\/logo\\\/image\\\/\",\"url\":\"https:\\\/\\\/ecomusee.qc.ca\\\/wp-content\\\/uploads\\\/2026\\\/04\\\/emfm-logo-rvb-horizontal-noir.png\",\"contentUrl\":\"https:\\\/\\\/ecomusee.qc.ca\\\/wp-content\\\/uploads\\\/2026\\\/04\\\/emfm-logo-rvb-horizontal-noir.png\",\"width\":2205,\"height\":444,\"caption\":\"\u00c9comus\u00e9e du fier monde\"},\"image\":{\"@id\":\"https:\\\/\\\/ecomusee.qc.ca\\\/en\\\/#\\\/schema\\\/logo\\\/image\\\/\"},\"sameAs\":[\"https:\\\/\\\/www.facebook.com\\\/Ecomuseedufiermonde\",\"https:\\\/\\\/www.instagram.com\\\/ecomusee.dufiermonde\\\/\",\"https:\\\/\\\/bsky.app\\\/profile\\\/ecomuseefiermonde.bsky.social\",\"https:\\\/\\\/www.youtube.com\\\/Ecomuseedufiermonde\",\"https:\\\/\\\/www.linkedin.com\\\/company\\\/comuse-du-fier-monde?originalSubdomain=ca\"]}]}<\/script>\n<!-- \/ Yoast SEO plugin. -->","yoast_head_json":{"title":"Publications &#8211; \u00c9comus\u00e9e du fier monde","description":"Since its inception, the \u00c9comus\u00e9e has produced publications on the history and heritage of the Centre-Sud region, in line with its programming and on its ecomuseum activities.","robots":{"index":"index","follow":"follow","max-snippet":"max-snippet:-1","max-image-preview":"max-image-preview:large","max-video-preview":"max-video-preview:-1"},"canonical":"https:\/\/ecomusee.qc.ca\/en\/collections\/publications\/","og_locale":"en_US","og_type":"article","og_title":"Publications &#8211; \u00c9comus\u00e9e du fier monde","og_description":"Since its inception, the \u00c9comus\u00e9e has produced publications on the history and heritage of the Centre-Sud region, in line with its programming and on its ecomuseum activities.","og_url":"https:\/\/ecomusee.qc.ca\/en\/collections\/publications\/","og_site_name":"\u00c9comus\u00e9e du fier monde","article_publisher":"https:\/\/www.facebook.com\/Ecomuseedufiermonde","article_modified_time":"2026-04-12T14:19:27+00:00","og_image":[{"width":1200,"height":630,"url":"https:\/\/ecomusee.qc.ca\/wp-content\/uploads\/2026\/04\/meta-fr-1.png","type":"image\/png"}],"twitter_card":"summary_large_image","schema":{"@context":"https:\/\/schema.org","@graph":[{"@type":"WebPage","@id":"https:\/\/ecomusee.qc.ca\/en\/collections\/publications\/","url":"https:\/\/ecomusee.qc.ca\/en\/collections\/publications\/","name":"Publications &#8211; \u00c9comus\u00e9e du fier monde","isPartOf":{"@id":"https:\/\/ecomusee.qc.ca\/en\/#website"},"datePublished":"2026-02-10T15:10:05+00:00","dateModified":"2026-04-12T14:19:27+00:00","description":"Since its inception, the \u00c9comus\u00e9e has produced publications on the history and heritage of the Centre-Sud region, in line with its programming and on its ecomuseum activities.","breadcrumb":{"@id":"https:\/\/ecomusee.qc.ca\/en\/collections\/publications\/#breadcrumb"},"inLanguage":"en-US","potentialAction":[{"@type":"ReadAction","target":["https:\/\/ecomusee.qc.ca\/en\/collections\/publications\/"]}]},{"@type":"BreadcrumbList","@id":"https:\/\/ecomusee.qc.ca\/en\/collections\/publications\/#breadcrumb","itemListElement":[{"@type":"ListItem","position":1,"name":"Home","item":"https:\/\/ecomusee.qc.ca\/en\/"},{"@type":"ListItem","position":2,"name":"Our Collections","item":"https:\/\/ecomusee.qc.ca\/en\/collections\/"},{"@type":"ListItem","position":3,"name":"Publications"}]},{"@type":"WebSite","@id":"https:\/\/ecomusee.qc.ca\/en\/#website","url":"https:\/\/ecomusee.qc.ca\/en\/","name":"\u00c9comus\u00e9e du fier monde","description":"History &amp; community museum","publisher":{"@id":"https:\/\/ecomusee.qc.ca\/en\/#organization"},"potentialAction":[{"@type":"SearchAction","target":{"@type":"EntryPoint","urlTemplate":"https:\/\/ecomusee.qc.ca\/en\/?s={search_term_string}"},"query-input":{"@type":"PropertyValueSpecification","valueRequired":true,"valueName":"search_term_string"}}],"inLanguage":"en-US"},{"@type":"Organization","@id":"https:\/\/ecomusee.qc.ca\/en\/#organization","name":"\u00c9comus\u00e9e du fier monde","url":"https:\/\/ecomusee.qc.ca\/en\/","logo":{"@type":"ImageObject","inLanguage":"en-US","@id":"https:\/\/ecomusee.qc.ca\/en\/#\/schema\/logo\/image\/","url":"https:\/\/ecomusee.qc.ca\/wp-content\/uploads\/2026\/04\/emfm-logo-rvb-horizontal-noir.png","contentUrl":"https:\/\/ecomusee.qc.ca\/wp-content\/uploads\/2026\/04\/emfm-logo-rvb-horizontal-noir.png","width":2205,"height":444,"caption":"\u00c9comus\u00e9e du fier monde"},"image":{"@id":"https:\/\/ecomusee.qc.ca\/en\/#\/schema\/logo\/image\/"},"sameAs":["https:\/\/www.facebook.com\/Ecomuseedufiermonde","https:\/\/www.instagram.com\/ecomusee.dufiermonde\/","https:\/\/bsky.app\/profile\/ecomuseefiermonde.bsky.social","https:\/\/www.youtube.com\/Ecomuseedufiermonde","https:\/\/www.linkedin.com\/company\/comuse-du-fier-monde?originalSubdomain=ca"]}]}},"_links":{"self":[{"href":"https:\/\/ecomusee.qc.ca\/en\/wp-json\/wp\/v2\/pages\/1677","targetHints":{"allow":["GET"]}}],"collection":[{"href":"https:\/\/ecomusee.qc.ca\/en\/wp-json\/wp\/v2\/pages"}],"about":[{"href":"https:\/\/ecomusee.qc.ca\/en\/wp-json\/wp\/v2\/types\/page"}],"author":[{"embeddable":true,"href":"https:\/\/ecomusee.qc.ca\/en\/wp-json\/wp\/v2\/users\/1"}],"replies":[{"embeddable":true,"href":"https:\/\/ecomusee.qc.ca\/en\/wp-json\/wp\/v2\/comments?post=1677"}],"version-history":[{"count":1,"href":"https:\/\/ecomusee.qc.ca\/en\/wp-json\/wp\/v2\/pages\/1677\/revisions"}],"predecessor-version":[{"id":1678,"href":"https:\/\/ecomusee.qc.ca\/en\/wp-json\/wp\/v2\/pages\/1677\/revisions\/1678"}],"up":[{"embeddable":true,"href":"https:\/\/ecomusee.qc.ca\/en\/wp-json\/wp\/v2\/pages\/1744"}],"wp:attachment":[{"href":"https:\/\/ecomusee.qc.ca\/en\/wp-json\/wp\/v2\/media?parent=1677"}],"curies":[{"name":"wp","href":"https:\/\/api.w.org\/{rel}","templated":true}]}}